{"id":21080,"date":"2023-10-11T22:01:59","date_gmt":"2023-10-11T20:01:59","guid":{"rendered":"https:\/\/bestvision.immo\/condicoes-de-utilizacao\/"},"modified":"2023-10-11T22:30:08","modified_gmt":"2023-10-11T20:30:08","slug":"condicoes-de-uso","status":"publish","type":"page","link":"https:\/\/bestvision.immo\/pt-pt\/sobre-nos\/condicoes-de-uso\/","title":{"rendered":"Condi\u00e7\u00f5es de Uso"},"content":{"rendered":"\n<p><strong>Regras e defini\u00e7\u00f5es gerais<\/strong><\/p>\n\n\n\n<p>Ao utilizar os servi\u00e7os vinculados ao site Best Vision Group (doravante denominados \u2018os servi\u00e7os\u2019 ou \u2018o servi\u00e7o\u2019), o usu\u00e1rio dever\u00e1 cumprir as condi\u00e7\u00f5es e termos de uso abaixo indicados.<br>Estas condi\u00e7\u00f5es aplicam-se ao Best Vision Group, titular do t\u00edtulo Best Vision Group e administrador dos conte\u00fados do site e dos servi\u00e7os relacionados.<\/p>\n\n\n\n<p>O Grupo Best Vision reserva-se o direito de modificar, adicionar ou remover partes destas condi\u00e7\u00f5es, informando os interessados atrav\u00e9s da publica\u00e7\u00e3o das altera\u00e7\u00f5es no site diretamente ou por email.<br>\u00c9 necess\u00e1rio que cada utilizador verifique periodicamente estas condi\u00e7\u00f5es para determinar as altera\u00e7\u00f5es ocorridas ap\u00f3s a \u00faltima visita ao site.<br>Em qualquer caso, a utiliza\u00e7\u00e3o do site e dos seus servi\u00e7os implica a aceita\u00e7\u00e3o das altera\u00e7\u00f5es entretanto ocorridas.<\/p>\n\n\n\n<p>Caso as altera\u00e7\u00f5es n\u00e3o sejam aceites, o utilizador poder\u00e1 cancelar a sua conta a qualquer momento, escrevendo para info@bestvision.group ou enviando uma carta certificada com aviso de recep\u00e7\u00e3o dirigida ao Best Vision Group, sem preju\u00edzo de que a continua\u00e7\u00e3o da utiliza\u00e7\u00e3o dos servi\u00e7os implique a aceita\u00e7\u00e3o dos mesmos. as novas condi\u00e7\u00f5es.<\/p>\n\n\n\n<p>O Best Vision Group reserva-se o direito de modificar, suspender ou mesmo interromper parcialmente os servi\u00e7os, incluindo o acesso \u00e0 base de dados ou conte\u00fado. O Best Vision Group tamb\u00e9m poder\u00e1 introduzir restri\u00e7\u00f5es de acesso ou servi\u00e7o, no todo ou em parte, sem aviso pr\u00e9vio e sem assumir responsabilidade por tal limita\u00e7\u00e3o de servi\u00e7o.<\/p>\n\n\n\n<p><strong>Conte\u00fado e servi\u00e7os do site bestvision.group e utiliza\u00e7\u00e3o pelos usu\u00e1rios<\/strong><\/p>\n\n\n\n<p>Os conte\u00fados e servi\u00e7os do site bestvision.group destinam-se ao uso pessoal e n\u00e3o profissional.<br>Todos os materiais publicados no site (incluindo, por exemplo, artigos informativos, fotografias, imagens, ilustra\u00e7\u00f5es, grava\u00e7\u00f5es de \u00e1udio e\/ou v\u00eddeo, doravante tamb\u00e9m denominados \u2018conte\u00fado\u2019) s\u00e3o protegidos por leis de direitos autorais e s\u00e3o propriedade do editor ou de aqueles que legitimamente t\u00eam direitos relativos. O usu\u00e1rio dever\u00e1 cumprir qualquer informa\u00e7\u00e3o adicional que possa estar presente no site em rela\u00e7\u00e3o \u00e0 propriedade intelectual dos conte\u00fados acessados atrav\u00e9s dos servi\u00e7os do site.<\/p>\n\n\n\n<p>Os servi\u00e7os do site e seus conte\u00fados s\u00e3o protegidos pelas leis de direitos autorais em vigor na Su\u00ed\u00e7a e nos EUA e pelas leis internacionais de direitos autorais. O usu\u00e1rio n\u00e3o est\u00e1 autorizado a modificar, publicar, transmitir, compartilhar, transferir em uso por qualquer motivo, reproduzir (al\u00e9m dos limites especificados abaixo), reprocessar, distribuir, executar, dar acesso ou explorar comercialmente os conte\u00fados ou servi\u00e7os de qualquer forma (incluindo software) deste site, mesmo que parcialmente.<\/p>\n\n\n\n<p>O usu\u00e1rio, apenas para uso pessoal, est\u00e1 autorizado a baixar ou copiar os conte\u00fados e quaisquer outros materiais para download dispon\u00edveis atrav\u00e9s dos servi\u00e7os do site, desde que relate fielmente todas as indica\u00e7\u00f5es de direitos autorais e demais indica\u00e7\u00f5es informadas no site.<br>A reprodu\u00e7\u00e3o e recolha de qualquer conte\u00fado por outros motivos que n\u00e3o o uso pessoal s\u00e3o expressamente proibidas na aus\u00eancia de autoriza\u00e7\u00e3o pr\u00e9via expressa e emitida por escrito pelo editor ou pelo titular dos direitos de autor conforme indicado no site.<\/p>\n\n\n\n<p>Os conte\u00fados provenientes de ag\u00eancias de not\u00edcias ou outros sites s\u00e3o publicados pelo editor que n\u00e3o assume qualquer responsabilidade por incompletudes, imprecis\u00f5es, erros, omiss\u00f5es quanto \u00e0 integridade da informa\u00e7\u00e3o e n\u00e3o se responsabiliza por quaisquer danos consequentes.<\/p>\n\n\n\n<p>O servi\u00e7o rss, constitu\u00eddo por conte\u00fados informativos que podem ser descarregados para o computador atrav\u00e9s de \u2018programas de agrega\u00e7\u00e3o\u2019, \u00e9 disponibilizado apenas para uso pessoal e est\u00e1 exclu\u00edda qualquer utiliza\u00e7\u00e3o para fins comerciais. Qualquer uso diverso, incluindo, por exemplo, a inser\u00e7\u00e3o de mensagens publicit\u00e1rias, a combina\u00e7\u00e3o com produtos ou a entrega estendida para fins publicit\u00e1rios \u00e9 proibida de qualquer forma. O usu\u00e1rio n\u00e3o pode modificar ou distribuir de forma alguma os servi\u00e7os de rss e as conex\u00f5es provenientes do site bestvision.group a terceiros. O servi\u00e7o RSS e os conte\u00fados relativos s\u00e3o protegidos pelas leis italianas de direitos autorais e regulamentos internacionais relacionados.<\/p>\n\n\n\n<p>O editor reserva-se o direito de interromper o servi\u00e7o rss a qualquer momento e impedir que o usu\u00e1rio utilize o material baixado de qualquer forma, sem limita\u00e7\u00f5es e sem aviso pr\u00e9vio.<\/p>\n\n\n\n<p>O editor n\u00e3o assume nenhuma responsabilidade em rela\u00e7\u00e3o aos conte\u00fados e ao servi\u00e7o rss e seu uso no que diz respeito a danos ou limita\u00e7\u00f5es de uso de sites, computadores que tenham utilizado os conte\u00fados e servi\u00e7os nomeados.<\/p>\n\n\n\n<p><strong>Disponibilidade de acesso e servi\u00e7o. Uso de links<\/strong><\/p>\n\n\n\n<p>O site bestvision.group cont\u00e9m links para outros recursos da Internet. O editor n\u00e3o se responsabiliza pela real acessibilidade e disponibilidade destes recursos externos ao seu site, nem dos seus conte\u00fados. Portanto, o usu\u00e1rio \u00e9 convidado a entrar em contato com o administrador ou o webmaster dos sites externos caso encontre problemas com o conte\u00fado em quest\u00e3o.<\/p>\n\n\n\n<p><strong>Registro e seguran\u00e7a<\/strong><\/p>\n\n\n\n<p>Como parte do processo de registro, o usu\u00e1rio deve escolher seu pr\u00f3prio ID de usu\u00e1rio e senha.<\/p>\n\n\n\n<p>O usu\u00e1rio n\u00e3o pode escolher o ID de usu\u00e1rio de outra pessoa com a inten\u00e7\u00e3o de utilizar sua identidade. Al\u00e9m disso, voc\u00ea n\u00e3o pode usar o ID de usu\u00e1rio de outra pessoa sem a sua autoriza\u00e7\u00e3o expressa. Tamb\u00e9m \u00e9 proibida a utiliza\u00e7\u00e3o de ID de usu\u00e1rio que o editor, a seu crit\u00e9rio, considere lesivo aos direitos de terceiros, ou em qualquer caso ofensivo ou escandaloso.<\/p>\n\n\n\n<p>A senha escolhida pelo usu\u00e1rio no momento do cadastro nos servi\u00e7os e inserida no respectivo formul\u00e1rio ou formul\u00e1rio de cadastro \u00e9 pessoal e intransfer\u00edvel. Os usu\u00e1rios dever\u00e3o guardar a senha com o maior cuidado e mant\u00ea-la confidencial para evitar a utiliza\u00e7\u00e3o do servi\u00e7o por terceiros n\u00e3o autorizados. Portanto, ser\u00e3o respons\u00e1veis pela utiliza\u00e7\u00e3o, feita por terceiros autorizados ou n\u00e3o, dos referidos identificadores, bem como por quaisquer danos causados ao propriet\u00e1rio do blog, editor e\/ou terceiros, em virtude do descumprimento das acima expostos.<\/p>\n\n\n\n<p>O n\u00e3o cumprimento destas regras resultar\u00e1 na viola\u00e7\u00e3o destas condi\u00e7\u00f5es gerais de uso e poder\u00e1 resultar no cancelamento imediato da conta do infrator.<br>Em caso de uso n\u00e3o autorizado real ou potencial de sua conta, o usu\u00e1rio \u00e9 convidado a denunci\u00e1-lo escrevendo para info@bestvision.ch ou enviando uma carta certificada com aviso de recebimento endere\u00e7ada ao Best Vision Group, fornecendo qualquer informa\u00e7\u00e3o detalhada sobre a viola\u00e7\u00e3o e notifica\u00e7\u00e3o de perda, comprometimento n\u00e3o autorizado de senha, roubo de informa\u00e7\u00f5es pessoais.<\/p>\n\n\n\n<p>O usu\u00e1rio fica ciente de que deve ter no m\u00ednimo 18 anos para se cadastrar no servi\u00e7o, ainda que pessoas de todas as idades possam acessar o servi\u00e7o. Os menores de 18 anos devem ser assistidos e autorizados pela autoridade parental.<\/p>\n\n\n\n<p>O usu\u00e1rio \u00e9 totalmente respons\u00e1vel por qualquer a\u00e7\u00e3o realizada atrav\u00e9s de sua conta, seja diretamente ou por meio de terceiros por ele autorizados.<br>Qualquer uso abusivo, fraudulento ou de qualquer natureza ilegal \u00e9 causa do cancelamento imediato da conta, a crit\u00e9rio do editor ou administrador do site, sem preju\u00edzo do exerc\u00edcio de qualquer a\u00e7\u00e3o judicial pelos titulares.<\/p>\n\n\n\n<p><strong>Custos de servi\u00e7o e pagamentos<\/strong><\/p>\n\n\n\n<p>Os servi\u00e7os do site s\u00e3o gratuitos, salvo indica\u00e7\u00e3o em contr\u00e1rio.<br>O editor e o administrador do site reservam-se o direito de cobrar uma taxa pelo acesso a partes do site, servi\u00e7os espec\u00edficos ou a todo o site.<br>Em qualquer caso, a editora n\u00e3o solicitar\u00e1 o pagamento de qualquer taxa se n\u00e3o tiver obtido previamente uma ades\u00e3o expressa a esta oferta.<br>Assim, se o editor ou administrador do site solicitar no futuro uma taxa de acesso a partes do site ou servi\u00e7os que atualmente s\u00e3o gratuitos, o utilizador receber\u00e1 uma comunica\u00e7\u00e3o espec\u00edfica com uma indica\u00e7\u00e3o detalhada desses custos, proporcionando ao utilizador a oportunidade expl\u00edcita de escolha se deseja aderir ao servi\u00e7o. Em caso de aceita\u00e7\u00e3o, o utilizador pagar\u00e1 esta taxa nas formas que escolher ao custo que ser\u00e1 definido no momento da aceita\u00e7\u00e3o do servi\u00e7o.<\/p>\n\n\n\n<p><strong>Comunica\u00e7\u00f5es entre o editor e o administrador do site e o usu\u00e1rio<\/strong><\/p>\n\n\n\n<p>Caso o usu\u00e1rio deva indicar no formul\u00e1rio de inscri\u00e7\u00e3o on-line que deseja receber informa\u00e7\u00f5es do editor, do administrador do site e dos assuntos correlatos, com o seu consentimento, nos termos da legisla\u00e7\u00e3o vigente, poder\u00e3o ser utilizados os dados de contato do usu\u00e1rio, para exemplo para envio de material promocional relacionado a esses temas.<\/p>\n\n\n\n<p>O editor e o administrador do site reservam-se o direito, em qualquer caso, de enviar ao usu\u00e1rio comunica\u00e7\u00f5es por e-mail para inform\u00e1-lo sobre altera\u00e7\u00f5es ou acr\u00e9scimos relacionados ao site e aos servi\u00e7os relacionados.<\/p>\n\n\n\n<p>Os dados estat\u00edsticos e relativos \u00e0 utiliza\u00e7\u00e3o do site, ap\u00f3s anonimizados, poder\u00e3o ser utilizados pelo editor e pelo administrador do site para atividades de pesquisa e an\u00e1lise. Para mais detalhes, o utilizador pode visualizar a informa\u00e7\u00e3o relativa ao tratamento dos seus dados pessoais.<\/p>\n\n\n\n<p>O editor e o administrador do site podem entrar em contato com o usu\u00e1rio por e-mail para participar de pesquisas, solicita\u00e7\u00f5es de coment\u00e1rios no site e sobre produtos e servi\u00e7os existentes ou a serem criados.<br>Esta informa\u00e7\u00e3o n\u00e3o ser\u00e1 partilhada com terceiros, exceto de forma agregada, e apenas ser\u00e1 utilizada para melhorar o site e os servi\u00e7os.<\/p>\n\n\n\n<p><strong>Licen\u00e7as de uso de software<\/strong><\/p>\n\n\n\n<p>O utilizador n\u00e3o adquire qualquer direito relativamente \u00e0 utiliza\u00e7\u00e3o do software presente no site fora da utiliza\u00e7\u00e3o necess\u00e1ria \u00e0 utiliza\u00e7\u00e3o dos servi\u00e7os.<br>Portanto, o usu\u00e1rio n\u00e3o pode conceder direitos de uso, ceder ou transferir licen\u00e7as em rela\u00e7\u00e3o a tal software. O usu\u00e1rio est\u00e1 exclusivamente autorizado a fazer c\u00f3pia do software para uso pessoal, sem preju\u00edzo da proibi\u00e7\u00e3o de distribuir, modificar, retrabalhar ou desenhar trabalhos derivados do software em quest\u00e3o.<\/p>\n\n\n\n<p><strong>Dura\u00e7\u00e3o da conta.<\/strong><\/p>\n\n\n\n<p>O usu\u00e1rio pode cancelar sua conta a qualquer momento escrevendo para info@bestvision.ch ou enviando uma carta autenticada com aviso de recebimento ao Best Vision Group. O usu\u00e1rio receber\u00e1 uma comunica\u00e7\u00e3o confirmando o recebimento da solicita\u00e7\u00e3o e o posterior cancelamento da conta.<br>Entende-se que o usu\u00e1rio \u00e9 respons\u00e1vel por todas as atividades realizadas com a conta at\u00e9 o momento da efetiva desativa\u00e7\u00e3o.<br>O editor e o administrador do site poder\u00e3o, a seu crit\u00e9rio, cancelar ou suspender temporariamente o acesso a todo ou parte do site e servi\u00e7os por qualquer motivo, incluindo, sem limita\u00e7\u00e3o, qualquer viola\u00e7\u00e3o das regras descritas nestas condi\u00e7\u00f5es de acesso ao servi\u00e7o.<\/p>\n\n\n\n<p><strong>V\u00e1rios<\/strong><\/p>\n\n\n\n<p>Estas condi\u00e7\u00f5es de acesso foram formuladas \u00e0 luz das leis em vigor na Su\u00ed\u00e7a. O tribunal competente para a aplica\u00e7\u00e3o destas regras \u00e9 o Tribunal de Genebra.<\/p>\n\n\n\n<p>Estas condi\u00e7\u00f5es de acesso dever\u00e3o ser aplicadas e interpretadas de acordo com as regras gerais estabelecidas no site bestvision.group.<\/p>\n\n\n\n<p>O utilizador pode contactar o Best Vision Group enviando um email para info@bestvision.ch para qualquer comunica\u00e7\u00e3o sobre estas condi\u00e7\u00f5es de acesso.<\/p>\n\n\n\n<p>O utilizador declara que se compromete a informar o editor de qualquer viola\u00e7\u00e3o relacionada com estas condi\u00e7\u00f5es de acesso assim que tiver conhecimento das mesmas. Em particular, no caso de a\u00e7\u00f5es judiciais relacionadas com a viola\u00e7\u00e3o de direitos de autor em rela\u00e7\u00e3o aos materiais publicados pelo site ou pelos servi\u00e7os conectados, o utilizador \u00e9 convidado a comunicar qualquer informa\u00e7\u00e3o que tenha em sua posse, escrevendo para info@bestvision. ch ou enviando uma carta A\/R registrada endere\u00e7ada ao Best Vision Group.<\/p>\n\n\n\n<p><strong>Prote\u00e7\u00e3o de dados pessoais.<\/strong><\/p>\n\n\n\n<p>Os dados pessoais fornecidos pelo usu\u00e1rio s\u00e3o protegidos de acordo com o disposto no Decreto Legislativo 196\/2003 \u2018C\u00f3digo de prote\u00e7\u00e3o de dados pessoais\u2019 e suas modifica\u00e7\u00f5es e subsequentes aditamentos. A editora divulga os m\u00e9todos de gest\u00e3o utilizados para proteger a privacidade dos leitores que consultam o site na Pol\u00edtica de Privacidade (indicada no site).<\/p>\n\n\n\n<p>Qualquer informa\u00e7\u00e3o pessoal enviada para o site ser\u00e1 tratada de acordo com a lei de prote\u00e7\u00e3o de dados. Qualquer informa\u00e7\u00e3o n\u00e3o pessoal comunicada ao editor, ao administrador do site e ao propriet\u00e1rio do blog (incluindo ideias, desenhos, projetos, etc.) dar\u00e1 a este \u00faltimo o direito de usar, reproduzir, exibir, executar, modificar, postar e distribuir tal informa\u00e7\u00f5es n\u00e3o pessoais. A comunica\u00e7\u00e3o da referida informa\u00e7\u00e3o resultar\u00e1 automaticamente na transfer\u00eancia da mesma, gratuitamente e com todos os direitos e poderes mais amplos, para o Best Vision Group.<\/p>\n\n\n\n<p>O site oferece conte\u00fado informativo e interativo. Durante a navega\u00e7\u00e3o no site, voc\u00ea pode adquirir informa\u00e7\u00f5es sobre o usu\u00e1rio, ou mais genericamente sobre o visitante, das seguintes formas:<\/p>\n\n\n\n<p><strong>Dados de navega\u00e7\u00e3o<\/strong><\/p>\n\n\n\n<p>O site coleta informa\u00e7\u00f5es t\u00e9cnicas relacionadas ao hardware e software utilizados pelos visitantes, utilizando ferramentas aut\u00f4nomas para an\u00e1lise de arquivos de conex\u00e3o. Esta informa\u00e7\u00e3o refere-se a:<\/p>\n\n\n\n<ul class=\"wp-block-list\">\n<li>Endere\u00e7o de IP<\/li>\n\n\n\n<li>Tipo de navegador<\/li>\n\n\n\n<li>provedor de internet<\/li>\n\n\n\n<li>Sistema operacional<\/li>\n\n\n\n<li>Nome de dom\u00ednio e endere\u00e7os de sites dos quais voc\u00ea acessou ou produziu (p\u00e1ginas de refer\u00eancia\/sa\u00edda)<\/li>\n\n\n\n<li>Informa\u00e7\u00f5es sobre as p\u00e1ginas visitadas pelos leitores dentro do site<\/li>\n\n\n\n<li>Tempo de acesso<\/li>\n\n\n\n<li>Fique em uma p\u00e1gina<\/li>\n\n\n\n<li>An\u00e1lise de rota interna (clickstream)<\/li>\n\n\n\n<li>Resolu\u00e7\u00e3o de v\u00eddeo<\/li>\n\n\n\n<li>Tipo de conex\u00e3o<\/li>\n\n\n\n<li>Pa\u00eds de onde o usu\u00e1rio se conecta<\/li>\n\n\n\n<li>Presen\u00e7a de plugins java instalados<\/li>\n<\/ul>\n\n\n\n<p>Esta informa\u00e7\u00e3o n\u00e3o fornece os dados pessoais do utilizador, mas apenas dados t\u00e9cnicos\/inform\u00e1ticos que s\u00e3o recolhidos e utilizados de forma agregada e an\u00f3nima com o \u00fanico prop\u00f3sito de melhorar a qualidade do servi\u00e7o e facilitar a utiliza\u00e7\u00e3o do site. Esses dados s\u00e3o exclu\u00eddos imediatamente ap\u00f3s o processamento.<\/p>\n\n\n\n<p><strong>Dados fornecidos pelo usu\u00e1rio<\/strong><\/p>\n\n\n\n<p>S\u00e3o os casos em que o pr\u00f3prio utilizador emite os seus dados pessoais no site, ap\u00f3s leitura de informa\u00e7\u00e3o para aceder a determinados servi\u00e7os ou enviar pedidos por email. Isto implica a aquisi\u00e7\u00e3o pelo propriet\u00e1rio do site do endere\u00e7o do remetente e\/ou quaisquer outros dados pessoais que ser\u00e3o tratados exclusivamente para responder aos pedidos efetuados ou para prestar o servi\u00e7o solicitado. Em todos os casos, antes de proceder \u00e0 ativa\u00e7\u00e3o de um determinado servi\u00e7o, ser\u00e3o fornecidas informa\u00e7\u00f5es adequadas e, quando necess\u00e1rio, ser\u00e1 obtido o relativo consentimento para o tratamento dos dados pessoais. Este consentimento pode ser posteriormente revogado a qualquer momento, invalidando a possibilidade de utiliza\u00e7\u00e3o do servi\u00e7o em quest\u00e3o. Os dados recolhidos s\u00e3o conservados pelo tempo estritamente necess\u00e1rio \u00e0 prossecu\u00e7\u00e3o da finalidade para a qual \u00e9 realizado o tratamento, ou seja, a ativa\u00e7\u00e3o\/gest\u00e3o do servi\u00e7o solicitado.<\/p>\n\n\n\n<p><strong>Cookies<\/strong><\/p>\n\n\n\n<p>Cookies s\u00e3o informa\u00e7\u00f5es que podem ser armazenadas no computador durante a navega\u00e7\u00e3o em um site, para processar e identificar dados de utiliza\u00e7\u00e3o. O arquivo cookie costuma ser muito pequeno e n\u00e3o contribui para a satura\u00e7\u00e3o do espa\u00e7o f\u00edsico do disco r\u00edgido. O cookie \u00e9 transferido para o disco do utilizador para efeitos de registo, para \u201cmemorizar\u201d quais \u00e1reas de um site foram visitadas. Esta op\u00e7\u00e3o economiza tempo, permitindo ao usu\u00e1rio chegar mais rapidamente \u00e0s principais partes de um site visitado anteriormente. Existem diferentes tipos de cookies:<\/p>\n\n\n\n<ul class=\"wp-block-list\">\n<li>Permanentes, ou seja, permanecem no disco r\u00edgido, mesmo depois de fechar o navegador<\/li>\n\n\n\n<li>Tempor\u00e1rios ou de sess\u00e3o, que ficam memorizados apenas durante a navega\u00e7\u00e3o e s\u00e3o removidos do computador quando o navegador \u00e9 fechado<\/li>\n\n\n\n<li>De terceiros, gerados por um site diferente daquele que voc\u00ea est\u00e1 visitando atualmente.<\/li>\n<\/ul>\n\n\n\n<p>Os cookies utilizados pelo propriet\u00e1rio do site s\u00e3o uma combina\u00e7\u00e3o destes tr\u00eas tipos: alguns s\u00e3o utilizados apenas para abrir e manter uma sess\u00e3o (cookies tempor\u00e1rios). Neste caso, o encerramento da sess\u00e3o ou do navegador os tornar\u00e1 inutiliz\u00e1veis tanto por n\u00f3s como por terceiros, mesmo que permane\u00e7am fisicamente no PC utilizado (cookies permanentes).<\/p>\n\n\n\n<p>Para fins puramente estat\u00edsticos, tamb\u00e9m s\u00e3o emitidos cookies de terceiros para medi\u00e7\u00e3o de informa\u00e7\u00e3o agregada. Para oferecer um site que atenda \u00e0s expectativas e interesses do usu\u00e1rio, \u00e9 realizada uma an\u00e1lise constante dos dados coletados nos cookies; estes dados indicam \u00fanica e anonimamente a forma como o site \u00e9 utilizado, ou seja, as \u00e1reas e sec\u00e7\u00f5es que s\u00e3o consideradas de maior interesse e utilidade para os navegadores.<br>O utilizador tem o direito de configurar o seu navegador para aceitar todos os cookies, apenas alguns, ou rejeit\u00e1-los.<br>No entanto, salientamos que o facto de n\u00e3o aceitar cookies poder\u00e1 impossibilitar a presta\u00e7\u00e3o do servi\u00e7o em caso de acesso a determinadas \u00e1reas do site. Recorde-se tamb\u00e9m que no final de cada sess\u00e3o de navega\u00e7\u00e3o o utilizador pode, em qualquer caso, eliminar tanto a cache de navega\u00e7\u00e3o como os cookies recolhidos do seu disco r\u00edgido.<\/p>\n\n\n\n<p>O tratamento \u00e9 realizado atrav\u00e9s de ferramentas automatizadas (por exemplo, atrav\u00e9s de procedimentos e meios eletr\u00f3nicos) e\/ou manualmente (por exemplo, em papel) durante o tempo estritamente necess\u00e1rio para atingir as finalidades para as quais os dados foram recolhidos e, em qualquer caso, em conformidade com a legisla\u00e7\u00e3o vigente.<\/p>\n\n\n\n<p>Desative cookies no navegador<br>Estas s\u00e3o as instru\u00e7\u00f5es para configurar cookies nos principais navegadores:<\/p>\n\n\n\n<ul class=\"wp-block-list\">\n<li>Chrome: Configura\u00e7\u00f5es-&gt;Mostrar op\u00e7\u00f5es avan\u00e7adas-&gt;Privacidade-&gt;Configura\u00e7\u00f5es de conte\u00fado<\/li>\n\n\n\n<li>Para mais informa\u00e7\u00f5es, consulte o suporte do Google ou a Ajuda do navegador.<\/li>\n\n\n\n<li>Firefox: Ferramentas-&gt;Op\u00e7\u00f5es-&gt;Privacidade-&gt;Hist\u00f3rico-&gt;Configura\u00e7\u00f5es personalizadas.<\/li>\n\n\n\n<li>Para mais informa\u00e7\u00f5es, consulte o suporte da Mozilla ou a Ajuda do navegador.<\/li>\n\n\n\n<li>Internet Explorer: Ferramentas-&gt;Op\u00e7\u00f5es da Internet-&gt;Privacidade-&gt;Configura\u00e7\u00f5es.<\/li>\n\n\n\n<li>Para obter mais informa\u00e7\u00f5es, consulte o suporte da Microsoft ou a Ajuda do navegador.<\/li>\n\n\n\n<li>Safari: Prefer\u00eancias-&gt; Seguran\u00e7a.<\/li>\n\n\n\n<li>Para mais informa\u00e7\u00f5es, consulte o suporte da Apple ou a Ajuda do navegador.<\/li>\n<\/ul>\n","protected":false},"excerpt":{"rendered":"<p>Regras e defini\u00e7\u00f5es gerais Ao utilizar os servi\u00e7os vinculados ao site Best Vision Group (doravante denominados \u2018os servi\u00e7os\u2019 ou \u2018o servi\u00e7o\u2019), o usu\u00e1rio dever\u00e1 cumprir as condi\u00e7\u00f5es e termos de uso abaixo indicados.Estas condi\u00e7\u00f5es aplicam-se ao Best Vision Group, titular do t\u00edtulo Best Vision Group e administrador dos conte\u00fados do site e dos servi\u00e7os relacionados. [&hellip;]<\/p>\n","protected":false},"author":2,"featured_media":0,"parent":20917,"menu_order":0,"comment_status":"closed","ping_status":"closed","template":"","meta":{"footnotes":""},"class_list":["post-21080","page","type-page","status-publish","hentry"],"_links":{"self":[{"href":"https:\/\/bestvision.immo\/pt-pt\/wp-json\/wp\/v2\/pages\/21080","targetHints":{"allow":["GET"]}}],"collection":[{"href":"https:\/\/bestvision.immo\/pt-pt\/wp-json\/wp\/v2\/pages"}],"about":[{"href":"https:\/\/bestvision.immo\/pt-pt\/wp-json\/wp\/v2\/types\/page"}],"author":[{"embeddable":true,"href":"https:\/\/bestvision.immo\/pt-pt\/wp-json\/wp\/v2\/users\/2"}],"replies":[{"embeddable":true,"href":"https:\/\/bestvision.immo\/pt-pt\/wp-json\/wp\/v2\/comments?post=21080"}],"version-history":[{"count":2,"href":"https:\/\/bestvision.immo\/pt-pt\/wp-json\/wp\/v2\/pages\/21080\/revisions"}],"predecessor-version":[{"id":21110,"href":"https:\/\/bestvision.immo\/pt-pt\/wp-json\/wp\/v2\/pages\/21080\/revisions\/21110"}],"up":[{"embeddable":true,"href":"https:\/\/bestvision.immo\/pt-pt\/wp-json\/wp\/v2\/pages\/20917"}],"wp:attachment":[{"href":"https:\/\/bestvision.immo\/pt-pt\/wp-json\/wp\/v2\/media?parent=21080"}],"curies":[{"name":"wp","href":"https:\/\/api.w.org\/{rel}","templated":true}]}}