{"id":21001,"date":"2020-03-02T19:51:22","date_gmt":"2020-03-02T18:51:22","guid":{"rendered":"https:\/\/bestvision.immo\/servicos\/"},"modified":"2023-11-01T23:09:07","modified_gmt":"2023-11-01T22:09:07","slug":"servicos","status":"publish","type":"page","link":"https:\/\/bestvision.immo\/pt-pt\/servicos\/","title":{"rendered":"Servi\u00e7os"},"content":{"rendered":"\t\t<div data-elementor-type=\"wp-page\" data-elementor-id=\"21001\" class=\"elementor elementor-21001 elementor-17124\">\n\t\t\t\t\t\t<section class=\"elementor-section elementor-top-section elementor-element elementor-element-74364d6 elementor-section-height-min-height animated-slow elementor-section-boxed elementor-section-height-default elementor-section-items-middle elementor-invisible\" data-id=\"74364d6\" data-element_type=\"section\" data-e-type=\"section\" data-settings=\"{&quot;animation&quot;:&quot;fadeIn&quot;}\">\n\t\t\t\t\t\t\t<div class=\"elementor-background-overlay\"><\/div>\n\t\t\t\t\t\t\t<div class=\"elementor-container elementor-column-gap-default\">\n\t\t\t\t\t<div class=\"elementor-column elementor-col-100 elementor-top-column elementor-element elementor-element-c2a5e11\" data-id=\"c2a5e11\" data-element_type=\"column\" data-e-type=\"column\">\n\t\t\t<div class=\"elementor-widget-wrap elementor-element-populated\">\n\t\t\t\t\t\t<div class=\"elementor-element elementor-element-f59eba8 elementor-widget elementor-widget-heading\" data-id=\"f59eba8\" data-element_type=\"widget\" data-e-type=\"widget\" data-widget_type=\"heading.default\">\n\t\t\t\t<div class=\"elementor-widget-container\">\n\t\t\t\t\t<h1 class=\"elementor-heading-title elementor-size-default\">Servi\u00e7os<\/h1>\t\t\t\t<\/div>\n\t\t\t\t<\/div>\n\t\t\t\t\t<\/div>\n\t\t<\/div>\n\t\t\t\t\t<\/div>\n\t\t<\/section>\n\t\t\t\t<section class=\"elementor-section elementor-top-section elementor-element elementor-element-00b7dd9 elementor-section-boxed elementor-section-height-default elementor-section-height-default\" data-id=\"00b7dd9\" data-element_type=\"section\" data-e-type=\"section\" data-settings=\"{&quot;background_background&quot;:&quot;classic&quot;}\">\n\t\t\t\t\t\t<div class=\"elementor-container elementor-column-gap-default\">\n\t\t\t\t\t<div class=\"elementor-column elementor-col-100 elementor-top-column elementor-element elementor-element-ea0c987 elementor-invisible\" data-id=\"ea0c987\" data-element_type=\"column\" data-e-type=\"column\" data-settings=\"{&quot;animation&quot;:&quot;fadeIn&quot;,&quot;animation_delay&quot;:200}\">\n\t\t\t<div class=\"elementor-widget-wrap elementor-element-populated\">\n\t\t\t\t\t\t<div class=\"elementor-element elementor-element-fa99de0 elementor-widget elementor-widget-heading\" data-id=\"fa99de0\" data-element_type=\"widget\" data-e-type=\"widget\" data-widget_type=\"heading.default\">\n\t\t\t\t<div class=\"elementor-widget-container\">\n\t\t\t\t\t<h3 class=\"elementor-heading-title elementor-size-default\">Bem-vindo \u00e0 Best Vision Immobiliare S.A.!<\/h3>\t\t\t\t<\/div>\n\t\t\t\t<\/div>\n\t\t\t\t<div class=\"elementor-element elementor-element-d0059d2 elementor-invisible elementor-widget elementor-widget-text-editor\" data-id=\"d0059d2\" data-element_type=\"widget\" data-e-type=\"widget\" data-settings=\"{&quot;_animation&quot;:&quot;fadeIn&quot;,&quot;_animation_delay&quot;:400}\" data-widget_type=\"text-editor.default\">\n\t\t\t\t<div class=\"elementor-widget-container\">\n\t\t\t\t\t\t\t\t\t<p>Est\u00e1 \u00e0 procura de uma oportunidade de investimento imobili\u00e1rio interessante e rent\u00e1vel? Est\u00e1 no s\u00edtio certo. Na <b>Best Vision Immobiliare<\/b>, dedicamo-nos a selecionar meticulosamente as melhores ofertas de casas, apartamentos, terrenos e escrit\u00f3rios, garantindo op\u00e7\u00f5es que se adaptam perfeitamente \u00e0s suas necessidades e desejos.<\/p>\n<p>Explore a nossa sec\u00e7\u00e3o Portfolio para descobrir uma vasta gama de propriedades cuidadosamente seleccionadas. Cada op\u00e7\u00e3o representa uma oportunidade \u00fanica de investimento e um passo em dire\u00e7\u00e3o ao seu futuro imobili\u00e1rio. Quer saber mais? Clique nos im\u00f3veis que lhe interessam e solicite informa\u00e7\u00f5es adicionais. Estamos aqui para transformar os seus sonhos imobili\u00e1rios numa realidade s\u00f3lida e emocionante. Descubra o seu pr\u00f3ximo investimento com a <b>Best Vision Immobiliare S.A.!<\/b><\/p>\n\t\t\t\t\t\t\t\t<\/div>\n\t\t\t\t<\/div>\n\t\t\t\t<div class=\"elementor-element elementor-element-8d870f9 elementor-invisible elementor-widget elementor-widget-heading\" data-id=\"8d870f9\" data-element_type=\"widget\" data-e-type=\"widget\" data-settings=\"{&quot;_animation&quot;:&quot;fadeIn&quot;,&quot;_animation_delay&quot;:600}\" data-widget_type=\"heading.default\">\n\t\t\t\t<div class=\"elementor-widget-container\">\n\t\t\t\t\t<h3 class=\"elementor-heading-title elementor-size-default\">O que oferecemos?<\/h3>\t\t\t\t<\/div>\n\t\t\t\t<\/div>\n\t\t\t\t<div class=\"elementor-element elementor-element-1cb3a09 elementor-invisible elementor-widget elementor-widget-text-editor\" data-id=\"1cb3a09\" data-element_type=\"widget\" data-e-type=\"widget\" data-settings=\"{&quot;_animation&quot;:&quot;fadeIn&quot;,&quot;_animation_delay&quot;:800}\" data-widget_type=\"text-editor.default\">\n\t\t\t\t<div class=\"elementor-widget-container\">\n\t\t\t\t\t\t\t\t\t<p>Na <b>Best Vision Immobiliare S.A.<\/b>, oferecemos mais do que apenas im\u00f3veis; oferecemos oportunidades de vida e crescimento financeiro. A nossa miss\u00e3o \u00e9 clara: selecionar cuidadosamente, apresentar com impacto e negociar as melhores ofertas no mercado imobili\u00e1rio, tudo concebido especificamente para satisfazer as necessidades individuais dos nossos clientes.<\/p>\n<p>Especializamo-nos em encontrar propriedades de elevado valor que sejam adapt\u00e1veis e flex\u00edveis, adequando-se perfeitamente \u00e0s necessidades \u00fanicas de cada cliente. Quer esteja \u00e0 procura de uma casa acolhedora, de um espa\u00e7o de escrit\u00f3rio inspirador ou de um investimento estrat\u00e9gico, as nossas op\u00e7\u00f5es s\u00e3o meticulosamente seleccionadas para garantir que est\u00e3o de acordo com os seus objectivos e aspira\u00e7\u00f5es.<\/p>\n<p>O que oferecemos s\u00e3o oportunidades de investimento com um potencial excecional. Procuramos n\u00e3o s\u00f3 im\u00f3veis que gerem um forte fluxo de caixa, mas tamb\u00e9m aqueles que t\u00eam potencial para aumentar significativamente o seu valor ao longo do tempo. Na <b>Best Vision Immobiliare S.A.<\/b>, n\u00e3o encontrar\u00e1 apenas um local para viver ou trabalhar, mas tamb\u00e9m um investimento s\u00f3lido com perspectivas de crescimento interessantes. O seu futuro imobili\u00e1rio come\u00e7a aqui!<\/p>\n\t\t\t\t\t\t\t\t<\/div>\n\t\t\t\t<\/div>\n\t\t\t\t\t<\/div>\n\t\t<\/div>\n\t\t\t\t\t<\/div>\n\t\t<\/section>\n\t\t\t\t<section class=\"elementor-section elementor-top-section elementor-element elementor-element-e3ac589 elementor-section-boxed elementor-section-height-default elementor-section-height-default\" data-id=\"e3ac589\" data-element_type=\"section\" data-e-type=\"section\">\n\t\t\t\t\t\t<div class=\"elementor-container elementor-column-gap-default\">\n\t\t\t\t\t<div class=\"elementor-column elementor-col-50 elementor-top-column elementor-element elementor-element-2abb93a\" data-id=\"2abb93a\" data-element_type=\"column\" data-e-type=\"column\">\n\t\t\t<div class=\"elementor-widget-wrap elementor-element-populated\">\n\t\t\t\t\t\t<div class=\"elementor-element elementor-element-dfa87f3 elementor-invisible elementor-widget elementor-widget-heading\" data-id=\"dfa87f3\" data-element_type=\"widget\" data-e-type=\"widget\" data-settings=\"{&quot;_animation&quot;:&quot;fadeIn&quot;}\" data-widget_type=\"heading.default\">\n\t\t\t\t<div class=\"elementor-widget-container\">\n\t\t\t\t\t<h3 class=\"elementor-heading-title elementor-size-default\">Ent\u00e3o, porqu\u00ea escolher a Best Vision?<\/h3>\t\t\t\t<\/div>\n\t\t\t\t<\/div>\n\t\t\t\t<div class=\"elementor-element elementor-element-e1c43c7 elementor-icon-list--layout-traditional elementor-list-item-link-full_width elementor-invisible elementor-widget elementor-widget-icon-list\" data-id=\"e1c43c7\" data-element_type=\"widget\" data-e-type=\"widget\" data-settings=\"{&quot;_animation&quot;:&quot;fadeIn&quot;,&quot;_animation_delay&quot;:200}\" data-widget_type=\"icon-list.default\">\n\t\t\t\t<div class=\"elementor-widget-container\">\n\t\t\t\t\t\t\t<ul class=\"elementor-icon-list-items\">\n\t\t\t\t\t\t\t<li class=\"elementor-icon-list-item\">\n\t\t\t\t\t\t\t\t\t\t\t<span class=\"elementor-icon-list-icon\">\n\t\t\t\t\t\t\t<i aria-hidden=\"true\" class=\"far fa-check-circle\"><\/i>\t\t\t\t\t\t<\/span>\n\t\t\t\t\t\t\t\t\t\t<span class=\"elementor-icon-list-text\">Alta qualidade<\/span>\n\t\t\t\t\t\t\t\t\t<\/li>\n\t\t\t\t\t\t\t\t<li class=\"elementor-icon-list-item\">\n\t\t\t\t\t\t\t\t\t\t\t<span class=\"elementor-icon-list-icon\">\n\t\t\t\t\t\t\t<i aria-hidden=\"true\" class=\"far fa-check-circle\"><\/i>\t\t\t\t\t\t<\/span>\n\t\t\t\t\t\t\t\t\t\t<span class=\"elementor-icon-list-text\">Resid\u00eancias de luxo para comprar<\/span>\n\t\t\t\t\t\t\t\t\t<\/li>\n\t\t\t\t\t\t\t\t<li class=\"elementor-icon-list-item\">\n\t\t\t\t\t\t\t\t\t\t\t<span class=\"elementor-icon-list-icon\">\n\t\t\t\t\t\t\t<i aria-hidden=\"true\" class=\"far fa-check-circle\"><\/i>\t\t\t\t\t\t<\/span>\n\t\t\t\t\t\t\t\t\t\t<span class=\"elementor-icon-list-text\">Proximidade e servi\u00e7os profissionais<\/span>\n\t\t\t\t\t\t\t\t\t<\/li>\n\t\t\t\t\t\t\t\t<li class=\"elementor-icon-list-item\">\n\t\t\t\t\t\t\t\t\t\t\t<span class=\"elementor-icon-list-icon\">\n\t\t\t\t\t\t\t<i aria-hidden=\"true\" class=\"far fa-check-circle\"><\/i>\t\t\t\t\t\t<\/span>\n\t\t\t\t\t\t\t\t\t\t<span class=\"elementor-icon-list-text\">Pre\u00e7os e investimentos<\/span>\n\t\t\t\t\t\t\t\t\t<\/li>\n\t\t\t\t\t\t\t\t<li class=\"elementor-icon-list-item\">\n\t\t\t\t\t\t\t\t\t\t\t<span class=\"elementor-icon-list-icon\">\n\t\t\t\t\t\t\t<i aria-hidden=\"true\" class=\"far fa-check-circle\"><\/i>\t\t\t\t\t\t<\/span>\n\t\t\t\t\t\t\t\t\t\t<span class=\"elementor-icon-list-text\">Solu\u00e7\u00f5es \u00e0 medida<\/span>\n\t\t\t\t\t\t\t\t\t<\/li>\n\t\t\t\t\t\t\t\t<li class=\"elementor-icon-list-item\">\n\t\t\t\t\t\t\t\t\t\t\t<span class=\"elementor-icon-list-icon\">\n\t\t\t\t\t\t\t<i aria-hidden=\"true\" class=\"far fa-check-circle\"><\/i>\t\t\t\t\t\t<\/span>\n\t\t\t\t\t\t\t\t\t\t<span class=\"elementor-icon-list-text\">Presen\u00e7a internacional<\/span>\n\t\t\t\t\t\t\t\t\t<\/li>\n\t\t\t\t\t\t\t\t<li class=\"elementor-icon-list-item\">\n\t\t\t\t\t\t\t\t\t\t\t<span class=\"elementor-icon-list-icon\">\n\t\t\t\t\t\t\t<i aria-hidden=\"true\" class=\"far fa-check-circle\"><\/i>\t\t\t\t\t\t<\/span>\n\t\t\t\t\t\t\t\t\t\t<span class=\"elementor-icon-list-text\">Facilidades financeiras<\/span>\n\t\t\t\t\t\t\t\t\t<\/li>\n\t\t\t\t\t\t<\/ul>\n\t\t\t\t\t\t<\/div>\n\t\t\t\t<\/div>\n\t\t\t\t\t<\/div>\n\t\t<\/div>\n\t\t\t\t<div class=\"elementor-column elementor-col-50 elementor-top-column elementor-element elementor-element-dd2de2c\" data-id=\"dd2de2c\" data-element_type=\"column\" data-e-type=\"column\">\n\t\t\t<div class=\"elementor-widget-wrap elementor-element-populated\">\n\t\t\t\t\t\t<div class=\"elementor-element elementor-element-6a9d5a4 elementor-invisible elementor-widget elementor-widget-image\" data-id=\"6a9d5a4\" data-element_type=\"widget\" data-e-type=\"widget\" data-settings=\"{&quot;_animation&quot;:&quot;fadeIn&quot;,&quot;_animation_delay&quot;:400}\" data-widget_type=\"image.default\">\n\t\t\t\t<div class=\"elementor-widget-container\">\n\t\t\t\t\t\t\t\t\t\t\t\t\t\t\t<img fetchpriority=\"high\" decoding=\"async\" width=\"1000\" height=\"667\" src=\"https:\/\/bestvision.immo\/wp-content\/uploads\/2023\/10\/landlord-unlocks-house-key-new-home-real-estate-agents-sales-agents-jpg.webp\" class=\"attachment-large size-large wp-image-20864\" alt=\"\" srcset=\"https:\/\/bestvision.immo\/wp-content\/uploads\/2023\/10\/landlord-unlocks-house-key-new-home-real-estate-agents-sales-agents-jpg.webp 1000w, https:\/\/bestvision.immo\/wp-content\/uploads\/2023\/10\/landlord-unlocks-house-key-new-home-real-estate-agents-sales-agents-300x200.webp 300w, https:\/\/bestvision.immo\/wp-content\/uploads\/2023\/10\/landlord-unlocks-house-key-new-home-real-estate-agents-sales-agents-768x512.webp 768w, https:\/\/bestvision.immo\/wp-content\/uploads\/2023\/10\/landlord-unlocks-house-key-new-home-real-estate-agents-sales-agents-900x600.webp 900w, https:\/\/bestvision.immo\/wp-content\/uploads\/2023\/10\/landlord-unlocks-house-key-new-home-real-estate-agents-sales-agents-496x331.webp 496w\" sizes=\"(max-width: 1000px) 100vw, 1000px\" \/>\t\t\t\t\t\t\t\t\t\t\t\t\t\t\t<\/div>\n\t\t\t\t<\/div>\n\t\t\t\t\t<\/div>\n\t\t<\/div>\n\t\t\t\t\t<\/div>\n\t\t<\/section>\n\t\t\t\t<\/div>\n\t\t","protected":false},"excerpt":{"rendered":"<p>Servi\u00e7os Bem-vindo \u00e0 Best Vision Immobiliare S.A.! Est\u00e1 \u00e0 procura de uma oportunidade de investimento imobili\u00e1rio interessante e rent\u00e1vel? Est\u00e1 no s\u00edtio certo. Na Best Vision Immobiliare, dedicamo-nos a selecionar meticulosamente as melhores ofertas de casas, apartamentos, terrenos e escrit\u00f3rios, garantindo op\u00e7\u00f5es que se adaptam perfeitamente \u00e0s suas necessidades e desejos. Explore a nossa sec\u00e7\u00e3o [&hellip;]<\/p>\n","protected":false},"author":1,"featured_media":0,"parent":0,"menu_order":0,"comment_status":"closed","ping_status":"closed","template":"template\/template-homepage.php","meta":{"footnotes":""},"class_list":["post-21001","page","type-page","status-publish","hentry"],"_links":{"self":[{"href":"https:\/\/bestvision.immo\/pt-pt\/wp-json\/wp\/v2\/pages\/21001","targetHints":{"allow":["GET"]}}],"collection":[{"href":"https:\/\/bestvision.immo\/pt-pt\/wp-json\/wp\/v2\/pages"}],"about":[{"href":"https:\/\/bestvision.immo\/pt-pt\/wp-json\/wp\/v2\/types\/page"}],"author":[{"embeddable":true,"href":"https:\/\/bestvision.immo\/pt-pt\/wp-json\/wp\/v2\/users\/1"}],"replies":[{"embeddable":true,"href":"https:\/\/bestvision.immo\/pt-pt\/wp-json\/wp\/v2\/comments?post=21001"}],"version-history":[{"count":6,"href":"https:\/\/bestvision.immo\/pt-pt\/wp-json\/wp\/v2\/pages\/21001\/revisions"}],"predecessor-version":[{"id":22024,"href":"https:\/\/bestvision.immo\/pt-pt\/wp-json\/wp\/v2\/pages\/21001\/revisions\/22024"}],"wp:attachment":[{"href":"https:\/\/bestvision.immo\/pt-pt\/wp-json\/wp\/v2\/media?parent=21001"}],"curies":[{"name":"wp","href":"https:\/\/api.w.org\/{rel}","templated":true}]}}