{"id":21066,"date":"2022-06-20T14:33:24","date_gmt":"2022-06-20T12:33:24","guid":{"rendered":"https:\/\/bestvision.immo\/informativa-sulla-privacy\/"},"modified":"2023-10-11T22:28:31","modified_gmt":"2023-10-11T20:28:31","slug":"politiche-sulla-privacy","status":"publish","type":"page","link":"https:\/\/bestvision.immo\/it\/chi-siamo\/politiche-sulla-privacy\/","title":{"rendered":"Politiche sulla privacy"},"content":{"rendered":"\n<p><strong>POLITICA DEI DATI<\/strong><\/p>\n\n\n\n<p>Oggetto: Informativa Ai sensi dell\u2019art. 13 del Regolamento (UE) 679\/2016 e della normativa di ciascuno Stato membro dell\u2019UE.<br>Ai sensi dell\u2019art. 13 del Regolamento UE n.2016\/679 (di seguito \u201cGDPR 2016\/679\u201d) e della normativa di ciascuno Stato membro dell\u2019Unione Europea (di seguito \u201cCodice Privacy\u201d), recante disposizioni a tutela delle persone e di altri soggetti rispetto al trattamento dei dati personali desideriamo informarLa che i dati personali da Lei forniti formeranno oggetto di trattamento nel rispetto della normativa sopra richiamata e degli obblighi di riservatezza rispetto ai quali tutte le societ\u00e0 appartenenti al GRUPPO BEST VISION sono tenute al rispetto.<\/p>\n\n\n\n<p><strong>Quali dati trattiamo?<\/strong><\/p>\n\n\n\n<ul class=\"wp-block-list\">\n<li>Dati inseriti compilando il modulo di registrazione (nome, cognome, indirizzo e indirizzo email, numero di telefono e cellulare) e i dati relativi al tuo percorso professionale o quelle informazioni che hai comunicato nel tuo curriculum nonch\u00e9 riguardanti il tuo stato di salute;<\/li>\n\n\n\n<li>Dati relativi alla navigazione sul nostro sito web, es. dati relativi al traffico, ubicazione, visite al sito web, blog, indirizzo IP, sistema operativo e browser utilizzati, cookie;<\/li>\n\n\n\n<li>Dati che ci fornisci via e-mail, sondaggio, nonch\u00e9 tramite i nostri moduli di contatto o tramite LinkedIn.<\/li>\n<\/ul>\n\n\n\n<p><strong>Perch\u00e9 abbiamo bisogno dei tuoi dati?<\/strong><\/p>\n\n\n\n<p>Utilizziamo i tuoi dati per dar seguito ad un tuo eventuale colloquio per una posizione vacante in azienda e per la gestione del rapporto di lavoro e per finalit\u00e0 commerciali.<br>I tuoi dati sono trattati specificatamente per:<\/p>\n\n\n\n<ol class=\"wp-block-list\">\n<li>Le attivit\u00e0 riguardanti l\u2019intermediazione tra domanda e offerta di lavoro<\/li>\n\n\n\n<li>Le attivit\u00e0 con finalit\u00e0 commerciali, l\u2019invio di informazioni e newsletter.<\/li>\n\n\n\n<li>La condivisione dei Suoi dati con i nostri clienti in Svizzera e paesi terzi che sono alla ricerca di personale nonch\u00e9 con quei soggetti pubblici e privati da cui il titolare \u00e8 stato incaricato di una delle attivit\u00e0 di cui al punto 1). Inoltre, i tuoi dati vengono trasmessi a organizzazioni e privati in Svizzera e in paesi terzi che supportano il titolare nella fornitura di servizi (come servizi di rete, software, pubblicit\u00e0, ecc.).<\/li>\n\n\n\n<li>La condivisione dei tuoi dati con le autorit\u00e0 di polizia in caso di abuso osservato.<\/li>\n<\/ol>\n\n\n\n<p>Base giuridica di tale attivit\u00e0 \u00e8 l\u2019adempimento di esigenze precontrattuali e contrattuali legate al servizio nonch\u00e9 l\u2019esistenza di specifici obblighi di legge.<\/p>\n\n\n\n<p><strong>Come trattiamo i tuoi dati personali?<\/strong><\/p>\n\n\n\n<p>Il trattamento dei Suoi dati personali \u00e8 effettuato o in formato digitale o cartaceo da alcuni soggetti a ci\u00f2 internamente autorizzati e formati. Il trattamento di tali dati non comporta un processo decisionale automatizzato ma comporta attivit\u00e0 di profilazione per le attivit\u00e0 legate alla navigazione nel sito attraverso strumenti tecnici quali i cookie.<\/p>\n\n\n\n<p><strong>Per quanto tempo vengono archiviati i tuoi dati?<\/strong><\/p>\n\n\n\n<p>I tuoi dati personali saranno conservati per il tempo necessario all\u2019adempimento degli adempimenti relativi alla gestione del contratto nonch\u00e9 di ogni obbligo legale conseguente. I dati memorizzati sul sito web del titolare verranno cancellati dopo 60 mesi di inattivit\u00e0. 6 mesi prima della data di scadenza riceverai una notifica via email.<br>I dati di coloro che non acquistano o usufruiscono di prodotti\/servizi, anche se hanno avuto un precedente contatto con rappresentanti dell\u2019azienda, saranno immediatamente cancellati o trattati in forma anonima, ove la loro conservazione non sia altrimenti giustificata, a meno che non sia stata validamente acquisita l\u2019informativa consenso degli interessati in merito ad una successiva attivit\u00e0 di promozione commerciale o ricerca di mercato.<br>Il periodo massimo di conservazione dei dati \u00e8 di 10 anni.<\/p>\n\n\n\n<p><strong>Cosa succede se non ci fornisci i tuoi dati?<\/strong><\/p>\n\n\n\n<p>Il conferimento dei dati \u00e8 obbligatorio per tutto quanto richiesto dagli obblighi legali e contrattuali e pertanto l\u2019eventuale rifiuto di fornirli in tutto o in parte potr\u00e0 dar luogo all\u2019impossibilit\u00e0 di fornire i servizi richiesti dal titolare. La societ\u00e0 tratta i dati facoltativi degli utenti in base al loro consenso ovvero mediante l\u2019approvazione esplicita della presente privacy policy e in relazione alle modalit\u00e0 e finalit\u00e0 di seguito descritte.<\/p>\n\n\n\n<p><strong>Quali sono i tuoi diritti?<\/strong><\/p>\n\n\n\n<p>Ai sensi del Regolamento europeo 679\/2016 (GDPR) e della normativa nazionale, l\u2019interessato pu\u00f2, secondo le modalit\u00e0 e nei limiti previsti dalla vigente normativa, esercitare i seguenti diritti:<\/p>\n\n\n\n<ul class=\"wp-block-list\">\n<li>Richiedere la conferma del trattamento dei tuoi dati personali;<\/li>\n\n\n\n<li>Conoscere l\u2019origine, le finalit\u00e0 del trattamento;<\/li>\n\n\n\n<li>La possibilit\u00e0 di aggiornare e rettificare i tuoi dati al fine di garantirne l\u2019accuratezza;<\/li>\n\n\n\n<li>La possibilit\u00e0 di cancellare, nella misura consentita, i propri dati personali nonch\u00e9 di limitarne il trattamento;<\/li>\n\n\n\n<li>Richiedere l\u2019aggiornamento, la rettifica, l\u2019integrazione, la cancellazione, la trasformazione in forma anonima, il blocco dei dati trattati in violazione di legge, compresi quelli non pi\u00f9 necessari al perseguimento degli scopi per i quali sono stati raccolti;<\/li>\n\n\n\n<li>Il diritto di proporre reclamo all\u2019autorit\u00e0 di controllo.<\/li>\n<\/ul>\n\n\n\n<p>Il titolare del trattamento dei tuoi dati personali \u00e8 Best Vision Group.<\/p>\n\n\n\n<p><strong>Importanti informazioni legali e termini di utilizzo<\/strong><\/p>\n\n\n\n<p>Coloro che accedono Coloro che accedono a questo sito Web sono pregati di leggere sia il contenuto di questa pagina che il disclaimer. Si dichiarano d\u2019accordo con le seguenti condizioni d\u2019uso, restrizioni e restrizioni legali. Chi non accetta quanto sopra non deve accedere n\u00e9 al sito Web di Best Vision Ltd. (Best Vision) (di seguito sito BestVision) n\u00e9 ad alcuna delle pagine e dei relativi collegamenti.<\/p>\n\n\n\n<p><strong>Utilizzo del sito Best Vision<\/strong><\/p>\n\n\n\n<p>Il sito Best Vision \u00e8 coperto da copyright. \u00c8 possibile scaricare o stampare dal sito purch\u00e9 il copyright non venga rimosso. Senza il consenso scritto di Best Vision, \u00e8 vietata la riproduzione (totale o parziale), il trasferimento, la modifica, la creazione di link o l\u2019utilizzo del sito Best Vision per qualsiasi uso pubblico, privato o commerciale.<br>Di tanto in tanto, Best Vision potr\u00e0 modificare sia i contenuti di questa pagina che i termini del disclaimer. Si prega pertanto di rivederli di tanto in tanto. L\u2019accesso continuato a questo sito Web o la creazione di un collegamento a questo sito Web dopo la pubblicazione di modifiche a uno di essi o entrambi costituir\u00e0 l\u2019accettazione delle stesse, cos\u00ec come modificate. Se, in qualsiasi momento, non desideri accettare sia il contenuto di questa pagina, sia la clausola di esclusione della responsabilit\u00e0, o entrambi, devi interrompere l\u2019accesso o il collegamento a questo sito Web.<br>Qualora l\u2019utilizzo di questo sito Web crei un rapporto giuridico tra le persone che accedono a questo sito Web e Best Vision, questo sar\u00e0 soggetto al diritto svizzero.<\/p>\n\n\n\n<p><strong>Politica sui cookie sui siti BestVision\u00ae<\/strong><\/p>\n\n\n\n<p>Best Vision utilizza cookies HTTP al fine di semplificare l\u2019uso dei propri siti internet. La presente informativa ha lo scopo di informarti sull\u2019utilizzo dei cookie sui nostri siti internet.<\/p>\n\n\n\n<p><strong>Cosa sono i cookie?<\/strong><\/p>\n\n\n\n<p>I cookie sono piccole porzioni di dati inviate da un sito Web e archiviate nel browser Web di un utente mentre l\u2019utente naviga in quel sito Web. Permettono di raccogliere un insieme di informazioni con l\u2019obiettivo di migliorare i servizi accessibili tramite i nostri siti Internet.<\/p>\n\n\n\n<p>Con queste informazioni \u00e8 possibile analizzare il traffico sui nostri siti Internet (numero di visite, indirizzi IP, ecc.).<\/p>\n\n\n\n<p>Queste informazioni vengono raccolte quando visiti il nostro sito web e ci consentono di sapere quali parti delle nostre pagine interessano di pi\u00f9 ai nostri visitatori del sito. Possiamo cos\u00ec conoscere meglio le loro esigenze e migliorare i contenuti del nostro sito fornendo le informazioni pi\u00f9 adatte.<\/p>\n\n\n\n<p><strong>Come gestire i cookie.<\/strong><\/p>\n\n\n\n<p>La procedura da seguire per la parametrizzazione dei cookies dipende dal browser internet che utilizzate.<br>Puoi decidere tu stesso se il nostro sito web \u00e8 autorizzato a utilizzare i cookie sul tuo computer. Hai la possibilit\u00e0 in qualsiasi momento di impostare le opzioni del tuo browser in modo tale che nessun cookie venga accettato e memorizzato. Hai anche la possibilit\u00e0 di visualizzare un messaggio di avviso ogni volta prima che un cookie venga accettato.<\/p>\n\n\n\n<p><strong>Posso rifiutare l\u2019uso dei cookie?<\/strong><\/p>\n\n\n\n<p>Puoi rifiutare di consentire ai nostri siti Internet di utilizzare i cookie quando li visiti.<\/p>\n\n\n\n<p>Tuttavia, l\u2019utilizzo di determinate funzioni del nostro sito Web pu\u00f2 essere limitato o disattivato se rifiutate i cookie del nostro sito Internet.<\/p>\n","protected":false},"excerpt":{"rendered":"<p>POLITICA DEI DATI Oggetto: Informativa Ai sensi dell\u2019art. 13 del Regolamento (UE) 679\/2016 e della normativa di ciascuno Stato membro dell\u2019UE.Ai sensi dell\u2019art. 13 del Regolamento UE n.2016\/679 (di seguito \u201cGDPR 2016\/679\u201d) e della normativa di ciascuno Stato membro dell\u2019Unione Europea (di seguito \u201cCodice Privacy\u201d), recante disposizioni a tutela delle persone e di altri soggetti [&hellip;]<\/p>\n","protected":false},"author":1,"featured_media":0,"parent":20915,"menu_order":0,"comment_status":"closed","ping_status":"closed","template":"","meta":{"footnotes":""},"class_list":["post-21066","page","type-page","status-publish","hentry"],"_links":{"self":[{"href":"https:\/\/bestvision.immo\/it\/wp-json\/wp\/v2\/pages\/21066","targetHints":{"allow":["GET"]}}],"collection":[{"href":"https:\/\/bestvision.immo\/it\/wp-json\/wp\/v2\/pages"}],"about":[{"href":"https:\/\/bestvision.immo\/it\/wp-json\/wp\/v2\/types\/page"}],"author":[{"embeddable":true,"href":"https:\/\/bestvision.immo\/it\/wp-json\/wp\/v2\/users\/1"}],"replies":[{"embeddable":true,"href":"https:\/\/bestvision.immo\/it\/wp-json\/wp\/v2\/comments?post=21066"}],"version-history":[{"count":2,"href":"https:\/\/bestvision.immo\/it\/wp-json\/wp\/v2\/pages\/21066\/revisions"}],"predecessor-version":[{"id":21107,"href":"https:\/\/bestvision.immo\/it\/wp-json\/wp\/v2\/pages\/21066\/revisions\/21107"}],"up":[{"embeddable":true,"href":"https:\/\/bestvision.immo\/it\/wp-json\/wp\/v2\/pages\/20915"}],"wp:attachment":[{"href":"https:\/\/bestvision.immo\/it\/wp-json\/wp\/v2\/media?parent=21066"}],"curies":[{"name":"wp","href":"https:\/\/api.w.org\/{rel}","templated":true}]}}