{"id":20999,"date":"2020-03-02T19:51:22","date_gmt":"2020-03-02T18:51:22","guid":{"rendered":"https:\/\/bestvision.immo\/servizi\/"},"modified":"2023-11-01T23:08:53","modified_gmt":"2023-11-01T22:08:53","slug":"servizi","status":"publish","type":"page","link":"https:\/\/bestvision.immo\/it\/servizi\/","title":{"rendered":"Servizi"},"content":{"rendered":"\t\t<div data-elementor-type=\"wp-page\" data-elementor-id=\"20999\" class=\"elementor elementor-20999 elementor-17124\">\n\t\t\t\t\t\t<section class=\"elementor-section elementor-top-section elementor-element elementor-element-74364d6 elementor-section-height-min-height animated-slow elementor-section-boxed elementor-section-height-default elementor-section-items-middle elementor-invisible\" data-id=\"74364d6\" data-element_type=\"section\" data-e-type=\"section\" data-settings=\"{&quot;animation&quot;:&quot;fadeIn&quot;}\">\n\t\t\t\t\t\t\t<div class=\"elementor-background-overlay\"><\/div>\n\t\t\t\t\t\t\t<div class=\"elementor-container elementor-column-gap-default\">\n\t\t\t\t\t<div class=\"elementor-column elementor-col-100 elementor-top-column elementor-element elementor-element-c2a5e11\" data-id=\"c2a5e11\" data-element_type=\"column\" data-e-type=\"column\">\n\t\t\t<div class=\"elementor-widget-wrap elementor-element-populated\">\n\t\t\t\t\t\t<div class=\"elementor-element elementor-element-f59eba8 elementor-widget elementor-widget-heading\" data-id=\"f59eba8\" data-element_type=\"widget\" data-e-type=\"widget\" data-widget_type=\"heading.default\">\n\t\t\t\t<div class=\"elementor-widget-container\">\n\t\t\t\t\t<h1 class=\"elementor-heading-title elementor-size-default\">Servizi<\/h1>\t\t\t\t<\/div>\n\t\t\t\t<\/div>\n\t\t\t\t\t<\/div>\n\t\t<\/div>\n\t\t\t\t\t<\/div>\n\t\t<\/section>\n\t\t\t\t<section class=\"elementor-section elementor-top-section elementor-element elementor-element-00b7dd9 elementor-section-boxed elementor-section-height-default elementor-section-height-default\" data-id=\"00b7dd9\" data-element_type=\"section\" data-e-type=\"section\" data-settings=\"{&quot;background_background&quot;:&quot;classic&quot;}\">\n\t\t\t\t\t\t<div class=\"elementor-container elementor-column-gap-default\">\n\t\t\t\t\t<div class=\"elementor-column elementor-col-100 elementor-top-column elementor-element elementor-element-ea0c987 elementor-invisible\" data-id=\"ea0c987\" data-element_type=\"column\" data-e-type=\"column\" data-settings=\"{&quot;animation&quot;:&quot;fadeIn&quot;,&quot;animation_delay&quot;:200}\">\n\t\t\t<div class=\"elementor-widget-wrap elementor-element-populated\">\n\t\t\t\t\t\t<div class=\"elementor-element elementor-element-fa99de0 elementor-widget elementor-widget-heading\" data-id=\"fa99de0\" data-element_type=\"widget\" data-e-type=\"widget\" data-widget_type=\"heading.default\">\n\t\t\t\t<div class=\"elementor-widget-container\">\n\t\t\t\t\t<h3 class=\"elementor-heading-title elementor-size-default\">Benvenuti in Best Vision Immobiliare S.A.!<\/h3>\t\t\t\t<\/div>\n\t\t\t\t<\/div>\n\t\t\t\t<div class=\"elementor-element elementor-element-d0059d2 elementor-invisible elementor-widget elementor-widget-text-editor\" data-id=\"d0059d2\" data-element_type=\"widget\" data-e-type=\"widget\" data-settings=\"{&quot;_animation&quot;:&quot;fadeIn&quot;,&quot;_animation_delay&quot;:400}\" data-widget_type=\"text-editor.default\">\n\t\t\t\t<div class=\"elementor-widget-container\">\n\t\t\t\t\t\t\t\t\t<p>Siete alla ricerca di un&#8217;opportunit\u00e0 di investimento immobiliare interessante e redditizia? Siete nel posto giusto. In <b>Best Vision Immobiliare<\/b> ci dedichiamo a selezionare meticolosamente le migliori offerte di case, appartamenti, terreni e uffici, garantendo opzioni perfettamente in linea con le vostre esigenze e i vostri desideri.<\/p>\n<p>Esplorate la nostra sezione Portfolio per scoprire un&#8217;ampia gamma di immobili accuratamente selezionati. Ogni opzione rappresenta un&#8217;opportunit\u00e0 di investimento unica e un passo verso il vostro futuro immobiliare. Volete saperne di pi\u00f9? Cliccate sulle propriet\u00e0 che vi interessano e richiedete ulteriori informazioni. Siamo qui per trasformare i vostri sogni immobiliari in una realt\u00e0 solida ed emozionante. Scopri il tuo prossimo investimento con <b>Best Vision Immobiliare S.A.!<\/b><\/p>\n\t\t\t\t\t\t\t\t<\/div>\n\t\t\t\t<\/div>\n\t\t\t\t<div class=\"elementor-element elementor-element-8d870f9 elementor-invisible elementor-widget elementor-widget-heading\" data-id=\"8d870f9\" data-element_type=\"widget\" data-e-type=\"widget\" data-settings=\"{&quot;_animation&quot;:&quot;fadeIn&quot;,&quot;_animation_delay&quot;:600}\" data-widget_type=\"heading.default\">\n\t\t\t\t<div class=\"elementor-widget-container\">\n\t\t\t\t\t<h3 class=\"elementor-heading-title elementor-size-default\">Cosa offriamo?<\/h3>\t\t\t\t<\/div>\n\t\t\t\t<\/div>\n\t\t\t\t<div class=\"elementor-element elementor-element-1cb3a09 elementor-invisible elementor-widget elementor-widget-text-editor\" data-id=\"1cb3a09\" data-element_type=\"widget\" data-e-type=\"widget\" data-settings=\"{&quot;_animation&quot;:&quot;fadeIn&quot;,&quot;_animation_delay&quot;:800}\" data-widget_type=\"text-editor.default\">\n\t\t\t\t<div class=\"elementor-widget-container\">\n\t\t\t\t\t\t\t\t\t<p>In <b>Best Vision Immobiliare S.A.<\/b> non offriamo solo immobili, ma anche opportunit\u00e0 di vita e di crescita finanziaria. La nostra missione \u00e8 chiara: selezionare con cura, presentare con impatto e negoziare le migliori offerte sul mercato immobiliare, tutte studiate appositamente per soddisfare le esigenze individuali dei nostri clienti.<\/p>\n<p>Siamo specializzati nella ricerca di immobili di alto valore, adattabili e flessibili, che si adattano perfettamente alle esigenze uniche di ogni cliente. Che siate alla ricerca di una casa accogliente, di un ufficio stimolante o di un investimento strategico, le nostre opzioni sono selezionate meticolosamente per garantire che siano in linea con i vostri obiettivi e le vostre aspirazioni.<\/p>\n<p>Offriamo opportunit\u00e0 di investimento con un potenziale eccezionale. Non cerchiamo solo immobili che generano un forte flusso di cassa, ma anche quelli che hanno il potenziale per aumentare significativamente il loro valore nel tempo. In <b>Best Vision Immobiliare S.A.<\/b> non troverete solo un posto dove vivere o lavorare, ma anche un solido investimento con entusiasmanti prospettive di crescita. Il vostro futuro immobiliare inizia qui!<\/p>\n\t\t\t\t\t\t\t\t<\/div>\n\t\t\t\t<\/div>\n\t\t\t\t\t<\/div>\n\t\t<\/div>\n\t\t\t\t\t<\/div>\n\t\t<\/section>\n\t\t\t\t<section class=\"elementor-section elementor-top-section elementor-element elementor-element-e3ac589 elementor-section-boxed elementor-section-height-default elementor-section-height-default\" data-id=\"e3ac589\" data-element_type=\"section\" data-e-type=\"section\">\n\t\t\t\t\t\t<div class=\"elementor-container elementor-column-gap-default\">\n\t\t\t\t\t<div class=\"elementor-column elementor-col-50 elementor-top-column elementor-element elementor-element-2abb93a\" data-id=\"2abb93a\" data-element_type=\"column\" data-e-type=\"column\">\n\t\t\t<div class=\"elementor-widget-wrap elementor-element-populated\">\n\t\t\t\t\t\t<div class=\"elementor-element elementor-element-dfa87f3 elementor-invisible elementor-widget elementor-widget-heading\" data-id=\"dfa87f3\" data-element_type=\"widget\" data-e-type=\"widget\" data-settings=\"{&quot;_animation&quot;:&quot;fadeIn&quot;}\" data-widget_type=\"heading.default\">\n\t\t\t\t<div class=\"elementor-widget-container\">\n\t\t\t\t\t<h3 class=\"elementor-heading-title elementor-size-default\">Perch\u00e9 scegliere Best Vision?<\/h3>\t\t\t\t<\/div>\n\t\t\t\t<\/div>\n\t\t\t\t<div class=\"elementor-element elementor-element-e1c43c7 elementor-icon-list--layout-traditional elementor-list-item-link-full_width elementor-invisible elementor-widget elementor-widget-icon-list\" data-id=\"e1c43c7\" data-element_type=\"widget\" data-e-type=\"widget\" data-settings=\"{&quot;_animation&quot;:&quot;fadeIn&quot;,&quot;_animation_delay&quot;:200}\" data-widget_type=\"icon-list.default\">\n\t\t\t\t<div class=\"elementor-widget-container\">\n\t\t\t\t\t\t\t<ul class=\"elementor-icon-list-items\">\n\t\t\t\t\t\t\t<li class=\"elementor-icon-list-item\">\n\t\t\t\t\t\t\t\t\t\t\t<span class=\"elementor-icon-list-icon\">\n\t\t\t\t\t\t\t<i aria-hidden=\"true\" class=\"far fa-check-circle\"><\/i>\t\t\t\t\t\t<\/span>\n\t\t\t\t\t\t\t\t\t\t<span class=\"elementor-icon-list-text\">Alta qualit\u00e0<\/span>\n\t\t\t\t\t\t\t\t\t<\/li>\n\t\t\t\t\t\t\t\t<li class=\"elementor-icon-list-item\">\n\t\t\t\t\t\t\t\t\t\t\t<span class=\"elementor-icon-list-icon\">\n\t\t\t\t\t\t\t<i aria-hidden=\"true\" class=\"far fa-check-circle\"><\/i>\t\t\t\t\t\t<\/span>\n\t\t\t\t\t\t\t\t\t\t<span class=\"elementor-icon-list-text\">Residenze di lusso da acquistare<\/span>\n\t\t\t\t\t\t\t\t\t<\/li>\n\t\t\t\t\t\t\t\t<li class=\"elementor-icon-list-item\">\n\t\t\t\t\t\t\t\t\t\t\t<span class=\"elementor-icon-list-icon\">\n\t\t\t\t\t\t\t<i aria-hidden=\"true\" class=\"far fa-check-circle\"><\/i>\t\t\t\t\t\t<\/span>\n\t\t\t\t\t\t\t\t\t\t<span class=\"elementor-icon-list-text\">Servizi di prossimit\u00e0 e professionali<\/span>\n\t\t\t\t\t\t\t\t\t<\/li>\n\t\t\t\t\t\t\t\t<li class=\"elementor-icon-list-item\">\n\t\t\t\t\t\t\t\t\t\t\t<span class=\"elementor-icon-list-icon\">\n\t\t\t\t\t\t\t<i aria-hidden=\"true\" class=\"far fa-check-circle\"><\/i>\t\t\t\t\t\t<\/span>\n\t\t\t\t\t\t\t\t\t\t<span class=\"elementor-icon-list-text\">Prezzi e investimenti<\/span>\n\t\t\t\t\t\t\t\t\t<\/li>\n\t\t\t\t\t\t\t\t<li class=\"elementor-icon-list-item\">\n\t\t\t\t\t\t\t\t\t\t\t<span class=\"elementor-icon-list-icon\">\n\t\t\t\t\t\t\t<i aria-hidden=\"true\" class=\"far fa-check-circle\"><\/i>\t\t\t\t\t\t<\/span>\n\t\t\t\t\t\t\t\t\t\t<span class=\"elementor-icon-list-text\">Soluzioni su misura<\/span>\n\t\t\t\t\t\t\t\t\t<\/li>\n\t\t\t\t\t\t\t\t<li class=\"elementor-icon-list-item\">\n\t\t\t\t\t\t\t\t\t\t\t<span class=\"elementor-icon-list-icon\">\n\t\t\t\t\t\t\t<i aria-hidden=\"true\" class=\"far fa-check-circle\"><\/i>\t\t\t\t\t\t<\/span>\n\t\t\t\t\t\t\t\t\t\t<span class=\"elementor-icon-list-text\">Presenza internazionale<\/span>\n\t\t\t\t\t\t\t\t\t<\/li>\n\t\t\t\t\t\t\t\t<li class=\"elementor-icon-list-item\">\n\t\t\t\t\t\t\t\t\t\t\t<span class=\"elementor-icon-list-icon\">\n\t\t\t\t\t\t\t<i aria-hidden=\"true\" class=\"far fa-check-circle\"><\/i>\t\t\t\t\t\t<\/span>\n\t\t\t\t\t\t\t\t\t\t<span class=\"elementor-icon-list-text\">Strutture finanziarie<\/span>\n\t\t\t\t\t\t\t\t\t<\/li>\n\t\t\t\t\t\t<\/ul>\n\t\t\t\t\t\t<\/div>\n\t\t\t\t<\/div>\n\t\t\t\t\t<\/div>\n\t\t<\/div>\n\t\t\t\t<div class=\"elementor-column elementor-col-50 elementor-top-column elementor-element elementor-element-dd2de2c\" data-id=\"dd2de2c\" data-element_type=\"column\" data-e-type=\"column\">\n\t\t\t<div class=\"elementor-widget-wrap elementor-element-populated\">\n\t\t\t\t\t\t<div class=\"elementor-element elementor-element-6a9d5a4 elementor-invisible elementor-widget elementor-widget-image\" data-id=\"6a9d5a4\" data-element_type=\"widget\" data-e-type=\"widget\" data-settings=\"{&quot;_animation&quot;:&quot;fadeIn&quot;,&quot;_animation_delay&quot;:400}\" data-widget_type=\"image.default\">\n\t\t\t\t<div class=\"elementor-widget-container\">\n\t\t\t\t\t\t\t\t\t\t\t\t\t\t\t<img fetchpriority=\"high\" decoding=\"async\" width=\"1000\" height=\"667\" src=\"https:\/\/bestvision.immo\/wp-content\/uploads\/2023\/10\/landlord-unlocks-house-key-new-home-real-estate-agents-sales-agents-jpg.webp\" class=\"attachment-large size-large wp-image-20863\" alt=\"\" srcset=\"https:\/\/bestvision.immo\/wp-content\/uploads\/2023\/10\/landlord-unlocks-house-key-new-home-real-estate-agents-sales-agents-jpg.webp 1000w, https:\/\/bestvision.immo\/wp-content\/uploads\/2023\/10\/landlord-unlocks-house-key-new-home-real-estate-agents-sales-agents-300x200.webp 300w, https:\/\/bestvision.immo\/wp-content\/uploads\/2023\/10\/landlord-unlocks-house-key-new-home-real-estate-agents-sales-agents-768x512.webp 768w, https:\/\/bestvision.immo\/wp-content\/uploads\/2023\/10\/landlord-unlocks-house-key-new-home-real-estate-agents-sales-agents-900x600.webp 900w, https:\/\/bestvision.immo\/wp-content\/uploads\/2023\/10\/landlord-unlocks-house-key-new-home-real-estate-agents-sales-agents-496x331.webp 496w\" sizes=\"(max-width: 1000px) 100vw, 1000px\" \/>\t\t\t\t\t\t\t\t\t\t\t\t\t\t\t<\/div>\n\t\t\t\t<\/div>\n\t\t\t\t\t<\/div>\n\t\t<\/div>\n\t\t\t\t\t<\/div>\n\t\t<\/section>\n\t\t\t\t<\/div>\n\t\t","protected":false},"excerpt":{"rendered":"<p>Servizi Benvenuti in Best Vision Immobiliare S.A.! Siete alla ricerca di un&#8217;opportunit\u00e0 di investimento immobiliare interessante e redditizia? Siete nel posto giusto. In Best Vision Immobiliare ci dedichiamo a selezionare meticolosamente le migliori offerte di case, appartamenti, terreni e uffici, garantendo opzioni perfettamente in linea con le vostre esigenze e i vostri desideri. Esplorate la [&hellip;]<\/p>\n","protected":false},"author":1,"featured_media":0,"parent":0,"menu_order":0,"comment_status":"closed","ping_status":"closed","template":"template\/template-homepage.php","meta":{"footnotes":""},"class_list":["post-20999","page","type-page","status-publish","hentry"],"_links":{"self":[{"href":"https:\/\/bestvision.immo\/it\/wp-json\/wp\/v2\/pages\/20999","targetHints":{"allow":["GET"]}}],"collection":[{"href":"https:\/\/bestvision.immo\/it\/wp-json\/wp\/v2\/pages"}],"about":[{"href":"https:\/\/bestvision.immo\/it\/wp-json\/wp\/v2\/types\/page"}],"author":[{"embeddable":true,"href":"https:\/\/bestvision.immo\/it\/wp-json\/wp\/v2\/users\/1"}],"replies":[{"embeddable":true,"href":"https:\/\/bestvision.immo\/it\/wp-json\/wp\/v2\/comments?post=20999"}],"version-history":[{"count":9,"href":"https:\/\/bestvision.immo\/it\/wp-json\/wp\/v2\/pages\/20999\/revisions"}],"predecessor-version":[{"id":22023,"href":"https:\/\/bestvision.immo\/it\/wp-json\/wp\/v2\/pages\/20999\/revisions\/22023"}],"wp:attachment":[{"href":"https:\/\/bestvision.immo\/it\/wp-json\/wp\/v2\/media?parent=20999"}],"curies":[{"name":"wp","href":"https:\/\/api.w.org\/{rel}","templated":true}]}}