{"id":21074,"date":"2023-10-11T22:01:59","date_gmt":"2023-10-11T20:01:59","guid":{"rendered":"https:\/\/bestvision.immo\/conditions-dutilisation\/"},"modified":"2023-10-11T22:22:36","modified_gmt":"2023-10-11T20:22:36","slug":"conditions-dutilisation","status":"publish","type":"page","link":"https:\/\/bestvision.immo\/fr\/a-propos-de\/conditions-dutilisation\/","title":{"rendered":"Conditions d&#8217;utilisation"},"content":{"rendered":"\n<h3 class=\"wp-block-heading\">R\u00e8gles g\u00e9n\u00e9rales et d\u00e9finitions<\/h3>\n\n\n\n<p>En utilisant les services li\u00e9s au site de Best Vision Group (ci-apr\u00e8s d\u00e9nomm\u00e9s \u00ab&nbsp;les services&nbsp;\u00bb ou \u00ab&nbsp;le service&nbsp;\u00bb), l\u2019utilisateur doit se conformer aux conditions et modalit\u00e9s d\u2019utilisation \u00e9nonc\u00e9es ci-apr\u00e8s.<\/p>\n\n\n\n<p>Ces conditions s\u2019appliquent \u00e0 Best Vision Group, propri\u00e9taire en titre de Best Vision Group et administrateur du contenu du site et des services y aff\u00e9rents.<\/p>\n\n\n\n<p>Best Vision Group se r\u00e9serve le droit de modifier, d\u2019ajouter ou de supprimer des parties de ces conditions, en informant les parties int\u00e9ress\u00e9es par l\u2019affichage des changements sur le site directement ou par courrier \u00e9lectronique.<\/p>\n\n\n\n<p>Il est demand\u00e9 \u00e0 chaque utilisateur de v\u00e9rifier p\u00e9riodiquement ces conditions pour d\u00e9terminer les changements intervenus apr\u00e8s la derni\u00e8re visite sur le site.<\/p>\n\n\n\n<p>En tout \u00e9tat de cause, l\u2019utilisation du site et de ses services implique l\u2019acceptation des modifications intervenues entre-temps.<\/p>\n\n\n\n<p>Si les modifications ne sont pas accept\u00e9es, l\u2019utilisateur peut r\u00e9silier son compte \u00e0 tout moment en \u00e9crivant \u00e0 info@bestvision.group ou en envoyant une lettre recommand\u00e9e avec accus\u00e9 de r\u00e9ception \u00e0 Best Vision Group, m\u00eame si la poursuite de l\u2019utilisation des services implique l\u2019acceptation des nouvelles conditions.<\/p>\n\n\n\n<p>Best Vision Group se r\u00e9serve le droit de modifier, suspendre ou m\u00eame interrompre partiellement les services, y compris l\u2019acc\u00e8s \u00e0 la base de donn\u00e9es ou au contenu. Best Vision Group peut \u00e9galement introduire des restrictions d\u2019acc\u00e8s ou de service, en tout ou en partie, sans pr\u00e9avis et sans assumer la responsabilit\u00e9 d\u2019une telle limitation de service.<\/p>\n\n\n\n<p><strong>Contenu et services du site bestvision.group et utilisation par les utilisateurs<\/strong><\/p>\n\n\n\n<p>Les contenus et services du site bestvision.group sont destin\u00e9s \u00e0 un usage personnel et non professionnel.<\/p>\n\n\n\n<p>Tous les \u00e9l\u00e9ments publi\u00e9s sur le site (y compris, par exemple, les articles informatifs, les photographies, les images, les illustrations, les enregistrements audio et\/ou vid\u00e9o, ci-apr\u00e8s \u00e9galement d\u00e9nomm\u00e9s \u00ab&nbsp;contenu&nbsp;\u00bb) sont prot\u00e9g\u00e9s par les lois sur le droit d\u2019auteur et sont la propri\u00e9t\u00e9 de l\u2019\u00e9diteur ou de ceux qui d\u00e9tiennent l\u00e9gitimement les droits relatifs. L\u2019utilisateur doit se conformer \u00e0 toute information suppl\u00e9mentaire qui pourrait \u00eatre pr\u00e9sente sur le site en relation avec la propri\u00e9t\u00e9 intellectuelle des contenus auxquels il acc\u00e8de par le biais des services du site.<\/p>\n\n\n\n<p>Les services du site et ses contenus sont prot\u00e9g\u00e9s par les lois sur les droits d\u2019auteur en vigueur en Suisse et aux Etats-Unis et par les lois internationales sur les droits d\u2019auteur. L\u2019utilisateur n\u2019est pas autoris\u00e9 \u00e0 modifier, publier, transmettre, partager, transf\u00e9rer, utiliser pour quelque raison que ce soit, reproduire (au-del\u00e0 des limites pr\u00e9cis\u00e9es ci-dessous), retraiter, distribuer, ex\u00e9cuter, donner acc\u00e8s ou exploiter commercialement le contenu ou les services de quelque mani\u00e8re que ce soit (y compris les logiciels) de ce site, m\u00eame partiellement.<\/p>\n\n\n\n<p>L\u2019utilisateur, pour un usage personnel uniquement, est autoris\u00e9 \u00e0 t\u00e9l\u00e9charger ou \u00e0 copier les contenus et tout autre mat\u00e9riel t\u00e9l\u00e9chargeable disponible \u00e0 travers les services du site, \u00e0 condition qu\u2019il rapporte fid\u00e8lement toutes les indications de copyright et autres indications renseign\u00e9es sur le site.<\/p>\n\n\n\n<p>La reproduction et la collecte de tout contenu pour des raisons autres que l\u2019usage personnel sont express\u00e9ment interdites en l\u2019absence d\u2019une autorisation expresse et pr\u00e9alable d\u00e9livr\u00e9e par \u00e9crit par l\u2019\u00e9diteur ou le d\u00e9tenteur des droits d\u2019auteur, comme indiqu\u00e9 sur le site.<\/p>\n\n\n\n<p>Les contenus provenant d\u2019agences de presse ou d\u2019autres sites, sont publi\u00e9s par l\u2019\u00e9diteur qui n\u2019assume aucune responsabilit\u00e9 en cas d\u2019incompl\u00e9tude, d\u2019inexactitude, d\u2019erreur, d\u2019omission concernant l\u2019int\u00e9grit\u00e9 de l\u2019information et n\u2019est pas responsable des dommages cons\u00e9cutifs.<\/p>\n\n\n\n<p>Le service rss constitu\u00e9 de contenus informatifs t\u00e9l\u00e9chargeables sur l\u2019ordinateur par le biais de \u00e2\u20ac\u02dcagr\u00e9gateurs\u00e2\u20ac\u2122, est rendu accessible uniquement pour un usage personnel et toute utilisation \u00e0 des fins commerciales est exclue. Toute utilisation diff\u00e9rente, y compris, par exemple, l\u2019insertion de messages publicitaires, la combinaison avec des produits ou la livraison \u00e9tendue \u00e0 des fins publicitaires sont interdites de quelque mani\u00e8re que ce soit. L\u2019utilisateur ne peut modifier ou distribuer de quelque mani\u00e8re que ce soit les services de rss et les connexions qui proviennent du site bestvision.group \u00e0 des tiers. Le service rss et ses contenus sont prot\u00e9g\u00e9s par les lois italiennes sur les droits d\u2019auteur et par les r\u00e9glementations internationales correspondantes.<\/p>\n\n\n\n<p>L\u2019\u00e9diteur se r\u00e9serve le droit d\u2019interrompre le service rss \u00e0 tout moment et d\u2019emp\u00eacher l\u2019utilisateur d\u2019utiliser le mat\u00e9riel t\u00e9l\u00e9charg\u00e9 de quelque mani\u00e8re que ce soit, sans limitations et sans pr\u00e9avis.<\/p>\n\n\n\n<p>L\u2019\u00e9diteur n\u2019assume aucune responsabilit\u00e9 en ce qui concerne les contenus et le service rss et son utilisation en ce qui concerne les dommages ou les limitations d\u2019utilisation des sites web, des ordinateurs qui ont \u00e9t\u00e9 utilis\u00e9s les contenus et les services nomm\u00e9s.<\/p>\n\n\n\n<p><strong>Acc\u00e8s et disponibilit\u00e9 du service. Utilisation des liens<\/strong><\/p>\n\n\n\n<p>Le site bestvision.group contient des liens vers d\u2019autres ressources internet. L\u2019\u00e9diteur ne saurait \u00eatre tenu responsable de l\u2019accessibilit\u00e9 r\u00e9elle et de la disponibilit\u00e9 de ces ressources externes \u00e0 son site, ni de leur contenu. En cons\u00e9quence, l\u2019utilisateur est invit\u00e9 \u00e0 contacter l\u2019administrateur ou le webmaster des sites externes s\u2019il rencontre des difficult\u00e9s avec le contenu en question.<\/p>\n\n\n\n<p><strong>Enregistrement et s\u00e9curit\u00e9<\/strong><\/p>\n\n\n\n<p>Dans le cadre de la proc\u00e9dure d\u2019enregistrement, l\u2019utilisateur doit choisir son propre identifiant et son propre mot de passe.<\/p>\n\n\n\n<p>L\u2019utilisateur ne peut pas choisir l\u2019identifiant d\u2019une autre personne dans l\u2019intention d\u2019utiliser son identit\u00e9. En outre, il est interdit d\u2019utiliser l\u2019identifiant d\u2019une autre personne sans son autorisation expresse. Il est \u00e9galement interdit d\u2019utiliser un identifiant que l\u2019\u00e9diteur, \u00e0 sa discr\u00e9tion, consid\u00e8re comme pr\u00e9judiciable aux droits des tiers, ou en tout cas comme offensant ou scandaleux.<\/p>\n\n\n\n<p>Le mot de passe choisi par l\u2019utilisateur lors de l\u2019inscription aux services et ins\u00e9r\u00e9 dans le formulaire correspondant ou dans le formulaire d\u2019inscription est personnel et ne peut \u00eatre transf\u00e9r\u00e9. L\u2019utilisateur doit conserver le mot de passe avec le plus grand soin et le garder confidentiel afin d\u2019\u00e9viter l\u2019utilisation du service par des tiers non autoris\u00e9s. Il sera donc responsable de l\u2019utilisation, par des tiers autoris\u00e9s ou non, des identifiants susmentionn\u00e9s, ainsi que de tout dommage caus\u00e9 au propri\u00e9taire du blog, \u00e0 l\u2019\u00e9diteur et\/ou \u00e0 des tiers, en raison du non-respect de ce qui pr\u00e9c\u00e8de.<\/p>\n\n\n\n<p>Le non-respect de ces r\u00e8gles constitue une violation des pr\u00e9sentes conditions g\u00e9n\u00e9rales d\u2019utilisation et peut entra\u00eener la suppression imm\u00e9diate du compte du contrevenant.<\/p>\n\n\n\n<p>En cas d\u2019utilisation r\u00e9elle ou potentielle non autoris\u00e9e de votre compte, l\u2019utilisateur est invit\u00e9 \u00e0 le signaler en \u00e9crivant \u00e0 info@bestvision.ch ou en envoyant une lettre certifi\u00e9e avec accus\u00e9 de r\u00e9ception adress\u00e9e \u00e0 Best Vision Group, en fournissant toute information d\u00e9taill\u00e9e sur la violation et la notification de perte, de compromission de mot de passe non autoris\u00e9, de vol d\u2019informations personnelles.<\/p>\n\n\n\n<p>L\u2019utilisateur est conscient qu\u2019il doit \u00eatre \u00e2g\u00e9 d\u2019au moins 18 ans pour s\u2019inscrire au service, m\u00eame si des personnes de tous \u00e2ges peuvent acc\u00e9der au service. Les enfants de moins de 18 ans doivent \u00eatre assist\u00e9s et autoris\u00e9s par l\u2019autorit\u00e9 parentale.<\/p>\n\n\n\n<p>L\u2019utilisateur est enti\u00e8rement responsable de toute action entreprise par l\u2019interm\u00e9diaire de son compte, soit directement, soit par l\u2019interm\u00e9diaire de tiers autoris\u00e9s par lui.<\/p>\n\n\n\n<p>Toute utilisation abusive, frauduleuse ou en tout cas ill\u00e9gale est la cause de la suppression imm\u00e9diate du compte, \u00e0 la discr\u00e9tion de l\u2019\u00e9diteur ou de l\u2019administrateur du site, sans pr\u00e9judice de l\u2019exercice de toute action l\u00e9gale par les ayants droit.<\/p>\n\n\n\n<p><strong>Co\u00fbts des services et paiements<\/strong><\/p>\n\n\n\n<p>Les services du site sont gratuits, sauf mention contraire.<\/p>\n\n\n\n<p>L\u2019\u00e9diteur et l\u2019administrateur du site se r\u00e9servent le droit de rendre payant l\u2019acc\u00e8s \u00e0 certaines parties du site, \u00e0 certains services ou \u00e0 l\u2019ensemble du site.<\/p>\n\n\n\n<p>En tout \u00e9tat de cause, l\u2019\u00e9diteur ne demandera le paiement d\u2019aucune redevance s\u2019il n\u2019a pas obtenu au pr\u00e9alable une adh\u00e9sion expresse \u00e0 cette offre.<\/p>\n\n\n\n<p>Par cons\u00e9quent, si l\u2019\u00e9diteur ou l\u2019administrateur du site demande \u00e0 l\u2019avenir le paiement d\u2019une redevance pour l\u2019acc\u00e8s \u00e0 des parties du site ou \u00e0 des services qui sont actuellement gratuits, l\u2019utilisateur recevra une communication sp\u00e9cifique avec une indication d\u00e9taill\u00e9e de ces co\u00fbts, ce qui lui donnera explicitement la possibilit\u00e9 de choisir d\u2019adh\u00e9rer ou non au service. En cas d\u2019acceptation, l\u2019utilisateur paiera ces frais sous les formes qu\u2019il choisit, au co\u00fbt qui sera d\u00e9fini au moment de l\u2019acceptation du service.<\/p>\n\n\n\n<p><strong>Communications entre l\u2019\u00e9diteur et l\u2019administrateur du site et l\u2019utilisateur<\/strong><\/p>\n\n\n\n<p>Si l\u2019utilisateur doit indiquer dans le formulaire d\u2019inscription en ligne qu\u2019il souhaite recevoir des informations de la part de l\u2019\u00e9diteur, de l\u2019administrateur du site et des sujets corr\u00e9l\u00e9s, avec son consentement, conform\u00e9ment \u00e0 la l\u00e9gislation en vigueur, les donn\u00e9es de contact de l\u2019utilisateur peuvent \u00eatre utilis\u00e9es, par exemple pour l\u2019envoi de mat\u00e9riel promotionnel li\u00e9 \u00e0 ces sujets.<\/p>\n\n\n\n<p>L\u2019\u00e9diteur et l\u2019administrateur du site se r\u00e9servent en tout cas le droit d\u2019envoyer \u00e0 l\u2019utilisateur des communications par courrier \u00e9lectronique pour l\u2019informer des changements ou des ajouts li\u00e9s au site et aux services connexes.<\/p>\n\n\n\n<p>Les donn\u00e9es statistiques et celles relatives \u00e0 l\u2019utilisation du site, apr\u00e8s avoir \u00e9t\u00e9 rendues anonymes, peuvent \u00eatre utilis\u00e9es par l\u2019\u00e9diteur et l\u2019administrateur du site pour des activit\u00e9s de recherche et d\u2019analyse. Pour plus de d\u00e9tails, l\u2019utilisateur peut consulter les informations relatives au traitement de ses donn\u00e9es personnelles.<\/p>\n\n\n\n<p>L\u2019\u00e9diteur et l\u2019administrateur du site peuvent contacter l\u2019utilisateur par courrier \u00e9lectronique pour participer \u00e0 des enqu\u00eates, des demandes de commentaires sur le site web et sur les produits et services existants ou \u00e0 cr\u00e9er.<\/p>\n\n\n\n<p>Ces informations ne seront pas partag\u00e9es avec des tiers, sauf sous forme agr\u00e9g\u00e9e, et ne seront utilis\u00e9es que pour am\u00e9liorer le site et les services.<\/p>\n\n\n\n<p><strong>Licences d\u2019utilisation des logiciels<\/strong><\/p>\n\n\n\n<p>L\u2019utilisateur n\u2019acquiert aucun droit relatif \u00e0 l\u2019utilisation des logiciels pr\u00e9sents sur le site en dehors de l\u2019utilisation n\u00e9cessaire \u00e0 l\u2019utilisation des services.<\/p>\n\n\n\n<p>Par cons\u00e9quent, l\u2019utilisateur ne peut pas accorder de droits d\u2019utilisation, c\u00e9der ou transf\u00e9rer des licences relatives \u00e0 ces logiciels. L\u2019utilisateur est exclusivement autoris\u00e9 \u00e0 faire une copie du logiciel pour son usage personnel, sans pr\u00e9judice de l\u2019interdiction de distribuer, modifier, retravailler ou tirer des \u0153uvres d\u00e9riv\u00e9es du logiciel en question.<\/p>\n\n\n\n<p><strong>Dur\u00e9e du compte.<\/strong><\/p>\n\n\n\n<p>L\u2019utilisateur peut r\u00e9silier son compte \u00e0 tout moment en \u00e9crivant \u00e0 info@bestvision.ch ou en envoyant une lettre recommand\u00e9e avec accus\u00e9 de r\u00e9ception \u00e0 Best Vision Group. L\u2019utilisateur recevra une communication confirmant la r\u00e9ception de la demande et la r\u00e9siliation subs\u00e9quente du compte.<\/p>\n\n\n\n<p>Il est entendu que l\u2019utilisateur est responsable de toutes les activit\u00e9s effectu\u00e9es avec le compte jusqu\u2019au moment de la d\u00e9sactivation effective.<\/p>\n\n\n\n<p>L\u2019\u00e9diteur et l\u2019administrateur du site peuvent, \u00e0 leur discr\u00e9tion, annuler ou suspendre temporairement l\u2019acc\u00e8s \u00e0 tout ou partie du site et des services pour quelque raison que ce soit, y compris, sans limitation, toute violation des r\u00e8gles d\u00e9crites dans les pr\u00e9sentes conditions d\u2019acc\u00e8s au service.<\/p>\n\n\n\n<p><strong>Divers<\/strong><\/p>\n\n\n\n<p>Les pr\u00e9sentes conditions d\u2019acc\u00e8s ont \u00e9t\u00e9 formul\u00e9es \u00e0 la lumi\u00e8re des lois en vigueur en Suisse. Le tribunal comp\u00e9tent pour l\u2019application de ces r\u00e8gles est le Tribunal de Gen\u00e8ve.<\/p>\n\n\n\n<p>Ces conditions d\u2019acc\u00e8s doivent \u00eatre appliqu\u00e9es et interpr\u00e9t\u00e9es conform\u00e9ment aux r\u00e8gles g\u00e9n\u00e9rales \u00e9tablies sur le site bestvision.group.<\/p>\n\n\n\n<p>L\u2019utilisateur peut contacter Best Vision Group en envoyant un email \u00e0 info@bestvision.ch pour toute communication relative aux pr\u00e9sentes conditions d\u2019acc\u00e8s.<\/p>\n\n\n\n<p>L\u2019utilisateur d\u00e9clare s\u2019engager \u00e0 informer l\u2019\u00e9diteur de toute violation li\u00e9e aux pr\u00e9sentes conditions d\u2019acc\u00e8s d\u00e8s qu\u2019il en a connaissance. En particulier, en cas d\u2019actions en justice li\u00e9es \u00e0 la violation des droits d\u2019auteur relatifs aux mat\u00e9riaux publi\u00e9s par le site ou par les services connect\u00e9s, l\u2019utilisateur est invit\u00e9 \u00e0 signaler toute information dont il dispose en \u00e9crivant \u00e0 info@bestvision.ch ou en envoyant une lettre recommand\u00e9e A\/R adress\u00e9e \u00e0 Best Vision Group.<\/p>\n\n\n\n<p><strong>Protection des donn\u00e9es personnelles.<\/strong><\/p>\n\n\n\n<p>Les donn\u00e9es personnelles fournies par l\u2019utilisateur sont prot\u00e9g\u00e9es conform\u00e9ment aux dispositions du d\u00e9cret l\u00e9gislatif 196\/2003 \u00ab&nbsp;Code en mati\u00e8re de protection des donn\u00e9es personnelles&nbsp;\u00bb et \u00e0 ses modifications et ajouts ult\u00e9rieurs. L\u2019\u00e9diteur divulgue les m\u00e9thodes de gestion utilis\u00e9es pour prot\u00e9ger la vie priv\u00e9e des lecteurs qui consultent le site dans la Politique de confidentialit\u00e9 (indiqu\u00e9e sur le site).<\/p>\n\n\n\n<p>Toute information personnelle envoy\u00e9e au site sera trait\u00e9e conform\u00e9ment \u00e0 la loi sur la protection des donn\u00e9es. Toute information non personnelle communiqu\u00e9e \u00e0 l\u2019\u00e9diteur, \u00e0 l\u2019administrateur du site et au propri\u00e9taire du blog (y compris les id\u00e9es, dessins, projets, etc.) donnera \u00e0 ces derniers le droit d\u2019utiliser, de reproduire, d\u2019afficher, d\u2019ex\u00e9cuter, de modifier, de poster et de distribuer ces informations non personnelles. La communication de ces informations entra\u00eenera automatiquement le transfert de celles-ci, \u00e0 titre gratuit et avec tous les droits et pouvoirs qui s\u2019y rattachent, \u00e0 Best Vision Group.<\/p>\n\n\n\n<p>Le site offre un contenu informatif et interactif. Lors de la navigation sur le site, vous pouvez obtenir des informations sur l\u2019utilisateur, ou plus g\u00e9n\u00e9ralement sur le visiteur, de la mani\u00e8re suivante :<\/p>\n\n\n\n<p><strong>Donn\u00e9es de navigation<\/strong><\/p>\n\n\n\n<p>Le site collecte des informations techniques relatives au mat\u00e9riel et aux logiciels utilis\u00e9s par les visiteurs, en utilisant des outils autonomes d\u2019analyse des fichiers de connexion. Ces informations se r\u00e9f\u00e8rent \u00e0 :<\/p>\n\n\n\n<ul class=\"wp-block-list\">\n<li>l\u2019adresse IP<\/li>\n\n\n\n<li>le type de navigateur<\/li>\n\n\n\n<li>Fournisseur d\u2019acc\u00e8s \u00e0 Internet<\/li>\n\n\n\n<li>le syst\u00e8me d\u2019exploitation<\/li>\n\n\n\n<li>Nom de domaine et adresses des sites web \u00e0 partir desquels vous avez acc\u00e9d\u00e9 ou sorti (pages de r\u00e9f\u00e9rence\/sortie)<\/li>\n\n\n\n<li>Informations sur les pages visit\u00e9es par les lecteurs \u00e0 l\u2019int\u00e9rieur du site<\/li>\n\n\n\n<li>Temps d\u2019acc\u00e8s<\/li>\n\n\n\n<li>Dur\u00e9e de s\u00e9jour sur une page<\/li>\n\n\n\n<li>Analyse du parcours interne (clickstream)<\/li>\n\n\n\n<li>R\u00e9solution vid\u00e9o<\/li>\n\n\n\n<li>Type de connexion<\/li>\n\n\n\n<li>Pays \u00e0 partir duquel l\u2019utilisateur se connecte<\/li>\n\n\n\n<li>Pr\u00e9sence de plugins java install\u00e9s<\/li>\n<\/ul>\n\n\n\n<p>Ces informations ne fournissent pas les donn\u00e9es personnelles de l\u2019utilisateur\u00e2\u20ac\u2122, mais seulement des donn\u00e9es techniques \/ informatiques qui sont collect\u00e9es et utilis\u00e9es de mani\u00e8re agr\u00e9g\u00e9e et anonyme dans le seul but d\u2019am\u00e9liorer la qualit\u00e9 du service et de fournir sur l\u2019utilisation du site. Ces donn\u00e9es sont supprim\u00e9es imm\u00e9diatement apr\u00e8s leur traitement.<\/p>\n\n\n\n<p><strong>Donn\u00e9es fournies par l\u2019utilisateur<\/strong><\/p>\n\n\n\n<p>Il s\u2019agit des cas o\u00f9 l\u2019utilisateur fournit lui-m\u00eame ses donn\u00e9es personnelles sur le site, apr\u00e8s avoir lu des informations pour acc\u00e9der \u00e0 certains services ou envoy\u00e9 des demandes par courrier \u00e9lectronique. Cela implique l\u2019acquisition par le propri\u00e9taire du site de l\u2019adresse de l\u2019exp\u00e9diteur\u00e2\u20ac\u2122s et \/ ou de toute autre donn\u00e9e personnelle qui sera trait\u00e9e exclusivement pour r\u00e9pondre aux demandes formul\u00e9es ou pour fournir le service demand\u00e9. Dans tous les cas, avant de proc\u00e9der \u00e0 l\u2019activation d\u2019un service sp\u00e9cifique, des informations ad\u00e9quates seront fournies et, si n\u00e9cessaire, un consentement relatif sera obtenu pour le traitement des donn\u00e9es personnelles. Ce consentement peut \u00eatre r\u00e9voqu\u00e9 par la suite \u00e0 tout moment, ce qui annule la possibilit\u00e9 d\u2019utiliser le service en question. Les donn\u00e9es collect\u00e9es sont conserv\u00e9es pendant le temps strictement n\u00e9cessaire \u00e0 la r\u00e9alisation de l\u2019objectif pour lequel le traitement est effectu\u00e9, \u00e0 savoir l\u2019activation \/ la gestion du service demand\u00e9.<\/p>\n\n\n\n<p><strong>Cookies<\/strong><\/p>\n\n\n\n<p>Les cookies sont des \u00e9l\u00e9ments d\u2019information qui peuvent \u00eatre stock\u00e9s sur l\u2019ordinateur pendant la navigation sur un site web, afin de traiter et d\u2019identifier les donn\u00e9es d\u2019utilisation. Le fichier cookie est g\u00e9n\u00e9ralement tr\u00e8s petit et ne contribue pas \u00e0 la saturation de l\u2019espace physique du disque dur. Le cookie est transf\u00e9r\u00e9 sur le disque de l\u2019utilisateur \u00e0 des fins d\u2019enregistrement pour \u00ab&nbsp;m\u00e9moriser&nbsp;\u00bb les zones d\u2019un site web qui ont \u00e9t\u00e9 visit\u00e9es. Cette option permet de gagner du temps en permettant \u00e0 l\u2019utilisateur d\u2019atteindre plus rapidement les parties principales d\u2019un site d\u00e9j\u00e0 visit\u00e9. Il existe diff\u00e9rents types de cookies:<\/p>\n\n\n\n<p>permanentes, c\u2019est-\u00e0-dire qu\u2019elles restent sur le disque dur, m\u00eame une fois le navigateur ferm\u00e9<\/p>\n\n\n\n<p>temporaires ou de session, qui ne sont m\u00e9moris\u00e9es que pour la dur\u00e9e de la navigation et sont supprim\u00e9es de l\u2019ordinateur lorsque le navigateur est ferm\u00e9<\/p>\n\n\n\n<p>De tiers, g\u00e9n\u00e9r\u00e9s par un site web autre que celui que vous visitez actuellement.<\/p>\n\n\n\n<p>Les cookies utilis\u00e9s par le propri\u00e9taire du site sont une combinaison de ces trois types : certains ne sont utilis\u00e9s que pour ouvrir et maintenir une session (cookies temporaires). Dans ce cas, la fermeture de la session ou du navigateur les rendra inutilisables tant par nous que par les tiers, m\u00eame s\u2019ils restent physiquement sur le PC utilis\u00e9 (cookies permanents).<\/p>\n\n\n\n<p>\u00c0 des fins purement statistiques, des cookies de tiers sont \u00e9galement \u00e9mis pour la mesure d\u2019informations agr\u00e9g\u00e9es. Afin d\u2019offrir un site qui r\u00e9ponde aux attentes et aux int\u00e9r\u00eats de l\u2019utilisateur, une analyse constante des donn\u00e9es recueillies dans les cookies est effectu\u00e9e ; ces donn\u00e9es indiquent uniquement et de mani\u00e8re anonyme comment le site est utilis\u00e9, c\u2019est-\u00e0-dire les zones et les sections qui sont consid\u00e9r\u00e9es comme les plus int\u00e9ressantes et les plus utiles pour les navigateurs.<\/p>\n\n\n\n<p>L\u2019utilisateur a le droit de configurer son navigateur pour qu\u2019il accepte tous les cookies, certains seulement, ou qu\u2019il les rejette.<\/p>\n\n\n\n<p>Nous signalons toutefois que le fait de ne pas accepter les cookies pourrait rendre impossible la prestation du service en cas d\u2019acc\u00e8s \u00e0 certaines zones du site. Il convient \u00e9galement de rappeler qu\u2019\u00e0 la fin de chaque session de navigation, l\u2019utilisateur peut, en tout \u00e9tat de cause, effacer de son disque dur aussi bien le cache de navigation que les cookies collect\u00e9s.<\/p>\n\n\n\n<p>Le traitement est effectu\u00e9 \u00e0 l\u2019aide d\u2019outils automatis\u00e9s (par exemple, en utilisant des proc\u00e9dures et des moyens \u00e9lectroniques) et\/ou manuellement (par exemple, sur papier) pendant le temps strictement n\u00e9cessaire pour atteindre les objectifs pour lesquels les donn\u00e9es ont \u00e9t\u00e9 collect\u00e9es et, dans tous les cas, dans le respect de la l\u00e9gislation en vigueur.<\/p>\n\n\n\n<p><strong>D\u00e9sactiver les cookies dans le navigateur<\/strong><\/p>\n\n\n\n<p>Voici les instructions pour configurer les cookies dans les principaux navigateurs :<\/p>\n\n\n\n<p><strong>Chrome<\/strong>&nbsp;: Param\u00e8tres-&gt;Afficher les options avanc\u00e9es-&gt;Privacit\u00e9-&gt;Param\u00e8tres de contenu<\/p>\n\n\n\n<p>Pour plus d\u2019informations, veuillez consulter l\u2019assistance de Google ou l\u2019aide du navigateur.<\/p>\n\n\n\n<p><strong>Firefox<\/strong>&nbsp;: Outils-&gt;Options-&gt;Privacit\u00e9-&gt;Histoire-&gt;Param\u00e8tres personnalis\u00e9s.<\/p>\n\n\n\n<p>Pour plus d\u2019informations, veuillez consulter le support Mozilla ou l\u2019aide du navigateur.<\/p>\n\n\n\n<p><strong>Internet Explorer<\/strong>&nbsp;: Outils-&gt;Options Internet-&gt;Privacit\u00e9-&gt;R\u00e9glages.<\/p>\n\n\n\n<p>Pour plus d\u2019informations, veuillez consulter le support Microsoft ou l\u2019aide du navigateur.<\/p>\n\n\n\n<p><strong>Safari<\/strong>&nbsp;: Pr\u00e9f\u00e9rences-&gt;S\u00e9curit\u00e9.<\/p>\n\n\n\n<p>Pour plus d\u2019informations, veuillez consulter le support Apple ou l\u2019aide du navigateur.<\/p>\n","protected":false},"excerpt":{"rendered":"<p>R\u00e8gles g\u00e9n\u00e9rales et d\u00e9finitions En utilisant les services li\u00e9s au site de Best Vision Group (ci-apr\u00e8s d\u00e9nomm\u00e9s \u00ab&nbsp;les services&nbsp;\u00bb ou \u00ab&nbsp;le service&nbsp;\u00bb), l\u2019utilisateur doit se conformer aux conditions et modalit\u00e9s d\u2019utilisation \u00e9nonc\u00e9es ci-apr\u00e8s. Ces conditions s\u2019appliquent \u00e0 Best Vision Group, propri\u00e9taire en titre de Best Vision Group et administrateur du contenu du site et des [&hellip;]<\/p>\n","protected":false},"author":2,"featured_media":0,"parent":20903,"menu_order":0,"comment_status":"closed","ping_status":"closed","template":"","meta":{"footnotes":""},"class_list":["post-21074","page","type-page","status-publish","hentry"],"_links":{"self":[{"href":"https:\/\/bestvision.immo\/fr\/wp-json\/wp\/v2\/pages\/21074","targetHints":{"allow":["GET"]}}],"collection":[{"href":"https:\/\/bestvision.immo\/fr\/wp-json\/wp\/v2\/pages"}],"about":[{"href":"https:\/\/bestvision.immo\/fr\/wp-json\/wp\/v2\/types\/page"}],"author":[{"embeddable":true,"href":"https:\/\/bestvision.immo\/fr\/wp-json\/wp\/v2\/users\/2"}],"replies":[{"embeddable":true,"href":"https:\/\/bestvision.immo\/fr\/wp-json\/wp\/v2\/comments?post=21074"}],"version-history":[{"count":2,"href":"https:\/\/bestvision.immo\/fr\/wp-json\/wp\/v2\/pages\/21074\/revisions"}],"predecessor-version":[{"id":21098,"href":"https:\/\/bestvision.immo\/fr\/wp-json\/wp\/v2\/pages\/21074\/revisions\/21098"}],"up":[{"embeddable":true,"href":"https:\/\/bestvision.immo\/fr\/wp-json\/wp\/v2\/pages\/20903"}],"wp:attachment":[{"href":"https:\/\/bestvision.immo\/fr\/wp-json\/wp\/v2\/media?parent=21074"}],"curies":[{"name":"wp","href":"https:\/\/api.w.org\/{rel}","templated":true}]}}