{"id":21062,"date":"2022-06-20T14:33:24","date_gmt":"2022-06-20T12:33:24","guid":{"rendered":"https:\/\/bestvision.immo\/politique-de-confidentialite\/"},"modified":"2023-10-11T22:23:01","modified_gmt":"2023-10-11T20:23:01","slug":"politique-de-confidentialite","status":"publish","type":"page","link":"https:\/\/bestvision.immo\/fr\/a-propos-de\/politique-de-confidentialite\/","title":{"rendered":"Politique de confidentialit\u00e9"},"content":{"rendered":"\n<h4 class=\"wp-block-heading\">POLITIQUE DES DONN\u00c9ES<\/h4>\n\n\n\n<p>Objet : Informations Conform\u00e9ment \u00e0 l\u2019art. 13 du r\u00e8glement (UE) 679\/2016 et de la l\u00e9gislation de chaque \u00c9tat membre de l\u2019UE.<\/p>\n\n\n\n<p>Conform\u00e9ment \u00e0 l\u2019art. 13 du R\u00e8glement UE n.2016\/679 (ci-apr\u00e8s &nbsp;\u00bb GDPR 2016\/679 \u00ab&nbsp;) et de la l\u00e9gislation de chaque \u00c9tat membre de l\u2019UE (ci-apr\u00e8s &nbsp;\u00bb Code de confidentialit\u00e9 \u00ab&nbsp;), \u00e9non\u00e7ant des dispositions pour la protection des personnes et d\u2019autres sujets concernant le traitement des donn\u00e9es personnelles, nous souhaitons vous informer que les donn\u00e9es personnelles que vous fournissez seront trait\u00e9es dans le respect de la loi susmentionn\u00e9e et des obligations de confidentialit\u00e9 \u00e0 l\u2019\u00e9gard desquelles toutes les soci\u00e9t\u00e9s appartenant \u00e0 BEST VISION GROUP sont tenues de se conformer.<\/p>\n\n\n\n<p><strong>Quelles sont les donn\u00e9es que nous traitons ?<\/strong><\/p>\n\n\n\n<p>Les donn\u00e9es saisies en remplissant le formulaire d\u2019inscription (nom, pr\u00e9nom, adresse et adresse \u00e9lectronique, num\u00e9ro de t\u00e9l\u00e9phone et de portable) et les donn\u00e9es concernant votre parcours professionnel ou les informations que vous avez divulgu\u00e9es dans votre curriculum vitae ainsi que celles concernant votre \u00e9tat de sant\u00e9 ;<\/p>\n\n\n\n<p>Les donn\u00e9es relatives \u00e0 la navigation sur notre site web, par exemple les donn\u00e9es relatives au trafic, la localisation, les visites du site web, le weblog, l\u2019adresse IP, le syst\u00e8me d\u2019exploitation et le navigateur utilis\u00e9s, les cookies ;<\/p>\n\n\n\n<p>Les donn\u00e9es que vous nous fournissez par e-mail, par sondage ainsi que par le biais de nos modules de contact ou de LinkedIn.<\/p>\n\n\n\n<p><strong>Pourquoi avons-nous besoin de vos donn\u00e9es ?<\/strong><\/p>\n\n\n\n<p>Nous utilisons vos donn\u00e9es pour assurer le suivi de votre \u00e9ventuel entretien pour un poste vacant dans l\u2019entreprise et pour la gestion de la relation de travail, ainsi qu\u2019\u00e0 des fins commerciales.<\/p>\n\n\n\n<p><strong>Vos donn\u00e9es sont trait\u00e9es sp\u00e9cifiquement pour :<\/strong><\/p>\n\n\n\n<ol class=\"wp-block-list\">\n<li>Les activit\u00e9s concernant l\u2019interm\u00e9diation entre l\u2019offre et la demande de travail<\/li>\n\n\n\n<li>Les activit\u00e9s \u00e0 des fins commerciales, l\u2019envoi d\u2019informations et de bulletins d\u2019information.<\/li>\n\n\n\n<li>Le partage de vos donn\u00e9es avec nos clients en Suisse et dans des pays tiers qui sont \u00e0 la recherche de personnel ainsi qu\u2019avec les sujets publics et priv\u00e9s par lesquels le propri\u00e9taire a \u00e9t\u00e9 charg\u00e9 de l\u2019une des activit\u00e9s mentionn\u00e9es au point 1). En outre, vos donn\u00e9es sont transmises aux organisations et aux personnes priv\u00e9es en Suisse et dans des pays tiers qui soutiennent le propri\u00e9taire dans la fourniture de services, tels que les services de r\u00e9seau, les logiciels, la publicit\u00e9, etc.)<\/li>\n\n\n\n<li>Le partage de vos donn\u00e9es avec les autorit\u00e9s polici\u00e8res en cas d\u2019abus constat\u00e9.<\/li>\n<\/ol>\n\n\n\n<p>La base juridique de ces activit\u00e9s est l\u2019accomplissement des exigences pr\u00e9contractuelles et contractuelles li\u00e9es au service ainsi que l\u2019existence d\u2019obligations l\u00e9gales sp\u00e9cifiques.<\/p>\n\n\n\n<p><strong>Comment traitons-nous vos donn\u00e9es personnelles ?<\/strong><\/p>\n\n\n\n<p>Le traitement de vos donn\u00e9es personnelles est effectu\u00e9 sous forme num\u00e9rique ou sur papier par des personnes autoris\u00e9es et form\u00e9es en interne \u00e0 cet effet. Le traitement de ces donn\u00e9es n\u2019inclut pas la prise de d\u00e9cision automatis\u00e9e mais implique le profilage pour les activit\u00e9s li\u00e9es \u00e0 la navigation sur le site web par le biais d\u2019outils techniques tels que les cookies.<\/p>\n\n\n\n<p><strong>Combien de temps vos donn\u00e9es sont-elles conserv\u00e9es ?<\/strong><\/p>\n\n\n\n<p>Vos donn\u00e9es personnelles seront conserv\u00e9es le temps n\u00e9cessaire \u00e0 l\u2019accomplissement des t\u00e2ches li\u00e9es \u00e0 la gestion du contrat ainsi qu\u2019\u00e0 toute obligation l\u00e9gale qui en d\u00e9coule. Les donn\u00e9es stock\u00e9es sur le site web du propri\u00e9taire seront supprim\u00e9es apr\u00e8s 60 mois d\u2019inactivit\u00e9. 6 mois avant la date d\u2019expiration, vous recevrez une notification par courrier \u00e9lectronique.<\/p>\n\n\n\n<p>Les donn\u00e9es de ceux qui n\u2019ach\u00e8tent pas ou n\u2019utilisent pas les produits\/services, m\u00eame s\u2019ils ont eu un contact ant\u00e9rieur avec les repr\u00e9sentants de l\u2019entreprise, seront imm\u00e9diatement annul\u00e9es ou trait\u00e9es de mani\u00e8re anonyme, lorsque leur conservation n\u2019est pas autrement justifi\u00e9e, \u00e0 moins qu\u2019il n\u2019ait \u00e9t\u00e9 valablement acquis le consentement \u00e9clair\u00e9 des parties int\u00e9ress\u00e9es concernant une promotion commerciale ult\u00e9rieure ou une activit\u00e9 d\u2019\u00e9tude de march\u00e9.<\/p>\n\n\n\n<p>La p\u00e9riode maximale de conservation des donn\u00e9es est de 10 ans.<\/p>\n\n\n\n<p><strong>Que se passe-t-il si vous ne nous fournissez pas vos donn\u00e9es ?<\/strong><\/p>\n\n\n\n<p>La fourniture des donn\u00e9es est obligatoire pour tout ce qui est requis par les obligations l\u00e9gales et contractuelles et, par cons\u00e9quent, tout refus de les fournir en tout ou en partie peut donner lieu \u00e0 l\u2019impossibilit\u00e9 de fournir les services demand\u00e9s par le propri\u00e9taire. L\u2019entreprise traite les donn\u00e9es facultatives des utilisateurs\u00e2\u20ac\u2122 sur la base de leur consentement qui passe par l\u2019approbation explicite de la pr\u00e9sente politique de confidentialit\u00e9 et en relation avec les m\u00e9thodes et les finalit\u00e9s d\u00e9crites ci-dessous.<\/p>\n\n\n\n<p><strong>Quels sont vos droits ?<\/strong><\/p>\n\n\n\n<p>Conform\u00e9ment au r\u00e8glement europ\u00e9en 679\/2016 (GDPR) et \u00e0 la l\u00e9gislation nationale, l\u2019int\u00e9ress\u00e9 peut, selon les proc\u00e9dures et dans les limites \u00e9tablies par la l\u00e9gislation en vigueur, exercer les droits suivants :<\/p>\n\n\n\n<ul class=\"wp-block-list\">\n<li>Demander la confirmation du traitement de ses donn\u00e9es personnelles ;<\/li>\n\n\n\n<li>Conna\u00eetre l\u2019origine et les finalit\u00e9s du traitement ;<\/li>\n\n\n\n<li>La possibilit\u00e9 de mettre \u00e0 jour et de rectifier vos donn\u00e9es afin de garantir leur exactitude ;<\/li>\n\n\n\n<li>La possibilit\u00e9 d\u2019effacer, dans la mesure du possible, vos donn\u00e9es personnelles et de limiter leur traitement ;<\/li>\n\n\n\n<li>Demander la mise \u00e0 jour, la rectification, l\u2019int\u00e9gration, l\u2019effacement, la transformation sous forme anonyme, le blocage des donn\u00e9es trait\u00e9es en violation de la loi, y compris celles qui ne sont plus n\u00e9cessaires \u00e0 la poursuite des finalit\u00e9s pour lesquelles elles ont \u00e9t\u00e9 collect\u00e9es ;<\/li>\n<\/ul>\n\n\n\n<p>le droit d\u2019introduire une r\u00e9clamation aupr\u00e8s de l\u2019autorit\u00e9 de contr\u00f4le.<\/p>\n\n\n\n<p>Le propri\u00e9taire du traitement de vos donn\u00e9es personnelles est Best Vision Group.<\/p>\n\n\n\n<p><strong>Informations juridiques importantes et conditions d\u2019utilisation<\/strong><\/p>\n\n\n\n<p>Les personnes acc\u00e9dant \u00e0 ce site web sont pri\u00e9es de lire le contenu de cette page et la clause de non-responsabilit\u00e9. Elles se d\u00e9clarent d\u2019accord avec les conditions d\u2019utilisation, les restrictions et les limitations l\u00e9gales suivantes. Quiconque n\u2019accepte pas ce qui pr\u00e9c\u00e8de ne doit pas acc\u00e9der au site Web de Best Vision Ltd. (Best Vision) (ci-apr\u00e8s d\u00e9nomm\u00e9 le site BestVision) ni \u00e0 aucune de ses pages et de ses liens.<\/p>\n\n\n\n<p><strong>Utilisation du site Best Vision<\/strong><\/p>\n\n\n\n<p>Le site Best Vision est couvert par le droit d\u2019auteur. Il est possible de t\u00e9l\u00e9charger ou d\u2019imprimer \u00e0 partir du site tant que le copyright n\u2019est pas supprim\u00e9. Sans l\u2019accord \u00e9crit de Best Vision, la reproduction (totale ou partielle), le transfert, la modification, la cr\u00e9ation de liens ou l\u2019utilisation du site Best Vision pour tout usage public, priv\u00e9 ou commercial sont interdits.<\/p>\n\n\n\n<p>Best Vision peut modifier de temps \u00e0 autre le contenu de cette page et les conditions de l\u2019avis de non-responsabilit\u00e9. En cons\u00e9quence, nous vous invitons \u00e0 les consulter de temps \u00e0 autre. En continuant d\u2019acc\u00e9der \u00e0 ce site Web ou en \u00e9tablissant un lien vers ce site Web apr\u00e8s la publication de modifications de l\u2019un d\u2019entre eux ou des deux, vous les acceptez, tels que modifi\u00e9s. Si, \u00e0 un moment quelconque, vous ne souhaitez pas accepter le contenu de cette page, la clause de non-responsabilit\u00e9 ou les deux, vous devez cesser d\u2019acc\u00e9der \u00e0 ce site web ou d\u2019\u00e9tablir un lien vers celui-ci.<\/p>\n\n\n\n<p>Si l\u2019utilisation de ce site Web cr\u00e9e une relation juridique entre les personnes acc\u00e9dant \u00e0 ce site Web et Best Vision, elle sera soumise au droit suisse.<\/p>\n\n\n\n<p><strong>Politique en mati\u00e8re de cookies sur les sites BestVision<\/strong><\/p>\n\n\n\n<p>Best Vision utilise des cookies HTTP afin de simplifier l\u2019utilisation de ses sites Internet. Cette d\u00e9claration a pour but de vous informer sur l\u2019utilisation des cookies sur nos sites Internet.<\/p>\n\n\n\n<p><strong>Qu\u2019est-ce qu\u2019un cookie ?<\/strong><\/p>\n\n\n\n<p>Les cookies sont de petits \u00e9l\u00e9ments de donn\u00e9es envoy\u00e9s par un site web et stock\u00e9s dans le navigateur web de l\u2019utilisateur pendant que celui-ci navigue sur ce site. Ils permettent de collecter un ensemble d\u2019informations dans le but d\u2019am\u00e9liorer les services accessibles via nos sites Internet.<\/p>\n\n\n\n<p>Gr\u00e2ce \u00e0 ces informations, il est possible d\u2019analyser le trafic sur nos sites Internet (nombre de visites, adresses IP, etc.).<\/p>\n\n\n\n<p>Ces informations sont collect\u00e9es lorsque vous visitez notre site Internet et elles nous permettent de savoir quelles parties de nos pages int\u00e9ressent le plus nos visiteurs du site. Nous pouvons ainsi mieux conna\u00eetre leurs besoins et am\u00e9liorer le contenu de notre site en leur fournissant les informations les plus adapt\u00e9es.<\/p>\n\n\n\n<p>Comment g\u00e9rer les cookies.<\/p>\n\n\n\n<p>La proc\u00e9dure \u00e0 suivre pour le param\u00e9trage des cookies d\u00e9pend du navigateur internet que vous utilisez.<\/p>\n\n\n\n<p>Vous pouvez vous-m\u00eame d\u00e9cider si notre site est autoris\u00e9 \u00e0 utiliser des cookies sur votre ordinateur. Vous avez le choix \u00e0 tout moment de d\u00e9terminer les options de votre navigateur de mani\u00e8re \u00e0 ce qu\u2019aucun cookie ne soit accept\u00e9 et m\u00e9moris\u00e9. Vous avez \u00e9galement la possibilit\u00e9 de faire afficher un message d\u2019avertissement chaque fois qu\u2019un cookie est accept\u00e9.<\/p>\n\n\n\n<p><strong>Puis-je refuser l\u2019utilisation de cookies ?<\/strong><\/p>\n\n\n\n<p>Vous pouvez refuser que nos sites Internet utilisent des cookies lorsque vous les visitez.<\/p>\n\n\n\n<p>Toutefois, l\u2019utilisation de certaines fonctions de notre site Internet peut \u00eatre limit\u00e9e ou d\u00e9sactiv\u00e9e si vous refusez les cookies de notre site Internet.<\/p>\n","protected":false},"excerpt":{"rendered":"<p>POLITIQUE DES DONN\u00c9ES Objet : Informations Conform\u00e9ment \u00e0 l\u2019art. 13 du r\u00e8glement (UE) 679\/2016 et de la l\u00e9gislation de chaque \u00c9tat membre de l\u2019UE. Conform\u00e9ment \u00e0 l\u2019art. 13 du R\u00e8glement UE n.2016\/679 (ci-apr\u00e8s &nbsp;\u00bb GDPR 2016\/679 \u00ab&nbsp;) et de la l\u00e9gislation de chaque \u00c9tat membre de l\u2019UE (ci-apr\u00e8s &nbsp;\u00bb Code de confidentialit\u00e9 \u00ab&nbsp;), \u00e9non\u00e7ant des [&hellip;]<\/p>\n","protected":false},"author":1,"featured_media":0,"parent":20903,"menu_order":0,"comment_status":"closed","ping_status":"closed","template":"","meta":{"footnotes":""},"class_list":["post-21062","page","type-page","status-publish","hentry"],"_links":{"self":[{"href":"https:\/\/bestvision.immo\/fr\/wp-json\/wp\/v2\/pages\/21062","targetHints":{"allow":["GET"]}}],"collection":[{"href":"https:\/\/bestvision.immo\/fr\/wp-json\/wp\/v2\/pages"}],"about":[{"href":"https:\/\/bestvision.immo\/fr\/wp-json\/wp\/v2\/types\/page"}],"author":[{"embeddable":true,"href":"https:\/\/bestvision.immo\/fr\/wp-json\/wp\/v2\/users\/1"}],"replies":[{"embeddable":true,"href":"https:\/\/bestvision.immo\/fr\/wp-json\/wp\/v2\/comments?post=21062"}],"version-history":[{"count":2,"href":"https:\/\/bestvision.immo\/fr\/wp-json\/wp\/v2\/pages\/21062\/revisions"}],"predecessor-version":[{"id":21099,"href":"https:\/\/bestvision.immo\/fr\/wp-json\/wp\/v2\/pages\/21062\/revisions\/21099"}],"up":[{"embeddable":true,"href":"https:\/\/bestvision.immo\/fr\/wp-json\/wp\/v2\/pages\/20903"}],"wp:attachment":[{"href":"https:\/\/bestvision.immo\/fr\/wp-json\/wp\/v2\/media?parent=21062"}],"curies":[{"name":"wp","href":"https:\/\/api.w.org\/{rel}","templated":true}]}}