{"id":20995,"date":"2020-03-02T19:51:22","date_gmt":"2020-03-02T18:51:22","guid":{"rendered":"https:\/\/bestvision.immo\/services\/"},"modified":"2023-11-01T23:08:11","modified_gmt":"2023-11-01T22:08:11","slug":"services","status":"publish","type":"page","link":"https:\/\/bestvision.immo\/fr\/services\/","title":{"rendered":"Services"},"content":{"rendered":"\t\t<div data-elementor-type=\"wp-page\" data-elementor-id=\"20995\" class=\"elementor elementor-20995 elementor-17124\">\n\t\t\t\t\t\t<section class=\"elementor-section elementor-top-section elementor-element elementor-element-74364d6 elementor-section-height-min-height animated-slow elementor-section-boxed elementor-section-height-default elementor-section-items-middle elementor-invisible\" data-id=\"74364d6\" data-element_type=\"section\" data-e-type=\"section\" data-settings=\"{&quot;animation&quot;:&quot;fadeIn&quot;}\">\n\t\t\t\t\t\t\t<div class=\"elementor-background-overlay\"><\/div>\n\t\t\t\t\t\t\t<div class=\"elementor-container elementor-column-gap-default\">\n\t\t\t\t\t<div class=\"elementor-column elementor-col-100 elementor-top-column elementor-element elementor-element-c2a5e11\" data-id=\"c2a5e11\" data-element_type=\"column\" data-e-type=\"column\">\n\t\t\t<div class=\"elementor-widget-wrap elementor-element-populated\">\n\t\t\t\t\t\t<div class=\"elementor-element elementor-element-f59eba8 elementor-widget elementor-widget-heading\" data-id=\"f59eba8\" data-element_type=\"widget\" data-e-type=\"widget\" data-widget_type=\"heading.default\">\n\t\t\t\t<div class=\"elementor-widget-container\">\n\t\t\t\t\t<h1 class=\"elementor-heading-title elementor-size-default\">Services<\/h1>\t\t\t\t<\/div>\n\t\t\t\t<\/div>\n\t\t\t\t\t<\/div>\n\t\t<\/div>\n\t\t\t\t\t<\/div>\n\t\t<\/section>\n\t\t\t\t<section class=\"elementor-section elementor-top-section elementor-element elementor-element-00b7dd9 elementor-section-boxed elementor-section-height-default elementor-section-height-default\" data-id=\"00b7dd9\" data-element_type=\"section\" data-e-type=\"section\" data-settings=\"{&quot;background_background&quot;:&quot;classic&quot;}\">\n\t\t\t\t\t\t<div class=\"elementor-container elementor-column-gap-default\">\n\t\t\t\t\t<div class=\"elementor-column elementor-col-100 elementor-top-column elementor-element elementor-element-ea0c987 elementor-invisible\" data-id=\"ea0c987\" data-element_type=\"column\" data-e-type=\"column\" data-settings=\"{&quot;animation&quot;:&quot;fadeIn&quot;,&quot;animation_delay&quot;:200}\">\n\t\t\t<div class=\"elementor-widget-wrap elementor-element-populated\">\n\t\t\t\t\t\t<div class=\"elementor-element elementor-element-fa99de0 elementor-widget elementor-widget-heading\" data-id=\"fa99de0\" data-element_type=\"widget\" data-e-type=\"widget\" data-widget_type=\"heading.default\">\n\t\t\t\t<div class=\"elementor-widget-container\">\n\t\t\t\t\t<h3 class=\"elementor-heading-title elementor-size-default\">Bienvenue chez Best Vision Immobiliare S.A. !<\/h3>\t\t\t\t<\/div>\n\t\t\t\t<\/div>\n\t\t\t\t<div class=\"elementor-element elementor-element-d0059d2 elementor-invisible elementor-widget elementor-widget-text-editor\" data-id=\"d0059d2\" data-element_type=\"widget\" data-e-type=\"widget\" data-settings=\"{&quot;_animation&quot;:&quot;fadeIn&quot;,&quot;_animation_delay&quot;:400}\" data-widget_type=\"text-editor.default\">\n\t\t\t\t<div class=\"elementor-widget-container\">\n\t\t\t\t\t\t\t\t\t<p>Vous \u00eates \u00e0 la recherche d&#8217;une opportunit\u00e9 d&#8217;investissement immobilier passionnante et rentable ? Vous \u00eates au bon endroit. Chez <b>Best Vision Immobiliare<\/b>, nous nous engageons \u00e0 s\u00e9lectionner minutieusement les meilleures offres de maisons, d&#8217;appartements, de terrains et de bureaux, en garantissant des options qui correspondent parfaitement \u00e0 vos besoins et \u00e0 vos d\u00e9sirs.<\/p>\n<p>Explorez notre section Portfolio pour d\u00e9couvrir un large \u00e9ventail de propri\u00e9t\u00e9s soigneusement s\u00e9lectionn\u00e9es. Chaque option repr\u00e9sente une opportunit\u00e9 d&#8217;investissement unique et un pas vers votre avenir immobilier. Vous voulez en savoir plus ? Cliquez sur les biens qui vous int\u00e9ressent et demandez des informations compl\u00e9mentaires. Nous sommes l\u00e0 pour transformer vos r\u00eaves immobiliers en une r\u00e9alit\u00e9 solide et passionnante. D\u00e9couvrez votre prochain investissement avec <b>Best Vision Immobiliare S.A.<\/b> !<\/p>\n\t\t\t\t\t\t\t\t<\/div>\n\t\t\t\t<\/div>\n\t\t\t\t<div class=\"elementor-element elementor-element-8d870f9 elementor-invisible elementor-widget elementor-widget-heading\" data-id=\"8d870f9\" data-element_type=\"widget\" data-e-type=\"widget\" data-settings=\"{&quot;_animation&quot;:&quot;fadeIn&quot;,&quot;_animation_delay&quot;:600}\" data-widget_type=\"heading.default\">\n\t\t\t\t<div class=\"elementor-widget-container\">\n\t\t\t\t\t<h3 class=\"elementor-heading-title elementor-size-default\">Qu'offrons-nous ?<\/h3>\t\t\t\t<\/div>\n\t\t\t\t<\/div>\n\t\t\t\t<div class=\"elementor-element elementor-element-1cb3a09 elementor-invisible elementor-widget elementor-widget-text-editor\" data-id=\"1cb3a09\" data-element_type=\"widget\" data-e-type=\"widget\" data-settings=\"{&quot;_animation&quot;:&quot;fadeIn&quot;,&quot;_animation_delay&quot;:800}\" data-widget_type=\"text-editor.default\">\n\t\t\t\t<div class=\"elementor-widget-container\">\n\t\t\t\t\t\t\t\t\t<p>Chez <b>Best Vision Immobiliare S.A.<\/b>, nous offrons plus que des biens immobiliers ; nous offrons des opportunit\u00e9s de vie et de croissance financi\u00e8re. Notre mission est claire : s\u00e9lectionner avec soin, pr\u00e9senter avec impact et n\u00e9gocier les meilleures offres sur le march\u00e9 immobilier, toutes con\u00e7ues sp\u00e9cifiquement pour r\u00e9pondre aux besoins individuels de nos clients.<\/p>\n<p>Nous sommes sp\u00e9cialis\u00e9s dans la recherche de biens immobiliers de grande valeur, adaptables et flexibles, r\u00e9pondant parfaitement aux besoins uniques de chaque client. Que vous soyez \u00e0 la recherche d&#8217;une maison confortable, d&#8217;un espace de travail inspirant ou d&#8217;un investissement strat\u00e9gique, nos options sont m\u00e9ticuleusement s\u00e9lectionn\u00e9es pour s&#8217;assurer qu&#8217;elles correspondent \u00e0 vos objectifs et \u00e0 vos aspirations.<\/p>\n<p>Nous offrons des opportunit\u00e9s d&#8217;investissement avec un potentiel exceptionnel. Nous recherchons non seulement des biens qui g\u00e9n\u00e8rent un flux de tr\u00e9sorerie important, mais aussi ceux qui ont le potentiel d&#8217;augmenter consid\u00e9rablement leur valeur au fil du temps. Chez <b>Best Vision Immobiliare S.A.<\/b>, vous ne trouverez pas seulement un endroit o\u00f9 vivre ou travailler, mais aussi un investissement solide avec des perspectives de croissance passionnantes. Votre avenir immobilier commence ici !<\/p>\n\t\t\t\t\t\t\t\t<\/div>\n\t\t\t\t<\/div>\n\t\t\t\t\t<\/div>\n\t\t<\/div>\n\t\t\t\t\t<\/div>\n\t\t<\/section>\n\t\t\t\t<section class=\"elementor-section elementor-top-section elementor-element elementor-element-e3ac589 elementor-section-boxed elementor-section-height-default elementor-section-height-default\" data-id=\"e3ac589\" data-element_type=\"section\" data-e-type=\"section\">\n\t\t\t\t\t\t<div class=\"elementor-container elementor-column-gap-default\">\n\t\t\t\t\t<div class=\"elementor-column elementor-col-50 elementor-top-column elementor-element elementor-element-2abb93a\" data-id=\"2abb93a\" data-element_type=\"column\" data-e-type=\"column\">\n\t\t\t<div class=\"elementor-widget-wrap elementor-element-populated\">\n\t\t\t\t\t\t<div class=\"elementor-element elementor-element-dfa87f3 elementor-invisible elementor-widget elementor-widget-heading\" data-id=\"dfa87f3\" data-element_type=\"widget\" data-e-type=\"widget\" data-settings=\"{&quot;_animation&quot;:&quot;fadeIn&quot;}\" data-widget_type=\"heading.default\">\n\t\t\t\t<div class=\"elementor-widget-container\">\n\t\t\t\t\t<h3 class=\"elementor-heading-title elementor-size-default\">Pourquoi choisir Best Vision ?<\/h3>\t\t\t\t<\/div>\n\t\t\t\t<\/div>\n\t\t\t\t<div class=\"elementor-element elementor-element-e1c43c7 elementor-icon-list--layout-traditional elementor-list-item-link-full_width elementor-invisible elementor-widget elementor-widget-icon-list\" data-id=\"e1c43c7\" data-element_type=\"widget\" data-e-type=\"widget\" data-settings=\"{&quot;_animation&quot;:&quot;fadeIn&quot;,&quot;_animation_delay&quot;:200}\" data-widget_type=\"icon-list.default\">\n\t\t\t\t<div class=\"elementor-widget-container\">\n\t\t\t\t\t\t\t<ul class=\"elementor-icon-list-items\">\n\t\t\t\t\t\t\t<li class=\"elementor-icon-list-item\">\n\t\t\t\t\t\t\t\t\t\t\t<span class=\"elementor-icon-list-icon\">\n\t\t\t\t\t\t\t<i aria-hidden=\"true\" class=\"far fa-check-circle\"><\/i>\t\t\t\t\t\t<\/span>\n\t\t\t\t\t\t\t\t\t\t<span class=\"elementor-icon-list-text\">Haute qualit\u00e9<\/span>\n\t\t\t\t\t\t\t\t\t<\/li>\n\t\t\t\t\t\t\t\t<li class=\"elementor-icon-list-item\">\n\t\t\t\t\t\t\t\t\t\t\t<span class=\"elementor-icon-list-icon\">\n\t\t\t\t\t\t\t<i aria-hidden=\"true\" class=\"far fa-check-circle\"><\/i>\t\t\t\t\t\t<\/span>\n\t\t\t\t\t\t\t\t\t\t<span class=\"elementor-icon-list-text\">R\u00e9sidences de luxe \u00e0 acheter<\/span>\n\t\t\t\t\t\t\t\t\t<\/li>\n\t\t\t\t\t\t\t\t<li class=\"elementor-icon-list-item\">\n\t\t\t\t\t\t\t\t\t\t\t<span class=\"elementor-icon-list-icon\">\n\t\t\t\t\t\t\t<i aria-hidden=\"true\" class=\"far fa-check-circle\"><\/i>\t\t\t\t\t\t<\/span>\n\t\t\t\t\t\t\t\t\t\t<span class=\"elementor-icon-list-text\">Proximit\u00e9 et services professionnels<\/span>\n\t\t\t\t\t\t\t\t\t<\/li>\n\t\t\t\t\t\t\t\t<li class=\"elementor-icon-list-item\">\n\t\t\t\t\t\t\t\t\t\t\t<span class=\"elementor-icon-list-icon\">\n\t\t\t\t\t\t\t<i aria-hidden=\"true\" class=\"far fa-check-circle\"><\/i>\t\t\t\t\t\t<\/span>\n\t\t\t\t\t\t\t\t\t\t<span class=\"elementor-icon-list-text\">Tarification et investissements<\/span>\n\t\t\t\t\t\t\t\t\t<\/li>\n\t\t\t\t\t\t\t\t<li class=\"elementor-icon-list-item\">\n\t\t\t\t\t\t\t\t\t\t\t<span class=\"elementor-icon-list-icon\">\n\t\t\t\t\t\t\t<i aria-hidden=\"true\" class=\"far fa-check-circle\"><\/i>\t\t\t\t\t\t<\/span>\n\t\t\t\t\t\t\t\t\t\t<span class=\"elementor-icon-list-text\">Des solutions sur mesure<\/span>\n\t\t\t\t\t\t\t\t\t<\/li>\n\t\t\t\t\t\t\t\t<li class=\"elementor-icon-list-item\">\n\t\t\t\t\t\t\t\t\t\t\t<span class=\"elementor-icon-list-icon\">\n\t\t\t\t\t\t\t<i aria-hidden=\"true\" class=\"far fa-check-circle\"><\/i>\t\t\t\t\t\t<\/span>\n\t\t\t\t\t\t\t\t\t\t<span class=\"elementor-icon-list-text\">Pr\u00e9sence internationale<\/span>\n\t\t\t\t\t\t\t\t\t<\/li>\n\t\t\t\t\t\t\t\t<li class=\"elementor-icon-list-item\">\n\t\t\t\t\t\t\t\t\t\t\t<span class=\"elementor-icon-list-icon\">\n\t\t\t\t\t\t\t<i aria-hidden=\"true\" class=\"far fa-check-circle\"><\/i>\t\t\t\t\t\t<\/span>\n\t\t\t\t\t\t\t\t\t\t<span class=\"elementor-icon-list-text\">Facilit\u00e9s financi\u00e8res<\/span>\n\t\t\t\t\t\t\t\t\t<\/li>\n\t\t\t\t\t\t<\/ul>\n\t\t\t\t\t\t<\/div>\n\t\t\t\t<\/div>\n\t\t\t\t\t<\/div>\n\t\t<\/div>\n\t\t\t\t<div class=\"elementor-column elementor-col-50 elementor-top-column elementor-element elementor-element-dd2de2c\" data-id=\"dd2de2c\" data-element_type=\"column\" data-e-type=\"column\">\n\t\t\t<div class=\"elementor-widget-wrap elementor-element-populated\">\n\t\t\t\t\t\t<div class=\"elementor-element elementor-element-6a9d5a4 elementor-invisible elementor-widget elementor-widget-image\" data-id=\"6a9d5a4\" data-element_type=\"widget\" data-e-type=\"widget\" data-settings=\"{&quot;_animation&quot;:&quot;fadeIn&quot;,&quot;_animation_delay&quot;:400}\" data-widget_type=\"image.default\">\n\t\t\t\t<div class=\"elementor-widget-container\">\n\t\t\t\t\t\t\t\t\t\t\t\t\t\t\t<img fetchpriority=\"high\" decoding=\"async\" width=\"1000\" height=\"667\" src=\"https:\/\/bestvision.immo\/wp-content\/uploads\/2023\/10\/landlord-unlocks-house-key-new-home-real-estate-agents-sales-agents-jpg.webp\" class=\"attachment-large size-large wp-image-20861\" alt=\"\" srcset=\"https:\/\/bestvision.immo\/wp-content\/uploads\/2023\/10\/landlord-unlocks-house-key-new-home-real-estate-agents-sales-agents-jpg.webp 1000w, https:\/\/bestvision.immo\/wp-content\/uploads\/2023\/10\/landlord-unlocks-house-key-new-home-real-estate-agents-sales-agents-300x200.webp 300w, https:\/\/bestvision.immo\/wp-content\/uploads\/2023\/10\/landlord-unlocks-house-key-new-home-real-estate-agents-sales-agents-768x512.webp 768w, https:\/\/bestvision.immo\/wp-content\/uploads\/2023\/10\/landlord-unlocks-house-key-new-home-real-estate-agents-sales-agents-900x600.webp 900w, https:\/\/bestvision.immo\/wp-content\/uploads\/2023\/10\/landlord-unlocks-house-key-new-home-real-estate-agents-sales-agents-496x331.webp 496w\" sizes=\"(max-width: 1000px) 100vw, 1000px\" \/>\t\t\t\t\t\t\t\t\t\t\t\t\t\t\t<\/div>\n\t\t\t\t<\/div>\n\t\t\t\t\t<\/div>\n\t\t<\/div>\n\t\t\t\t\t<\/div>\n\t\t<\/section>\n\t\t\t\t<\/div>\n\t\t","protected":false},"excerpt":{"rendered":"<p>Services Bienvenue chez Best Vision Immobiliare S.A. ! Vous \u00eates \u00e0 la recherche d&#8217;une opportunit\u00e9 d&#8217;investissement immobilier passionnante et rentable ? Vous \u00eates au bon endroit. Chez Best Vision Immobiliare, nous nous engageons \u00e0 s\u00e9lectionner minutieusement les meilleures offres de maisons, d&#8217;appartements, de terrains et de bureaux, en garantissant des options qui correspondent parfaitement \u00e0 [&hellip;]<\/p>\n","protected":false},"author":1,"featured_media":0,"parent":0,"menu_order":0,"comment_status":"closed","ping_status":"closed","template":"template\/template-homepage.php","meta":{"footnotes":""},"class_list":["post-20995","page","type-page","status-publish","hentry"],"_links":{"self":[{"href":"https:\/\/bestvision.immo\/fr\/wp-json\/wp\/v2\/pages\/20995","targetHints":{"allow":["GET"]}}],"collection":[{"href":"https:\/\/bestvision.immo\/fr\/wp-json\/wp\/v2\/pages"}],"about":[{"href":"https:\/\/bestvision.immo\/fr\/wp-json\/wp\/v2\/types\/page"}],"author":[{"embeddable":true,"href":"https:\/\/bestvision.immo\/fr\/wp-json\/wp\/v2\/users\/1"}],"replies":[{"embeddable":true,"href":"https:\/\/bestvision.immo\/fr\/wp-json\/wp\/v2\/comments?post=20995"}],"version-history":[{"count":3,"href":"https:\/\/bestvision.immo\/fr\/wp-json\/wp\/v2\/pages\/20995\/revisions"}],"predecessor-version":[{"id":22021,"href":"https:\/\/bestvision.immo\/fr\/wp-json\/wp\/v2\/pages\/20995\/revisions\/22021"}],"wp:attachment":[{"href":"https:\/\/bestvision.immo\/fr\/wp-json\/wp\/v2\/media?parent=20995"}],"curies":[{"name":"wp","href":"https:\/\/api.w.org\/{rel}","templated":true}]}}