{"id":20903,"date":"2020-02-24T22:15:15","date_gmt":"2020-02-24T21:15:15","guid":{"rendered":"https:\/\/bestvision.immo\/a-propos-de\/"},"modified":"2023-11-01T23:04:38","modified_gmt":"2023-11-01T22:04:38","slug":"a-propos-de","status":"publish","type":"page","link":"https:\/\/bestvision.immo\/fr\/a-propos-de\/","title":{"rendered":"A propos de"},"content":{"rendered":"\t\t<div data-elementor-type=\"wp-page\" data-elementor-id=\"20903\" class=\"elementor elementor-20903 elementor-16650\">\n\t\t\t\t\t\t<section class=\"elementor-section elementor-top-section elementor-element elementor-element-5b81e21 elementor-section-height-min-height animated-slow elementor-section-boxed elementor-section-height-default elementor-section-items-middle elementor-invisible\" data-id=\"5b81e21\" data-element_type=\"section\" data-e-type=\"section\" data-settings=\"{&quot;animation&quot;:&quot;fadeIn&quot;}\">\n\t\t\t\t\t\t\t<div class=\"elementor-background-overlay\"><\/div>\n\t\t\t\t\t\t\t<div class=\"elementor-container elementor-column-gap-default\">\n\t\t\t\t\t<div class=\"elementor-column elementor-col-100 elementor-top-column elementor-element elementor-element-ad367f8\" data-id=\"ad367f8\" data-element_type=\"column\" data-e-type=\"column\">\n\t\t\t<div class=\"elementor-widget-wrap elementor-element-populated\">\n\t\t\t\t\t\t<div class=\"elementor-element elementor-element-0e7939f elementor-widget elementor-widget-heading\" data-id=\"0e7939f\" data-element_type=\"widget\" data-e-type=\"widget\" data-widget_type=\"heading.default\">\n\t\t\t\t<div class=\"elementor-widget-container\">\n\t\t\t\t\t<h1 class=\"elementor-heading-title elementor-size-default\">A propos de<\/h1>\t\t\t\t<\/div>\n\t\t\t\t<\/div>\n\t\t\t\t\t<\/div>\n\t\t<\/div>\n\t\t\t\t\t<\/div>\n\t\t<\/section>\n\t\t\t\t<section class=\"elementor-section elementor-top-section elementor-element elementor-element-09038dc elementor-section-height-min-height elementor-section-boxed elementor-section-height-default elementor-section-items-middle\" data-id=\"09038dc\" data-element_type=\"section\" data-e-type=\"section\" data-settings=\"{&quot;background_background&quot;:&quot;classic&quot;}\">\n\t\t\t\t\t\t<div class=\"elementor-container elementor-column-gap-default\">\n\t\t\t\t\t<div class=\"elementor-column elementor-col-50 elementor-top-column elementor-element elementor-element-c8278ac\" data-id=\"c8278ac\" data-element_type=\"column\" data-e-type=\"column\">\n\t\t\t<div class=\"elementor-widget-wrap elementor-element-populated\">\n\t\t\t\t\t\t<div class=\"elementor-element elementor-element-3271868 elementor-widget elementor-widget-spacer\" data-id=\"3271868\" data-element_type=\"widget\" data-e-type=\"widget\" data-widget_type=\"spacer.default\">\n\t\t\t\t<div class=\"elementor-widget-container\">\n\t\t\t\t\t\t\t<div class=\"elementor-spacer\">\n\t\t\t<div class=\"elementor-spacer-inner\"><\/div>\n\t\t<\/div>\n\t\t\t\t\t\t<\/div>\n\t\t\t\t<\/div>\n\t\t\t\t<div class=\"elementor-element elementor-element-b1162f9 elementor-widget elementor-widget-heading\" data-id=\"b1162f9\" data-element_type=\"widget\" data-e-type=\"widget\" data-widget_type=\"heading.default\">\n\t\t\t\t<div class=\"elementor-widget-container\">\n\t\t\t\t\t<h1 class=\"elementor-heading-title elementor-size-default\">Best Vision Immobiliare S.A.<\/h1>\t\t\t\t<\/div>\n\t\t\t\t<\/div>\n\t\t\t\t<div class=\"elementor-element elementor-element-69fe9b8 elementor-invisible elementor-widget elementor-widget-text-editor\" data-id=\"69fe9b8\" data-element_type=\"widget\" data-e-type=\"widget\" data-settings=\"{&quot;_animation&quot;:&quot;fadeIn&quot;,&quot;_animation_delay&quot;:200}\" data-widget_type=\"text-editor.default\">\n\t\t\t\t<div class=\"elementor-widget-container\">\n\t\t\t\t\t\t\t\t\t<p>Bienvenue chez <strong>Best Vision Group<\/strong>, un leader dans le paysage des affaires, o\u00f9 l&#8217;excellence rencontre la diversit\u00e9. Nous sommes bien plus qu&#8217;une soci\u00e9t\u00e9 immobili\u00e8re ; nous sommes un conglom\u00e9rat dynamique qui couvre les secteurs financiers, le conseil et les services TIC sp\u00e9cialis\u00e9s pour les march\u00e9s financiers et immobiliers.<\/p>\n<p>Dans notre groupe, la synergie est essentielle. Gr\u00e2ce \u00e0 une collaboration strat\u00e9gique et au partage des connaissances techniques, nous garantissons des services int\u00e9gr\u00e9s exceptionnels. La holding fixe les lignes directrices, ce qui permet \u00e0 nos entit\u00e9s de conserver leur libert\u00e9 op\u00e9rationnelle tandis que nous coop\u00e9rons pour vous offrir des solutions synergiques et des projets remarquables.<\/p>\n<p>Notre objectif ? Nous vous garantissons non seulement les meilleures transactions immobili\u00e8res, mais aussi une exp\u00e9rience sans tracas. Nous r\u00e9duisons les co\u00fbts, acc\u00e9l\u00e9rons les r\u00e9ponses aux changements du march\u00e9 et r\u00e9alisons des \u00e9conomies d&#8217;\u00e9chelle notables. Chez <b>Best Vision Group<\/b>, la centralit\u00e9 de l&#8217;administration, de la tr\u00e9sorerie, du marketing et de la gestion immobili\u00e8re se combine pour cr\u00e9er un service in\u00e9gal\u00e9 pour vous, notre pr\u00e9cieux client. D\u00e9couvrez avec nous une nouvelle norme dans le monde de l&#8217;immobilier.<\/p>\n\t\t\t\t\t\t\t\t<\/div>\n\t\t\t\t<\/div>\n\t\t\t\t<div class=\"elementor-element elementor-element-89a95a6 elementor-widget elementor-widget-spacer\" data-id=\"89a95a6\" data-element_type=\"widget\" data-e-type=\"widget\" data-widget_type=\"spacer.default\">\n\t\t\t\t<div class=\"elementor-widget-container\">\n\t\t\t\t\t\t\t<div class=\"elementor-spacer\">\n\t\t\t<div class=\"elementor-spacer-inner\"><\/div>\n\t\t<\/div>\n\t\t\t\t\t\t<\/div>\n\t\t\t\t<\/div>\n\t\t\t\t\t<\/div>\n\t\t<\/div>\n\t\t\t\t<div class=\"elementor-column elementor-col-50 elementor-top-column elementor-element elementor-element-2b24619\" data-id=\"2b24619\" data-element_type=\"column\" data-e-type=\"column\">\n\t\t\t<div class=\"elementor-widget-wrap elementor-element-populated\">\n\t\t\t\t\t\t<div class=\"elementor-element elementor-element-6de7b26 elementor-invisible elementor-widget elementor-widget-image\" data-id=\"6de7b26\" data-element_type=\"widget\" data-e-type=\"widget\" data-settings=\"{&quot;_animation&quot;:&quot;fadeIn&quot;,&quot;_animation_delay&quot;:400}\" data-widget_type=\"image.default\">\n\t\t\t\t<div class=\"elementor-widget-container\">\n\t\t\t\t\t\t\t\t\t\t\t\t\t\t\t<img fetchpriority=\"high\" decoding=\"async\" width=\"1000\" height=\"667\" src=\"https:\/\/bestvision.immo\/wp-content\/uploads\/2023\/10\/broker-giving-keys-jpg.webp\" class=\"attachment-large size-large wp-image-20855\" alt=\"\" srcset=\"https:\/\/bestvision.immo\/wp-content\/uploads\/2023\/10\/broker-giving-keys-jpg.webp 1000w, https:\/\/bestvision.immo\/wp-content\/uploads\/2023\/10\/broker-giving-keys-300x200.webp 300w, https:\/\/bestvision.immo\/wp-content\/uploads\/2023\/10\/broker-giving-keys-768x512.webp 768w, https:\/\/bestvision.immo\/wp-content\/uploads\/2023\/10\/broker-giving-keys-900x600.webp 900w, https:\/\/bestvision.immo\/wp-content\/uploads\/2023\/10\/broker-giving-keys-496x331.webp 496w\" sizes=\"(max-width: 1000px) 100vw, 1000px\" \/>\t\t\t\t\t\t\t\t\t\t\t\t\t\t\t<\/div>\n\t\t\t\t<\/div>\n\t\t\t\t\t<\/div>\n\t\t<\/div>\n\t\t\t\t\t<\/div>\n\t\t<\/section>\n\t\t\t\t<section class=\"elementor-section elementor-top-section elementor-element elementor-element-3c27d0b elementor-section-boxed elementor-section-height-default elementor-section-height-default\" data-id=\"3c27d0b\" data-element_type=\"section\" data-e-type=\"section\" data-settings=\"{&quot;background_background&quot;:&quot;classic&quot;}\">\n\t\t\t\t\t\t<div class=\"elementor-container elementor-column-gap-default\">\n\t\t\t\t\t<div class=\"elementor-column elementor-col-100 elementor-top-column elementor-element elementor-element-e1b5b81\" data-id=\"e1b5b81\" data-element_type=\"column\" data-e-type=\"column\">\n\t\t\t<div class=\"elementor-widget-wrap elementor-element-populated\">\n\t\t\t\t\t\t<div class=\"elementor-element elementor-element-382fc6a elementor-widget elementor-widget-heading\" data-id=\"382fc6a\" data-element_type=\"widget\" data-e-type=\"widget\" data-widget_type=\"heading.default\">\n\t\t\t\t<div class=\"elementor-widget-container\">\n\t\t\t\t\t<h1 class=\"elementor-heading-title elementor-size-default\">Notre partenaire<\/h1>\t\t\t\t<\/div>\n\t\t\t\t<\/div>\n\t\t\t\t<div class=\"elementor-element elementor-element-a25cc6c elementor-widget elementor-widget-image\" data-id=\"a25cc6c\" data-element_type=\"widget\" data-e-type=\"widget\" data-widget_type=\"image.default\">\n\t\t\t\t<div class=\"elementor-widget-container\">\n\t\t\t\t\t\t\t\t\t\t\t\t\t\t\t\t<a href=\"https:\/\/www.bhhspalazzoestate.com\/it\/\" target=\"_blank\">\n\t\t\t\t\t\t\t<img decoding=\"async\" width=\"1024\" height=\"813\" src=\"https:\/\/bestvision.immo\/wp-content\/uploads\/2023\/10\/REAL-ESTATE-PARTNER.jpg\" class=\"attachment-large size-large wp-image-21869\" alt=\"\" srcset=\"https:\/\/bestvision.immo\/wp-content\/uploads\/2023\/10\/REAL-ESTATE-PARTNER.jpg 1024w, https:\/\/bestvision.immo\/wp-content\/uploads\/2023\/10\/REAL-ESTATE-PARTNER-300x238.webp 300w, https:\/\/bestvision.immo\/wp-content\/uploads\/2023\/10\/REAL-ESTATE-PARTNER-768x610.webp 768w, https:\/\/bestvision.immo\/wp-content\/uploads\/2023\/10\/REAL-ESTATE-PARTNER-756x600.webp 756w, https:\/\/bestvision.immo\/wp-content\/uploads\/2023\/10\/REAL-ESTATE-PARTNER-496x394.webp 496w\" sizes=\"(max-width: 1024px) 100vw, 1024px\" \/>\t\t\t\t\t\t\t\t<\/a>\n\t\t\t\t\t\t\t\t\t\t\t\t\t\t\t<\/div>\n\t\t\t\t<\/div>\n\t\t\t\t\t<\/div>\n\t\t<\/div>\n\t\t\t\t\t<\/div>\n\t\t<\/section>\n\t\t\t\t<\/div>\n\t\t","protected":false},"excerpt":{"rendered":"<p>A propos de Best Vision Immobiliare S.A. Bienvenue chez Best Vision Group, un leader dans le paysage des affaires, o\u00f9 l&#8217;excellence rencontre la diversit\u00e9. Nous sommes bien plus qu&#8217;une soci\u00e9t\u00e9 immobili\u00e8re ; nous sommes un conglom\u00e9rat dynamique qui couvre les secteurs financiers, le conseil et les services TIC sp\u00e9cialis\u00e9s pour les march\u00e9s financiers et immobiliers. [&hellip;]<\/p>\n","protected":false},"author":1,"featured_media":0,"parent":0,"menu_order":0,"comment_status":"closed","ping_status":"closed","template":"template\/template-homepage.php","meta":{"footnotes":""},"class_list":["post-20903","page","type-page","status-publish","hentry"],"_links":{"self":[{"href":"https:\/\/bestvision.immo\/fr\/wp-json\/wp\/v2\/pages\/20903","targetHints":{"allow":["GET"]}}],"collection":[{"href":"https:\/\/bestvision.immo\/fr\/wp-json\/wp\/v2\/pages"}],"about":[{"href":"https:\/\/bestvision.immo\/fr\/wp-json\/wp\/v2\/types\/page"}],"author":[{"embeddable":true,"href":"https:\/\/bestvision.immo\/fr\/wp-json\/wp\/v2\/users\/1"}],"replies":[{"embeddable":true,"href":"https:\/\/bestvision.immo\/fr\/wp-json\/wp\/v2\/comments?post=20903"}],"version-history":[{"count":11,"href":"https:\/\/bestvision.immo\/fr\/wp-json\/wp\/v2\/pages\/20903\/revisions"}],"predecessor-version":[{"id":22013,"href":"https:\/\/bestvision.immo\/fr\/wp-json\/wp\/v2\/pages\/20903\/revisions\/22013"}],"wp:attachment":[{"href":"https:\/\/bestvision.immo\/fr\/wp-json\/wp\/v2\/media?parent=20903"}],"curies":[{"name":"wp","href":"https:\/\/api.w.org\/{rel}","templated":true}]}}