{"id":21072,"date":"2022-06-20T14:33:24","date_gmt":"2022-06-20T12:33:24","guid":{"rendered":"https:\/\/bestvision.immo\/politica-de-privacidad\/"},"modified":"2023-11-01T23:49:55","modified_gmt":"2023-11-01T22:49:55","slug":"politica-de-privacidad","status":"publish","type":"page","link":"https:\/\/bestvision.immo\/es\/acerca-de\/politica-de-privacidad\/","title":{"rendered":"Pol\u00edtica de privacidad"},"content":{"rendered":"\n<h4 class=\"wp-block-heading\">POL\u00cdTICA DE DATOS<\/h4>\n\n\n\n<p>Objeto: Informaci\u00f3n De conformidad con el art. 13 del Reglamento (UE) 679\/2016 y legislaci\u00f3n de cada uno de los Estados miembros de la UE.<\/p>\n\n\n\n<p>De conformidad con el art. 13 del Reglamento (UE) n.2016\/679 (en adelante, \u00abGDPR 2016\/679\u00bb) y legislaci\u00f3n de cada uno de los Estados miembros de la UE (en adelante, \u00abC\u00f3digo de Privacidad\u00bb), por el que se establecen disposiciones para la protecci\u00f3n de las personas y otros sujetos en lo que respecta al tratamiento de datos personales, le informamos de que los datos personales que nos facilite ser\u00e1n tratados en cumplimiento de la citada ley y de las obligaciones de confidencialidad respecto de las cuales todas las empresas pertenecientes a BEST VISION GROUP est\u00e1n obligadas a cumplir.<\/p>\n\n\n\n<p><strong>\u00bfQu\u00e9 datos tratamos?<\/strong><\/p>\n\n\n\n<ul class=\"wp-block-list\">\n<li>Los datos introducidos al rellenar el formulario de inscripci\u00f3n (nombre, apellidos, direcci\u00f3n postal y electr\u00f3nica, tel\u00e9fono y n\u00famero de m\u00f3vil) y los datos relativos a su trayectoria profesional o aquellos datos que haya revelado en su curr\u00edculum, as\u00ed como los relativos a su estado de salud;<\/li>\n\n\n\n<li>Datos relativos a la navegaci\u00f3n en nuestro sitio web, por ejemplo, datos relacionados con el tr\u00e1fico, la ubicaci\u00f3n, las visitas al sitio web, el weblog, la direcci\u00f3n IP, el sistema operativo y el navegador utilizados, las cookies;<\/li>\n\n\n\n<li>Datos que nos proporciona por correo electr\u00f3nico, encuesta, as\u00ed como a trav\u00e9s de nuestros m\u00f3dulos de contacto o a trav\u00e9s de LinkedIn.<\/li>\n<\/ul>\n\n\n\n<p><strong>\u00bfPor qu\u00e9 necesitamos sus datos?<\/strong><\/p>\n\n\n\n<p>Utilizamos sus datos para el seguimiento de su eventual entrevista para una vacante en la empresa y para la gesti\u00f3n de la relaci\u00f3n laboral y con fines comerciales.<\/p>\n\n\n\n<p>Sus datos se tratan espec\u00edficamente para:<\/p>\n\n\n\n<ol class=\"wp-block-list\">\n<li>Las actividades relativas a la intermediaci\u00f3n entre la oferta y la demanda de trabajo<\/li>\n\n\n\n<li>Las actividades con fines comerciales, el env\u00edo de informaci\u00f3n y boletines informativos.<\/li>\n\n\n\n<li>El intercambio de sus datos con nuestros clientes en Suiza y terceros pa\u00edses que est\u00e1n en busca de personal, as\u00ed como con aquellos sujetos p\u00fablicos y privados por los que el propietario se encarg\u00f3 de una de las actividades mencionadas en el punto 1). Adem\u00e1s de eso, sus datos se transmiten a las organizaciones y personas privadas en Suiza y terceros pa\u00edses que apoyan al propietario con la prestaci\u00f3n de servicios, tales como servicios de red, software, publicidad, etc.).<\/li>\n\n\n\n<li>La comunicaci\u00f3n de sus datos a las autoridades policiales en caso de que se observe alg\u00fan abuso.<\/li>\n<\/ol>\n\n\n\n<p>La base jur\u00eddica de tales actividades es el cumplimiento de requisitos precontractuales y contractuales relacionados con el servicio, as\u00ed como la existencia de obligaciones legales espec\u00edficas.<\/p>\n\n\n\n<p><strong>\u00bfC\u00f3mo procesamos sus datos personales?<\/strong><\/p>\n\n\n\n<p>El tratamiento de sus datos personales se lleva a cabo de forma digital o en papel por algunas personas que est\u00e1n internamente autorizadas y formadas para ello. El tratamiento de estos datos no incluye la toma de decisiones automatizada, pero implica la elaboraci\u00f3n de perfiles para las actividades relacionadas con la navegaci\u00f3n en el sitio web a trav\u00e9s de herramientas t\u00e9cnicas como las cookies.<\/p>\n\n\n\n<p><strong>\u00bfDurante cu\u00e1nto tiempo se almacenan sus datos?<\/strong><\/p>\n\n\n\n<p>Sus datos personales se almacenar\u00e1n durante el tiempo necesario para llevar a cabo las tareas relacionadas con la gesti\u00f3n del contrato, as\u00ed como cualquier obligaci\u00f3n legal resultante. Los datos almacenados en el sitio web del propietario se eliminar\u00e1n tras 60 meses de inactividad. 6 meses antes de la fecha de caducidad recibir\u00e1 una notificaci\u00f3n por correo electr\u00f3nico.<\/p>\n\n\n\n<p>Los datos de quienes no compren o utilicen productos\/servicios, aunque hayan tenido un contacto previo con representantes de la empresa, ser\u00e1n cancelados inmediatamente o tratados de forma an\u00f3nima, cuando su conservaci\u00f3n no est\u00e9 justificada de otro modo, salvo que se haya obtenido v\u00e1lidamente el consentimiento informado de los interesados en relaci\u00f3n con una posterior promoci\u00f3n comercial o actividad de investigaci\u00f3n de mercado.<\/p>\n\n\n\n<p>El plazo m\u00e1ximo de conservaci\u00f3n de los datos es de 10 a\u00f1os.<\/p>\n\n\n\n<p><strong>\u00bfQu\u00e9 ocurre si no nos facilita sus datos?<\/strong><\/p>\n\n\n\n<p>El suministro de datos es obligatorio para todo aquello que sea requerido por las obligaciones legales y contractuales y, por lo tanto, cualquier negativa a suministrarlos en su totalidad o en parte puede dar lugar a la imposibilidad de prestar los servicios solicitados por el titular. La empresa trata los datos facultativos de los usuarios sobre la base de su consentimiento que es a trav\u00e9s de la aprobaci\u00f3n expl\u00c3cita de esta pol\u00c3tica de privacidad y en relaci\u00c3\u00b3n con los m\u00e9todos y prop\u00f3sitos descritos a continuaci\u00f3n.<\/p>\n\n\n\n<p><strong>\u00bfCu\u00e1les son sus derechos?<\/strong><\/p>\n\n\n\n<p>De conformidad con el Reglamento Europeo 679\/2016 (GDPR) y la legislaci\u00f3n nacional, el interesado puede, de acuerdo con los procedimientos y dentro de los l\u00edmites establecidos por la legislaci\u00f3n vigente, ejercer los siguientes derechos:<\/p>\n\n\n\n<ul class=\"wp-block-list\">\n<li>Solicitar la confirmaci\u00f3n del tratamiento de sus datos personales;<\/li>\n\n\n\n<li>Conocer el origen, las finalidades del tratamiento;<\/li>\n\n\n\n<li>La posibilidad de actualizar y rectificar sus datos para garantizar su exactitud;<\/li>\n\n\n\n<li>La posibilidad de suprimir, en la medida en que est\u00e9 permitido, sus datos personales, as\u00ed como de limitar el tratamiento de los mismos;<\/li>\n\n\n\n<li>Solicitar la actualizaci\u00f3n, rectificaci\u00f3n, integraci\u00f3n, cancelaci\u00f3n, transformaci\u00f3n en forma an\u00f3nima, bloqueo de los datos tratados en violaci\u00f3n de la ley, incluidos aquellos que ya no sean necesarios para la consecuci\u00f3n de los fines para los que fueron recogidos;<\/li>\n\n\n\n<li>Derecho a presentar una reclamaci\u00f3n ante la autoridad de control.<\/li>\n<\/ul>\n\n\n\n<p>El titular del tratamiento de sus datos personales es Best Vision Group.<\/p>\n\n\n\n<p><strong>Informaci\u00f3n legal importante y condiciones de uso<\/strong><\/p>\n\n\n\n<p>Se ruega a las personas que accedan a este sitio web que lean tanto el contenido de esta p\u00e1gina como el descargo de responsabilidad. Declaran estar de acuerdo con las siguientes condiciones de uso, restricciones y limitaciones legales. Quien no acepte lo anterior no deber\u00e1 acceder al sitio Web de Best Vision Ltd. (Best Vision). (Best Vision) (en adelante, el sitio BestVision) ni a ninguna de las p\u00e1ginas y sus enlaces.<\/p>\n\n\n\n<p><strong>Uso del sitio Best Vision<\/strong><\/p>\n\n\n\n<p>El sitio Best Vision est\u00e1 protegido por derechos de autor. Es posible descargar o imprimir desde el sitio siempre y cuando no se elimine el copyright. Sin el consentimiento escrito de Best Vision, queda prohibida la reproducci\u00f3n (total o parcial), transferencia, modificaci\u00f3n, creaci\u00f3n de enlaces o utilizaci\u00f3n del sitio Best Vision para cualquier uso p\u00fablico, privado o comercial.<\/p>\n\n\n\n<p>De vez en cuando, Best Vision puede modificar tanto el contenido de esta p\u00e1gina como los t\u00e9rminos del descargo de responsabilidad. En consecuencia, le rogamos que los revise de vez en cuando. Su acceso continuado a este sitio Web o el establecimiento de un enlace a este sitio Web despu\u00e9s de la publicaci\u00f3n de modificaciones a uno de ellos o a ambos constituir su aceptaci\u00f3n de los mismos, seg\u00fan hayan sido modificados. Si, en cualquier momento, no desea aceptar tanto el contenido de esta p\u00e1gina como la cl\u00e1usula de exenci\u00f3n de responsabilidad, o ambos, deber\u00e1 dejar de acceder a este sitio web o de establecer un enlace con \u00e9l.<\/p>\n\n\n\n<p>En caso de que el uso de este sitio Web cree una relaci\u00f3n jur\u00eddica entre las personas que accedan a este sitio Web y Best Vision, \u00e9sta estar\u00e1 sujeta a la legislaci\u00f3n suiza.<\/p>\n\n\n\n<p>Pol\u00edtica de cookies en los sitios de BestVision<\/p>\n\n\n\n<p>Best Vision utiliza cookies HTTP para simplificar el uso de sus sitios de Internet. Esta declaraci\u00f3n de pol\u00edtica tiene por objeto informarle sobre el uso de cookies en nuestros sitios de Internet.<\/p>\n\n\n\n<p><strong>\u00bfQu\u00e9 son las cookies?<\/strong><\/p>\n\n\n\n<p>Las cookies son peque\u00f1os fragmentos de datos enviados desde un sitio web y almacenados en el navegador del usuario mientras \u00e9ste navega por dicho sitio. Permiten recopilar un conjunto de informaci\u00f3n con el fin de mejorar los servicios accesibles a trav\u00e9s de nuestros sitios de Internet.<\/p>\n\n\n\n<p>Con esta informaci\u00f3n, es posible analizar el tr\u00e1fico en nuestros sitios de Internet (n\u00famero de visitas, direcciones IP, etc.).<\/p>\n\n\n\n<p>Esta informaci\u00f3n se recoge cuando usted visita nuestro sitio web y nos permite saber qu\u00e9 partes de nuestras p\u00e1ginas interesan m\u00e1s a nuestros visitantes del sitio. As\u00ed podemos tener un mejor conocimiento de sus necesidades y mejorar el contenido de nuestro sitio proporcion\u00e1ndoles la informaci\u00f3n m\u00e1s adecuada.<\/p>\n\n\n\n<p><strong>\u00bfC\u00f3mo gestionar las cookies?<\/strong><\/p>\n\n\n\n<p>El procedimiento a seguir para la parametrizaci\u00f3n de las cookies depende del navegador de Internet que utilice.<\/p>\n\n\n\n<p>Usted mismo puede decidir si nuestro sitio web est\u00e1 autorizado a utilizar cookies en su ordenador. Tiene la posibilidad de determinar en cualquier momento las opciones de su navegador de tal forma que no se acepte ni memorice ninguna cookie. Tambi\u00e9n tiene la posibilidad de que se le muestre un mensaje de advertencia cada vez antes de que se acepte una cookie.<\/p>\n\n\n\n<p><strong>\u00bfPuedo rechazar el uso de cookies?<\/strong><\/p>\n\n\n\n<p>Puede negarse a que nuestros sitios de Internet utilicen cookies cuando los visite.<\/p>\n\n\n\n<p>Sin embargo, el uso de determinadas funciones de nuestro sitio web puede verse limitado o desactivado si rechaza las cookies de nuestro sitio de Internet.<\/p>\n","protected":false},"excerpt":{"rendered":"<p>POL\u00cdTICA DE DATOS Objeto: Informaci\u00f3n De conformidad con el art. 13 del Reglamento (UE) 679\/2016 y legislaci\u00f3n de cada uno de los Estados miembros de la UE. De conformidad con el art. 13 del Reglamento (UE) n.2016\/679 (en adelante, \u00abGDPR 2016\/679\u00bb) y legislaci\u00f3n de cada uno de los Estados miembros de la UE (en adelante, [&hellip;]<\/p>\n","protected":false},"author":1,"featured_media":0,"parent":20921,"menu_order":0,"comment_status":"closed","ping_status":"closed","template":"","meta":{"footnotes":""},"class_list":["post-21072","page","type-page","status-publish","hentry"],"_links":{"self":[{"href":"https:\/\/bestvision.immo\/es\/wp-json\/wp\/v2\/pages\/21072","targetHints":{"allow":["GET"]}}],"collection":[{"href":"https:\/\/bestvision.immo\/es\/wp-json\/wp\/v2\/pages"}],"about":[{"href":"https:\/\/bestvision.immo\/es\/wp-json\/wp\/v2\/types\/page"}],"author":[{"embeddable":true,"href":"https:\/\/bestvision.immo\/es\/wp-json\/wp\/v2\/users\/1"}],"replies":[{"embeddable":true,"href":"https:\/\/bestvision.immo\/es\/wp-json\/wp\/v2\/comments?post=21072"}],"version-history":[{"count":3,"href":"https:\/\/bestvision.immo\/es\/wp-json\/wp\/v2\/pages\/21072\/revisions"}],"predecessor-version":[{"id":22030,"href":"https:\/\/bestvision.immo\/es\/wp-json\/wp\/v2\/pages\/21072\/revisions\/22030"}],"up":[{"embeddable":true,"href":"https:\/\/bestvision.immo\/es\/wp-json\/wp\/v2\/pages\/20921"}],"wp:attachment":[{"href":"https:\/\/bestvision.immo\/es\/wp-json\/wp\/v2\/media?parent=21072"}],"curies":[{"name":"wp","href":"https:\/\/api.w.org\/{rel}","templated":true}]}}