{"id":21005,"date":"2020-03-02T19:51:22","date_gmt":"2020-03-02T18:51:22","guid":{"rendered":"https:\/\/bestvision.immo\/servicios\/"},"modified":"2023-11-01T23:09:43","modified_gmt":"2023-11-01T22:09:43","slug":"servicios","status":"publish","type":"page","link":"https:\/\/bestvision.immo\/es\/servicios\/","title":{"rendered":"Servicios"},"content":{"rendered":"\t\t<div data-elementor-type=\"wp-page\" data-elementor-id=\"21005\" class=\"elementor elementor-21005 elementor-17124\">\n\t\t\t\t\t\t<section class=\"elementor-section elementor-top-section elementor-element elementor-element-74364d6 elementor-section-height-min-height animated-slow elementor-section-boxed elementor-section-height-default elementor-section-items-middle elementor-invisible\" data-id=\"74364d6\" data-element_type=\"section\" data-e-type=\"section\" data-settings=\"{&quot;animation&quot;:&quot;fadeIn&quot;}\">\n\t\t\t\t\t\t\t<div class=\"elementor-background-overlay\"><\/div>\n\t\t\t\t\t\t\t<div class=\"elementor-container elementor-column-gap-default\">\n\t\t\t\t\t<div class=\"elementor-column elementor-col-100 elementor-top-column elementor-element elementor-element-c2a5e11\" data-id=\"c2a5e11\" data-element_type=\"column\" data-e-type=\"column\">\n\t\t\t<div class=\"elementor-widget-wrap elementor-element-populated\">\n\t\t\t\t\t\t<div class=\"elementor-element elementor-element-f59eba8 elementor-widget elementor-widget-heading\" data-id=\"f59eba8\" data-element_type=\"widget\" data-e-type=\"widget\" data-widget_type=\"heading.default\">\n\t\t\t\t<div class=\"elementor-widget-container\">\n\t\t\t\t\t<h1 class=\"elementor-heading-title elementor-size-default\">Servicios<\/h1>\t\t\t\t<\/div>\n\t\t\t\t<\/div>\n\t\t\t\t\t<\/div>\n\t\t<\/div>\n\t\t\t\t\t<\/div>\n\t\t<\/section>\n\t\t\t\t<section class=\"elementor-section elementor-top-section elementor-element elementor-element-00b7dd9 elementor-section-boxed elementor-section-height-default elementor-section-height-default\" data-id=\"00b7dd9\" data-element_type=\"section\" data-e-type=\"section\" data-settings=\"{&quot;background_background&quot;:&quot;classic&quot;}\">\n\t\t\t\t\t\t<div class=\"elementor-container elementor-column-gap-default\">\n\t\t\t\t\t<div class=\"elementor-column elementor-col-100 elementor-top-column elementor-element elementor-element-ea0c987 elementor-invisible\" data-id=\"ea0c987\" data-element_type=\"column\" data-e-type=\"column\" data-settings=\"{&quot;animation&quot;:&quot;fadeIn&quot;,&quot;animation_delay&quot;:200}\">\n\t\t\t<div class=\"elementor-widget-wrap elementor-element-populated\">\n\t\t\t\t\t\t<div class=\"elementor-element elementor-element-fa99de0 elementor-widget elementor-widget-heading\" data-id=\"fa99de0\" data-element_type=\"widget\" data-e-type=\"widget\" data-widget_type=\"heading.default\">\n\t\t\t\t<div class=\"elementor-widget-container\">\n\t\t\t\t\t<h3 class=\"elementor-heading-title elementor-size-default\">\u00a1Bienvenido a Best Vision Immobiliare S.A.!<\/h3>\t\t\t\t<\/div>\n\t\t\t\t<\/div>\n\t\t\t\t<div class=\"elementor-element elementor-element-d0059d2 elementor-invisible elementor-widget elementor-widget-text-editor\" data-id=\"d0059d2\" data-element_type=\"widget\" data-e-type=\"widget\" data-settings=\"{&quot;_animation&quot;:&quot;fadeIn&quot;,&quot;_animation_delay&quot;:400}\" data-widget_type=\"text-editor.default\">\n\t\t\t\t<div class=\"elementor-widget-container\">\n\t\t\t\t\t\t\t\t\t<p>\u00bfEst\u00e1 buscando una oportunidad de inversi\u00f3n inmobiliaria emocionante y rentable? Est\u00e1 usted en el lugar adecuado. En <b>Best Vision Immobiliare<\/b>, nos dedicamos a seleccionar meticulosamente las mejores ofertas de casas, apartamentos, terrenos y oficinas, garantizando opciones que se alinean perfectamente con sus necesidades y deseos.<\/p>\n<p>Explore nuestra secci\u00f3n de Cartera para descubrir una amplia gama de propiedades cuidadosamente seleccionadas. Cada opci\u00f3n representa una oportunidad de inversi\u00f3n \u00fanica y un paso hacia su futuro inmobiliario. \u00bfQuiere saber m\u00e1s? Haga clic en las propiedades que le interesen y solicite informaci\u00f3n adicional. Estamos aqu\u00ed para convertir sus sue\u00f1os inmobiliarios en una realidad s\u00f3lida y emocionante. \u00a1Descubra su pr\u00f3xima inversi\u00f3n con <b>Best Vision Immobiliare S.A.!<\/b><\/p>\n\t\t\t\t\t\t\t\t<\/div>\n\t\t\t\t<\/div>\n\t\t\t\t<div class=\"elementor-element elementor-element-8d870f9 elementor-invisible elementor-widget elementor-widget-heading\" data-id=\"8d870f9\" data-element_type=\"widget\" data-e-type=\"widget\" data-settings=\"{&quot;_animation&quot;:&quot;fadeIn&quot;,&quot;_animation_delay&quot;:600}\" data-widget_type=\"heading.default\">\n\t\t\t\t<div class=\"elementor-widget-container\">\n\t\t\t\t\t<h3 class=\"elementor-heading-title elementor-size-default\">\u00bfQu\u00e9 ofrecemos?<\/h3>\t\t\t\t<\/div>\n\t\t\t\t<\/div>\n\t\t\t\t<div class=\"elementor-element elementor-element-1cb3a09 elementor-invisible elementor-widget elementor-widget-text-editor\" data-id=\"1cb3a09\" data-element_type=\"widget\" data-e-type=\"widget\" data-settings=\"{&quot;_animation&quot;:&quot;fadeIn&quot;,&quot;_animation_delay&quot;:800}\" data-widget_type=\"text-editor.default\">\n\t\t\t\t<div class=\"elementor-widget-container\">\n\t\t\t\t\t\t\t\t\t<p>En <b>Best Vision Immobiliare S.A.<\/b>, ofrecemos m\u00e1s que propiedades; ofrecemos oportunidades de vida y crecimiento financiero. Nuestra misi\u00f3n es clara: seleccionar cuidadosamente, presentar de forma impactante y negociar las mejores ofertas del mercado inmobiliario, todo ello dise\u00f1ado espec\u00edficamente para satisfacer las necesidades individuales de nuestros clientes.<\/p>\n<p>Nos especializamos en encontrar propiedades de alto valor que sean adaptables y flexibles, ajust\u00e1ndose perfectamente a los requisitos \u00fanicos de cada cliente. Tanto si busca un hogar acogedor, un espacio de oficina inspirador o una inversi\u00f3n estrat\u00e9gica, nuestras opciones se seleccionan meticulosamente para garantizar que se ajustan a sus objetivos y aspiraciones.<\/p>\n<p>Lo que ofrecemos son oportunidades de inversi\u00f3n con un potencial excepcional. No s\u00f3lo buscamos propiedades que generen un fuerte flujo de caja, sino tambi\u00e9n aquellas que tengan potencial para aumentar significativamente su valor con el paso del tiempo. En <b>Best Vision Immobiliare S.A.<\/b>, no s\u00f3lo encontrar\u00e1 un lugar para vivir o trabajar, sino tambi\u00e9n una inversi\u00f3n s\u00f3lida con interesantes perspectivas de crecimiento. \u00a1Su futuro inmobiliario empieza aqu\u00ed!<\/p>\n\t\t\t\t\t\t\t\t<\/div>\n\t\t\t\t<\/div>\n\t\t\t\t\t<\/div>\n\t\t<\/div>\n\t\t\t\t\t<\/div>\n\t\t<\/section>\n\t\t\t\t<section class=\"elementor-section elementor-top-section elementor-element elementor-element-e3ac589 elementor-section-boxed elementor-section-height-default elementor-section-height-default\" data-id=\"e3ac589\" data-element_type=\"section\" data-e-type=\"section\">\n\t\t\t\t\t\t<div class=\"elementor-container elementor-column-gap-default\">\n\t\t\t\t\t<div class=\"elementor-column elementor-col-50 elementor-top-column elementor-element elementor-element-2abb93a\" data-id=\"2abb93a\" data-element_type=\"column\" data-e-type=\"column\">\n\t\t\t<div class=\"elementor-widget-wrap elementor-element-populated\">\n\t\t\t\t\t\t<div class=\"elementor-element elementor-element-dfa87f3 elementor-invisible elementor-widget elementor-widget-heading\" data-id=\"dfa87f3\" data-element_type=\"widget\" data-e-type=\"widget\" data-settings=\"{&quot;_animation&quot;:&quot;fadeIn&quot;}\" data-widget_type=\"heading.default\">\n\t\t\t\t<div class=\"elementor-widget-container\">\n\t\t\t\t\t<h3 class=\"elementor-heading-title elementor-size-default\">Entonces, \u00bfpor qu\u00e9 elegir Best Vision?<\/h3>\t\t\t\t<\/div>\n\t\t\t\t<\/div>\n\t\t\t\t<div class=\"elementor-element elementor-element-e1c43c7 elementor-icon-list--layout-traditional elementor-list-item-link-full_width elementor-invisible elementor-widget elementor-widget-icon-list\" data-id=\"e1c43c7\" data-element_type=\"widget\" data-e-type=\"widget\" data-settings=\"{&quot;_animation&quot;:&quot;fadeIn&quot;,&quot;_animation_delay&quot;:200}\" data-widget_type=\"icon-list.default\">\n\t\t\t\t<div class=\"elementor-widget-container\">\n\t\t\t\t\t\t\t<ul class=\"elementor-icon-list-items\">\n\t\t\t\t\t\t\t<li class=\"elementor-icon-list-item\">\n\t\t\t\t\t\t\t\t\t\t\t<span class=\"elementor-icon-list-icon\">\n\t\t\t\t\t\t\t<i aria-hidden=\"true\" class=\"far fa-check-circle\"><\/i>\t\t\t\t\t\t<\/span>\n\t\t\t\t\t\t\t\t\t\t<span class=\"elementor-icon-list-text\">Alta calidad<\/span>\n\t\t\t\t\t\t\t\t\t<\/li>\n\t\t\t\t\t\t\t\t<li class=\"elementor-icon-list-item\">\n\t\t\t\t\t\t\t\t\t\t\t<span class=\"elementor-icon-list-icon\">\n\t\t\t\t\t\t\t<i aria-hidden=\"true\" class=\"far fa-check-circle\"><\/i>\t\t\t\t\t\t<\/span>\n\t\t\t\t\t\t\t\t\t\t<span class=\"elementor-icon-list-text\">Viviendas de lujo para comprar<\/span>\n\t\t\t\t\t\t\t\t\t<\/li>\n\t\t\t\t\t\t\t\t<li class=\"elementor-icon-list-item\">\n\t\t\t\t\t\t\t\t\t\t\t<span class=\"elementor-icon-list-icon\">\n\t\t\t\t\t\t\t<i aria-hidden=\"true\" class=\"far fa-check-circle\"><\/i>\t\t\t\t\t\t<\/span>\n\t\t\t\t\t\t\t\t\t\t<span class=\"elementor-icon-list-text\">Proximidad y servicios profesionales<\/span>\n\t\t\t\t\t\t\t\t\t<\/li>\n\t\t\t\t\t\t\t\t<li class=\"elementor-icon-list-item\">\n\t\t\t\t\t\t\t\t\t\t\t<span class=\"elementor-icon-list-icon\">\n\t\t\t\t\t\t\t<i aria-hidden=\"true\" class=\"far fa-check-circle\"><\/i>\t\t\t\t\t\t<\/span>\n\t\t\t\t\t\t\t\t\t\t<span class=\"elementor-icon-list-text\">Precios e inversiones<\/span>\n\t\t\t\t\t\t\t\t\t<\/li>\n\t\t\t\t\t\t\t\t<li class=\"elementor-icon-list-item\">\n\t\t\t\t\t\t\t\t\t\t\t<span class=\"elementor-icon-list-icon\">\n\t\t\t\t\t\t\t<i aria-hidden=\"true\" class=\"far fa-check-circle\"><\/i>\t\t\t\t\t\t<\/span>\n\t\t\t\t\t\t\t\t\t\t<span class=\"elementor-icon-list-text\">Soluciones a medida<\/span>\n\t\t\t\t\t\t\t\t\t<\/li>\n\t\t\t\t\t\t\t\t<li class=\"elementor-icon-list-item\">\n\t\t\t\t\t\t\t\t\t\t\t<span class=\"elementor-icon-list-icon\">\n\t\t\t\t\t\t\t<i aria-hidden=\"true\" class=\"far fa-check-circle\"><\/i>\t\t\t\t\t\t<\/span>\n\t\t\t\t\t\t\t\t\t\t<span class=\"elementor-icon-list-text\">Presencia internacional<\/span>\n\t\t\t\t\t\t\t\t\t<\/li>\n\t\t\t\t\t\t\t\t<li class=\"elementor-icon-list-item\">\n\t\t\t\t\t\t\t\t\t\t\t<span class=\"elementor-icon-list-icon\">\n\t\t\t\t\t\t\t<i aria-hidden=\"true\" class=\"far fa-check-circle\"><\/i>\t\t\t\t\t\t<\/span>\n\t\t\t\t\t\t\t\t\t\t<span class=\"elementor-icon-list-text\">Facilidades financieras<\/span>\n\t\t\t\t\t\t\t\t\t<\/li>\n\t\t\t\t\t\t<\/ul>\n\t\t\t\t\t\t<\/div>\n\t\t\t\t<\/div>\n\t\t\t\t\t<\/div>\n\t\t<\/div>\n\t\t\t\t<div class=\"elementor-column elementor-col-50 elementor-top-column elementor-element elementor-element-dd2de2c\" data-id=\"dd2de2c\" data-element_type=\"column\" data-e-type=\"column\">\n\t\t\t<div class=\"elementor-widget-wrap elementor-element-populated\">\n\t\t\t\t\t\t<div class=\"elementor-element elementor-element-6a9d5a4 elementor-invisible elementor-widget elementor-widget-image\" data-id=\"6a9d5a4\" data-element_type=\"widget\" data-e-type=\"widget\" data-settings=\"{&quot;_animation&quot;:&quot;fadeIn&quot;,&quot;_animation_delay&quot;:400}\" data-widget_type=\"image.default\">\n\t\t\t\t<div class=\"elementor-widget-container\">\n\t\t\t\t\t\t\t\t\t\t\t\t\t\t\t<img fetchpriority=\"high\" decoding=\"async\" width=\"1000\" height=\"667\" src=\"https:\/\/bestvision.immo\/wp-content\/uploads\/2023\/10\/landlord-unlocks-house-key-new-home-real-estate-agents-sales-agents-jpg.webp\" class=\"attachment-large size-large wp-image-20866\" alt=\"\" srcset=\"https:\/\/bestvision.immo\/wp-content\/uploads\/2023\/10\/landlord-unlocks-house-key-new-home-real-estate-agents-sales-agents-jpg.webp 1000w, https:\/\/bestvision.immo\/wp-content\/uploads\/2023\/10\/landlord-unlocks-house-key-new-home-real-estate-agents-sales-agents-300x200.webp 300w, https:\/\/bestvision.immo\/wp-content\/uploads\/2023\/10\/landlord-unlocks-house-key-new-home-real-estate-agents-sales-agents-768x512.webp 768w, https:\/\/bestvision.immo\/wp-content\/uploads\/2023\/10\/landlord-unlocks-house-key-new-home-real-estate-agents-sales-agents-900x600.webp 900w, https:\/\/bestvision.immo\/wp-content\/uploads\/2023\/10\/landlord-unlocks-house-key-new-home-real-estate-agents-sales-agents-496x331.webp 496w\" sizes=\"(max-width: 1000px) 100vw, 1000px\" \/>\t\t\t\t\t\t\t\t\t\t\t\t\t\t\t<\/div>\n\t\t\t\t<\/div>\n\t\t\t\t\t<\/div>\n\t\t<\/div>\n\t\t\t\t\t<\/div>\n\t\t<\/section>\n\t\t\t\t<\/div>\n\t\t","protected":false},"excerpt":{"rendered":"<p>Servicios \u00a1Bienvenido a Best Vision Immobiliare S.A.! \u00bfEst\u00e1 buscando una oportunidad de inversi\u00f3n inmobiliaria emocionante y rentable? Est\u00e1 usted en el lugar adecuado. En Best Vision Immobiliare, nos dedicamos a seleccionar meticulosamente las mejores ofertas de casas, apartamentos, terrenos y oficinas, garantizando opciones que se alinean perfectamente con sus necesidades y deseos. Explore nuestra secci\u00f3n [&hellip;]<\/p>\n","protected":false},"author":1,"featured_media":0,"parent":0,"menu_order":0,"comment_status":"closed","ping_status":"closed","template":"template\/template-homepage.php","meta":{"footnotes":""},"class_list":["post-21005","page","type-page","status-publish","hentry"],"_links":{"self":[{"href":"https:\/\/bestvision.immo\/es\/wp-json\/wp\/v2\/pages\/21005","targetHints":{"allow":["GET"]}}],"collection":[{"href":"https:\/\/bestvision.immo\/es\/wp-json\/wp\/v2\/pages"}],"about":[{"href":"https:\/\/bestvision.immo\/es\/wp-json\/wp\/v2\/types\/page"}],"author":[{"embeddable":true,"href":"https:\/\/bestvision.immo\/es\/wp-json\/wp\/v2\/users\/1"}],"replies":[{"embeddable":true,"href":"https:\/\/bestvision.immo\/es\/wp-json\/wp\/v2\/comments?post=21005"}],"version-history":[{"count":6,"href":"https:\/\/bestvision.immo\/es\/wp-json\/wp\/v2\/pages\/21005\/revisions"}],"predecessor-version":[{"id":22026,"href":"https:\/\/bestvision.immo\/es\/wp-json\/wp\/v2\/pages\/21005\/revisions\/22026"}],"wp:attachment":[{"href":"https:\/\/bestvision.immo\/es\/wp-json\/wp\/v2\/media?parent=21005"}],"curies":[{"name":"wp","href":"https:\/\/api.w.org\/{rel}","templated":true}]}}