{"id":21088,"date":"2023-10-11T22:02:58","date_gmt":"2023-10-11T20:02:58","guid":{"rendered":"https:\/\/bestvision.immo\/verantwortung\/"},"modified":"2023-10-11T22:26:29","modified_gmt":"2023-10-11T20:26:29","slug":"verantwortung","status":"publish","type":"page","link":"https:\/\/bestvision.immo\/de\/ueber\/verantwortung\/","title":{"rendered":"Verantwortung"},"content":{"rendered":"\n<p><strong>Allgemeine Gesch\u00e4ftsbedingungen<\/strong><\/p>\n\n\n\n<p>Die Website bestvision.group ist ausschlie\u00dfliches Eigentum der Best Vision Group (im Folgenden \u201eBest Vision\u201c oder \u201eBest Vision Group\u201c genannt). Der Zugang und die Navigation auf der Website durch einzelne Benutzer ist kostenlos und unterliegt der Annahme der Bedingungen dieser rechtlichen Hinweise. Der Benutzer erkennt an und akzeptiert in jedem Fall: (i) dass Best Vision sich das Recht vorbeh\u00e4lt, die Bedingungen dieser rechtlichen Hinweise jederzeit zu \u00e4ndern, indem die \u00c4nderungen den Benutzern durch einen allgemeinen Hinweis mitgeteilt werden, der der Website beigef\u00fcgt ist oder \u00fcber einen Link zu dieser Mitteilung und (ii) dass ab dem Zeitpunkt jeder jetzt genannten allgemeinen Mitteilung die ge\u00e4nderten rechtlichen Hinweise die neuen Bedingungen f\u00fcr den Zugriff auf die Website und die Navigation auf der Website darstellen (diese rechtlichen Hinweise werden nach und nach ge\u00e4ndert). \u201eRechtliche Hinweise\u201c unterliegen st\u00e4ndigen m\u00f6glichen \u00c4nderungen.<\/p>\n\n\n\n<p><strong>Anwendbares Recht<\/strong><\/p>\n\n\n\n<p>F\u00fcr Europa unterliegen die rechtlichen Hinweise schweizerischem Recht, Gericht Genf. F\u00fcr Amerika unterliegen die rechtlichen Hinweise dem Recht der Vereinigten Staaten von Amerika, dem Gericht von Miami.<br>F\u00fcr Afrika unterliegen die rechtlichen Hinweise schweizerischem Recht, Gericht Genf.<br>F\u00fcr Asien unterliegen die rechtlichen Hinweise schweizerischem Recht, Gericht Genf.<br>F\u00fcr Australien unterliegen die rechtlichen Hinweise dem Recht der Vereinigten Staaten von Amerika, Gericht von Miami.<\/p>\n\n\n\n<p><strong>Rechte an geistigem Eigentum<\/strong><\/p>\n\n\n\n<ul class=\"wp-block-list\">\n<li>Der Inhalt der Website, als Beispiel und nicht beschr\u00e4nkt auf die Werke, Bilder, Fotos, Dialoge, Musik, T\u00f6ne, Videos, Texte und jedes andere Material in jedem Format, einschlie\u00dflich, als Beispiel und nicht ersch\u00f6pfend, Men\u00fcs, Webseiten, Grafiken, Farben, Schemata, Werkzeuge, Zeichen, Design, Diagramme, Designs, Methoden, Prozesse, Funktionen und Software (einzeln und\/oder gemeinsam \u201eInhalt\u201c) sowie die Zeichen und\/oder relativ charakteristischen Logos sind das ausschlie\u00dfliche Eigentum von BestVision oder in seiner ausschlie\u00dflichen Verf\u00fcgbarkeit bereitgestellt und d\u00fcrfen in keinem Fall ohne die vorherige schriftliche Zustimmung von BestVision in irgendeiner Weise und\/oder Form verwendet werden.<\/li>\n\n\n\n<li>Sofern auf der Website nicht ausdr\u00fccklich anders angegeben, k\u00f6nnen die Inhalte nur im \u201eStreaming\u201c-Modus angesehen und\/oder angeh\u00f6rt werden. \u201eStreaming\u201c bedeutet die Modalit\u00e4t der Visualisierung und\/oder des Anh\u00f6rens der Inhalte in Echtzeit und ohne Notwendigkeit und\/oder M\u00f6glichkeit der vor\u00fcbergehenden oder dauerhaften Vervielf\u00e4ltigung, Verbreitung, Weiterverbreitung, \u00f6ffentlichen Wiedergabe oder sonstigen Nutzung in irgendeiner oder anderen Form aus dem hier definierten \u201eStreaming\u201c.<\/li>\n\n\n\n<li>F\u00fcr den Fall, dass auf der Website-Einbettung Linkcodes bereitgestellt werden, die sich auf bestimmte Inhalte beziehen, d\u00fcrfen diese Codes von Benutzern nur f\u00fcr ihre eigenen direkten, pers\u00f6nlichen und privaten Zwecke verwendet werden, sofern die oben genannte Verwendung nicht direkt oder indirekt f\u00fcr Typzwecke erfolgt.<\/li>\n\n\n\n<li>Jede Verwendung von Codes und\/oder Inhalten, die gegen die in den rechtlichen Hinweisen angegebenen Grenzen verst\u00f6\u00dft oder anderweitig gegen das Gesetz verst\u00f6\u00dft, ist illegal und wird daher von Best Vision geahndet.<\/li>\n\n\n\n<li>Eingetragene Marken und \u201eBest Vision\u201c-Logos, einschlie\u00dflich der Namensdomain \u201ebestvision.group\u201c, stehen ausschlie\u00dflich den Unternehmen der BestVision Group zur Verf\u00fcgung. Diese Marken, Logos und Domains d\u00fcrfen ohne vorherige schriftliche Zustimmung von Best Vision in keiner Weise verwendet werden.<\/li>\n<\/ul>\n\n\n\n<p><strong>Links zu anderen Websites<\/strong><\/p>\n\n\n\n<ul class=\"wp-block-list\">\n<li>Die Website kann Textlinks (die \u201eLinks\u201c) zu anderen Websites enthalten, die in keiner Verbindung zur Website stehen. Best Vision kontrolliert oder \u00fcberwacht diese Websites, deren Inhalte und Regeln nicht.<\/li>\n\n\n\n<li>Jeglicher Link zu anderen Websites sollte in keiner Weise als Best Vision-Aktion zur F\u00f6rderung dieser und\/oder der darauf ver\u00f6ffentlichten Inhalte verstanden werden.<\/li>\n<\/ul>\n\n\n\n<p><strong>Kekse<\/strong><\/p>\n\n\n\n<p>Die Website kann Sitzungscookies enthalten (die nicht dauerhaft auf dem Computer des Benutzers gespeichert werden und verschwinden, wenn dieser den Browser schlie\u00dft), um Benutzern eine bessere Nutzung der Website zu erm\u00f6glichen. Um Cookies zu erhalten, k\u00f6nnen Sie Ihren Browser so konfigurieren, dass er \u00fcber das Vorhandensein von Cookies benachrichtigt wird, und dann entscheiden, ob Sie diese akzeptieren oder nicht.<br>Auch der Browser kann so konfiguriert werden, dass er alle Cookies automatisch ablehnt; In diesem Fall ist es jedoch m\u00f6glich, dass der Benutzer nicht auf alle auf der Website verf\u00fcgbaren Dienste zugreifen kann.<\/p>\n\n\n\n<p><strong>Haftungsbeschr\u00e4nkungen<\/strong><\/p>\n\n\n\n<ul class=\"wp-block-list\">\n<li>Der Benutzer erkennt an und akzeptiert, dass sein Zugriff und die Navigation auf der Website auf eigenes Risiko und in seiner ausschlie\u00dflichen Verantwortung erfolgt.<\/li>\n\n\n\n<li>Der Benutzer erkennt au\u00dferdem an und akzeptiert, dass die Website \u201ewie sie ist\u201c und \u201ewie verf\u00fcgbar\u201c bereitgestellt wird und vor\u00fcbergehend nicht zug\u00e4nglich sein kann oder aktuelle M\u00e4ngel oder Verz\u00f6gerungen aufweist.<\/li>\n\n\n\n<li>Best Vision \u00fcbernimmt keine Verantwortung f\u00fcr die Inhalte, Materialien und\/oder Informationen, die von Benutzern auf der Website in den virtuellen Programmbereichen eingegeben werden, die Best Vision den Benutzern f\u00fcr die Interaktion mit der Website zur Verf\u00fcgung stellt (\u201eBenutzerinhalte\u201c).<\/li>\n\n\n\n<li>Best Vision ist nicht verantwortlich f\u00fcr Verluste oder Sch\u00e4den, die sich aus der Nutzung oder dem Betrieb der Website ergeben oder in irgendeiner Weise damit zusammenh\u00e4ngen, einschlie\u00dflich unter anderem Sch\u00e4den aus Gesch\u00e4ftsverlust, entgangenem Gewinn, Betriebsunterbrechung, Verlust von Gesch\u00e4ftsinformationen usw \/ oder jede andere Art von Verm\u00f6gensschaden, au\u00dfer in F\u00e4llen von Fehlverhalten, Vorsatz oder grober Fahrl\u00e4ssigkeit von Best Vision.<\/li>\n<\/ul>\n\n\n\n<p><strong>Missbrauchsbericht<\/strong><\/p>\n\n\n\n<ul class=\"wp-block-list\">\n<li>Benutzer, die Inhalte eines Benutzers identifiziert haben, die sie f\u00fcr illegal, unangemessen, beleidigend oder vulg\u00e4r halten, benachrichtigen Best Vision unverz\u00fcglich, indem sie das auf der Website unten auf der Startseite verf\u00fcgbare Formular zur Missbrauchsmeldung ausf\u00fcllen.<\/li>\n\n\n\n<li>Der Benutzer wird zu einem verantwortungsvollen Umgang mit seinen Berichten aufgefordert. F\u00fcr Meldungen, die sich als unbegr\u00fcndet und\/oder unzul\u00e4ssig erweisen, tragen Sie die Verantwortung.<\/li>\n<\/ul>\n\n\n\n<p><strong>Anwendbares Recht<\/strong><\/p>\n\n\n\n<p>Die rechtlichen Hinweise unterliegen schweizerischem Recht, Gericht Genf.<\/p>\n\n\n\n<p><strong>Best Vision Group<\/strong><\/p>\n","protected":false},"excerpt":{"rendered":"<p>Allgemeine Gesch\u00e4ftsbedingungen Die Website bestvision.group ist ausschlie\u00dfliches Eigentum der Best Vision Group (im Folgenden \u201eBest Vision\u201c oder \u201eBest Vision Group\u201c genannt). Der Zugang und die Navigation auf der Website durch einzelne Benutzer ist kostenlos und unterliegt der Annahme der Bedingungen dieser rechtlichen Hinweise. Der Benutzer erkennt an und akzeptiert in jedem Fall: (i) dass Best [&hellip;]<\/p>\n","protected":false},"author":2,"featured_media":0,"parent":20913,"menu_order":0,"comment_status":"closed","ping_status":"closed","template":"","meta":{"footnotes":""},"class_list":["post-21088","page","type-page","status-publish","hentry"],"_links":{"self":[{"href":"https:\/\/bestvision.immo\/de\/wp-json\/wp\/v2\/pages\/21088","targetHints":{"allow":["GET"]}}],"collection":[{"href":"https:\/\/bestvision.immo\/de\/wp-json\/wp\/v2\/pages"}],"about":[{"href":"https:\/\/bestvision.immo\/de\/wp-json\/wp\/v2\/types\/page"}],"author":[{"embeddable":true,"href":"https:\/\/bestvision.immo\/de\/wp-json\/wp\/v2\/users\/2"}],"replies":[{"embeddable":true,"href":"https:\/\/bestvision.immo\/de\/wp-json\/wp\/v2\/comments?post=21088"}],"version-history":[{"count":2,"href":"https:\/\/bestvision.immo\/de\/wp-json\/wp\/v2\/pages\/21088\/revisions"}],"predecessor-version":[{"id":21104,"href":"https:\/\/bestvision.immo\/de\/wp-json\/wp\/v2\/pages\/21088\/revisions\/21104"}],"up":[{"embeddable":true,"href":"https:\/\/bestvision.immo\/de\/wp-json\/wp\/v2\/pages\/20913"}],"wp:attachment":[{"href":"https:\/\/bestvision.immo\/de\/wp-json\/wp\/v2\/media?parent=21088"}],"curies":[{"name":"wp","href":"https:\/\/api.w.org\/{rel}","templated":true}]}}