{"id":21076,"date":"2023-10-11T22:01:59","date_gmt":"2023-10-11T20:01:59","guid":{"rendered":"https:\/\/bestvision.immo\/bedingungen-fuer-die-nutzung\/"},"modified":"2023-10-11T22:25:44","modified_gmt":"2023-10-11T20:25:44","slug":"nutzungsbedingungen","status":"publish","type":"page","link":"https:\/\/bestvision.immo\/de\/ueber\/nutzungsbedingungen\/","title":{"rendered":"Nutzungsbedingungen"},"content":{"rendered":"\n<h3 class=\"wp-block-heading\">Allgemeine Regeln und Definitionen<\/h3>\n\n\n\n<p>Durch die Nutzung der mit der Website Best Vision Group verbundenen Dienste (im Folgenden \u201edie Dienste\u201c oder \u201eder Dienst\u201c genannt) muss der Nutzer die nachstehend aufgef\u00fchrten Bedingungen und Nutzungsbedingungen einhalten.<br>Diese Bedingungen gelten f\u00fcr Best Vision Group, Titelinhaber der Best Vision Group und Administrator der Inhalte der Website und der damit verbundenen Dienste.<\/p>\n\n\n\n<p>Best Vision Group beh\u00e4lt sich das Recht vor, diese Bedingungen zu \u00e4ndern, Teile hinzuzuf\u00fcgen oder zu entfernen, indem sie die interessierten Parteien durch Ver\u00f6ffentlichung der \u00c4nderungen direkt auf der Website oder per E-Mail informiert.<br>Es ist erforderlich, dass jeder Benutzer diese Bedingungen regelm\u00e4\u00dfig \u00fcberpr\u00fcft, um die \u00c4nderungen festzustellen, die nach dem letzten Besuch der Website aufgetreten sind.<br>In jedem Fall setzt die Nutzung der Website und ihrer Dienste die Annahme der zwischenzeitlich eingetretenen \u00c4nderungen voraus.<\/p>\n\n\n\n<p>Wenn die \u00c4nderungen nicht akzeptiert werden, kann der Benutzer sein Konto jederzeit k\u00fcndigen, indem er an info@bestvision.group schreibt oder einen beglaubigten Brief mit Empfangsbest\u00e4tigung an Best Vision Group sendet, ungeachtet dessen, dass die fortgesetzte Nutzung der Dienste die Annahme dieser \u00c4nderungen voraussetzt die neuen Bedingungen.<\/p>\n\n\n\n<p>Best Vision Group beh\u00e4lt sich das Recht vor, Dienste, einschlie\u00dflich des Zugriffs auf die Datenbank oder Inhalte, zu \u00e4ndern, auszusetzen oder sogar teilweise zu unterbrechen. Best Vision Group kann auch ganz oder teilweise ohne vorherige Ank\u00fcndigung Zugangs- oder Servicebeschr\u00e4nkungen einf\u00fchren, ohne die Verantwortung f\u00fcr solche Servicebeschr\u00e4nkungen zu \u00fcbernehmen.<\/p>\n\n\n\n<p><strong>Inhalte und Leistungen der Website bestvision.group und Nutzung durch Nutzer<\/strong><\/p>\n\n\n\n<p>Die Inhalte und Dienste der Website bestvision.group sind f\u00fcr den pers\u00f6nlichen und nicht professionellen Gebrauch bestimmt.<br>Alle auf der Website ver\u00f6ffentlichten Materialien (einschlie\u00dflich beispielsweise informativer Artikel, Fotos, Bilder, Illustrationen, Audio- und\/oder Videoaufzeichnungen, im Folgenden auch \u201eInhalte\u201c genannt) sind urheberrechtlich gesch\u00fctzt und Eigentum des Herausgebers bzw. von diejenigen, die rechtm\u00e4\u00dfig relative Rechte haben. Der Benutzer muss alle zus\u00e4tzlichen Informationen beachten, die m\u00f6glicherweise auf der Website in Bezug auf das geistige Eigentum der Inhalte enthalten sind, auf die \u00fcber die Dienste der Website zugegriffen wird.<\/p>\n\n\n\n<p>Die Dienste der Website und ihre Inhalte sind durch die in der Schweiz und den USA geltenden Urheberrechtsgesetze sowie durch internationale Urheberrechtsgesetze gesch\u00fctzt. Dem Nutzer ist es nicht gestattet, die Inhalte oder Dienste aus irgendeinem Grund zu ver\u00e4ndern, zu ver\u00f6ffentlichen, zu \u00fcbertragen, zu teilen, zu nutzen, zu reproduzieren (\u00fcber die unten angegebenen Grenzen hinaus), neu zu verarbeiten, zu verbreiten, auszuf\u00fchren, Zugang zu gew\u00e4hren oder kommerziell zu verwerten (einschlie\u00dflich). Software) dieser Website, auch teilweise.<\/p>\n\n\n\n<p>Der Benutzer ist berechtigt, die Inhalte und jedes andere herunterladbare Material, das \u00fcber die Dienste der Website verf\u00fcgbar ist, nur f\u00fcr den pers\u00f6nlichen Gebrauch herunterzuladen oder zu kopieren, vorausgesetzt, dass er alle Urheberrechtshinweise und anderen auf der Website angegebenen Hinweise getreulich angibt.<br>Die Vervielf\u00e4ltigung und Sammlung jeglicher Inhalte f\u00fcr andere Zwecke als den pers\u00f6nlichen Gebrauch ist ohne ausdr\u00fcckliche vorherige schriftliche Genehmigung des Herausgebers oder des auf der Website angegebenen Urheberrechtsinhabers ausdr\u00fccklich untersagt.<\/p>\n\n\n\n<p>Die Inhalte, die von Presseagenturen oder anderen Websites stammen, werden vom Herausgeber ver\u00f6ffentlicht, der keine Verantwortung f\u00fcr Unvollst\u00e4ndigkeiten, Ungenauigkeiten, Fehler, Auslassungen hinsichtlich der Integrit\u00e4t der Informationen \u00fcbernimmt und nicht f\u00fcr etwaige Folgesch\u00e4den verantwortlich ist.<\/p>\n\n\n\n<p>Der RSS-Dienst, bestehend aus Informationsinhalten, die \u00fcber \u201eAggregationsprogramme\u201c auf den Computer heruntergeladen werden k\u00f6nnen, ist nur f\u00fcr den pers\u00f6nlichen Gebrauch zug\u00e4nglich und jede Nutzung f\u00fcr kommerzielle Zwecke ist ausgeschlossen. Eine abweichende Nutzung, beispielsweise die Einf\u00fcgung von Werbebotschaften, die Kombination mit Produkten oder die verl\u00e4ngerte Auslieferung zu Werbezwecken, ist in jedem Fall untersagt. Der Benutzer darf die Dienste von RSS und die Verbindungen, die von der Website bestvision.group ausgehen, in keiner Weise \u00e4ndern oder an Dritte weitergeben. Der RSS-Dienst und die zugeh\u00f6rigen Inhalte sind durch italienische Urheberrechtsgesetze und damit verbundene internationale Vorschriften gesch\u00fctzt.<\/p>\n\n\n\n<p>Der Herausgeber beh\u00e4lt sich das Recht vor, den RSS-Dienst jederzeit zu unterbrechen und dem Benutzer die Nutzung des heruntergeladenen Materials in irgendeiner Weise ohne Einschr\u00e4nkungen und ohne vorherige Ank\u00fcndigung zu verbieten.<\/p>\n\n\n\n<p>Der Herausgeber \u00fcbernimmt keine Verantwortung im Zusammenhang mit den Inhalten und dem RSS-Dienst sowie dessen Nutzung im Hinblick auf Sch\u00e4den oder Nutzungseinschr\u00e4nkungen von Websites und Computern, auf denen die genannten Inhalte und Dienste genutzt wurden.<\/p>\n\n\n\n<p><strong>Zugang und Serviceverf\u00fcgbarkeit. Verwendung von Links<\/strong><\/p>\n\n\n\n<p>Die Website bestvision.group enth\u00e4lt Links zu anderen Internetressourcen. Der Herausgeber ist weder f\u00fcr die tats\u00e4chliche Zug\u00e4nglichkeit und Verf\u00fcgbarkeit dieser externen Ressourcen auf seiner Website noch f\u00fcr deren Inhalte verantwortlich. Daher wird der Benutzer gebeten, sich bei Problemen mit den betreffenden Inhalten an den Administrator oder den Webmaster der externen Websites zu wenden.<\/p>\n\n\n\n<p><strong>Registrierung und Sicherheit<\/strong><\/p>\n\n\n\n<p>Im Rahmen des Registrierungsprozesses muss der Benutzer seine eigene Benutzerkennung und sein eigenes Passwort w\u00e4hlen.<\/p>\n\n\n\n<p>Der Nutzer kann nicht die Benutzerkennung einer anderen Person w\u00e4hlen, um deren Identit\u00e4t zu nutzen. Dar\u00fcber hinaus ist es Ihnen nicht gestattet, die Benutzerkennung einer anderen Person ohne Ihre ausdr\u00fcckliche Genehmigung zu verwenden. Es ist auch verboten, eine Benutzerkennung zu verwenden, die der Herausgeber nach eigenem Ermessen als sch\u00e4dlich f\u00fcr die Rechte Dritter oder in jedem Fall als anst\u00f6\u00dfig oder skandal\u00f6s erachtet.<\/p>\n\n\n\n<p>Das vom Nutzer bei der Registrierung f\u00fcr Dienstleistungen gew\u00e4hlte und im entsprechenden Formular bzw. Registrierungsformular eingegebene Passwort ist pers\u00f6nlich und nicht \u00fcbertragbar. Benutzer sollten das Passwort mit gr\u00f6\u00dfter Sorgfalt aufbewahren und vertraulich behandeln, um die Nutzung des Dienstes durch unbefugte Dritte zu verhindern. Daher haften sie f\u00fcr die Nutzung der oben genannten Identifikatoren durch autorisierte oder unbefugte Dritte sowie f\u00fcr etwaige Sch\u00e4den, die dem Blog-Inhaber, dem Herausgeber und\/oder Dritten durch die Nichteinhaltung dieser Identifikatoren entstehen vorhergehend.<\/p>\n\n\n\n<p>Die Nichteinhaltung dieser Regeln f\u00fchrt zu einem Versto\u00df gegen diese allgemeinen Nutzungsbedingungen und kann zur sofortigen L\u00f6schung des Kontos der verletzenden Partei f\u00fchren.<br>Im Falle einer tats\u00e4chlichen oder potenziellen unbefugten Nutzung Ihres Kontos wird der Benutzer gebeten, dies schriftlich an info@bestvision.ch oder durch Zusendung eines Einschreibens mit R\u00fcckschein an Best Vision Group mit detaillierten Informationen zum Versto\u00df zu melden und Benachrichtigung \u00fcber Verlust, unbefugte Passwortkompromittierung oder Diebstahl pers\u00f6nlicher Daten.<\/p>\n\n\n\n<p>Dem Nutzer ist bekannt, dass er f\u00fcr die Registrierung f\u00fcr den Dienst mindestens 18 Jahre alt sein muss, auch wenn Personen jeden Alters auf den Dienst zugreifen k\u00f6nnen. Kinder unter 18 Jahren m\u00fcssen von der elterlichen Aufsichtsbeh\u00f6rde unterst\u00fctzt und autorisiert werden.<\/p>\n\n\n\n<p>Der Nutzer tr\u00e4gt die volle Verantwortung f\u00fcr alle \u00fcber sein Konto vorgenommenen Handlungen, sei es direkt oder durch von ihm autorisierte Dritte.<br>Jede missbr\u00e4uchliche, betr\u00fcgerische oder rechtswidrige Nutzung f\u00fchrt nach Ermessen des Herausgebers oder Administrators der Website zur sofortigen L\u00f6schung des Kontos, unbeschadet der Einleitung rechtlicher Schritte seitens der berechtigten Parteien.<\/p>\n\n\n\n<p><strong>Servicekosten und Zahlungen<\/strong><\/p>\n\n\n\n<p>Sofern nicht anders angegeben, sind die Site-Dienste kostenlos.<br>Der Herausgeber und der Site-Administrator behalten sich das Recht vor, eine Geb\u00fchr f\u00fcr den Zugriff auf Teile der Site, bestimmte Dienste oder die gesamte Site zu erheben.<br>In jedem Fall wird der Verlag kein Entgelt verlangen, wenn er diesem Angebot nicht zuvor ausdr\u00fccklich zugestimmt hat.<br>Wenn der Herausgeber oder Site-Administrator daher in Zukunft eine Geb\u00fchr f\u00fcr den Zugriff auf Teile der Site oder Dienste verlangt, die derzeit kostenlos sind, erh\u00e4lt der Benutzer eine spezifische Mitteilung mit einer detaillierten Angabe dieser Kosten, die dem Benutzer ausdr\u00fccklich die M\u00f6glichkeit gibt, dies zu tun W\u00e4hlen Sie, ob Sie dem Dienst beitreten m\u00f6chten. Im Falle der Annahme zahlt der Nutzer diese Geb\u00fchr in den von ihm gew\u00e4hlten Formen zu den Kosten, die zum Zeitpunkt der Annahme der Leistung festgelegt werden.<\/p>\n\n\n\n<p><strong>Kommunikation zwischen dem Herausgeber, dem Site-Administrator und dem Benutzer<\/strong><\/p>\n\n\n\n<p>Wenn der Benutzer im Online-Registrierungsformular angeben muss, dass er Informationen vom Herausgeber, dem Site-Administrator und den entsprechenden Themen erhalten m\u00f6chte, k\u00f6nnen mit seiner Zustimmung gem\u00e4\u00df der geltenden Gesetzgebung die Kontaktdaten des Benutzers verwendet werden, z Beispiel f\u00fcr den Versand von Werbematerial zu diesen Themen.<\/p>\n\n\n\n<p>Der Herausgeber und der Site-Administrator behalten sich in jedem Fall das Recht vor, dem Benutzer Mitteilungen per E-Mail zu senden, um ihn \u00fcber \u00c4nderungen oder Erg\u00e4nzungen im Zusammenhang mit der Site und den damit verbundenen Dienstleistungen zu informieren.<\/p>\n\n\n\n<p>Die statistischen Daten und diejenigen im Zusammenhang mit der Nutzung der Website k\u00f6nnen, nachdem sie anonymisiert wurden, vom Herausgeber und dem Administrator der Website f\u00fcr Forschungs- und Analyseaktivit\u00e4ten verwendet werden. F\u00fcr weitere Einzelheiten kann der Nutzer die Informationen zur Verarbeitung seiner personenbezogenen Daten einsehen.<\/p>\n\n\n\n<p>Der Herausgeber und der Site-Administrator k\u00f6nnen den Benutzer per E-Mail kontaktieren, um an Umfragen teilzunehmen, Kommentare zur Website und zu bestehenden oder zu erstellenden Produkten und Dienstleistungen anzufordern.<br>Diese Informationen werden au\u00dfer in aggregierter Form nicht an Dritte weitergegeben und ausschlie\u00dflich zur Verbesserung der Website und der Dienste verwendet.<\/p>\n\n\n\n<p><strong>Software-Nutzungslizenzen<\/strong><\/p>\n\n\n\n<p>Der Nutzer erwirbt keinerlei Rechte in Bezug auf die Nutzung der auf der Website vorhandenen Software, die \u00fcber die f\u00fcr die Nutzung der Dienste erforderliche Nutzung hinausgeht.<br>Daher kann der Nutzer keine Nutzungsrechte an dieser Software einr\u00e4umen oder Lizenzen abtreten oder \u00fcbertragen. Der Nutzer ist ausschlie\u00dflich berechtigt, eine Kopie der Software f\u00fcr den pers\u00f6nlichen Gebrauch anzufertigen, unbeschadet des Verbots der Verbreitung, \u00c4nderung, \u00dcberarbeitung oder Erstellung abgeleiteter Werke der betreffenden Software.<\/p>\n\n\n\n<p><strong>Kontodauer.<\/strong><\/p>\n\n\n\n<p>Der Benutzer kann sein Konto jederzeit k\u00fcndigen, indem er an info@bestvision.ch schreibt oder einen beglaubigten Brief mit R\u00fcckschein an Best Vision Group sendet. Der Benutzer erh\u00e4lt eine Mitteilung, die den Eingang der Anfrage und die anschlie\u00dfende L\u00f6schung des Kontos best\u00e4tigt.<br>Es versteht sich, dass der Benutzer f\u00fcr alle mit dem Konto durchgef\u00fchrten Aktivit\u00e4ten bis zum Zeitpunkt der tats\u00e4chlichen Deaktivierung verantwortlich ist.<br>Der Herausgeber und der Site-Administrator k\u00f6nnen nach eigenem Ermessen den Zugriff auf die gesamte Site und die Dienste ganz oder teilweise aus beliebigen Gr\u00fcnden stornieren oder vor\u00fcbergehend aussetzen, einschlie\u00dflich, aber nicht beschr\u00e4nkt auf Verst\u00f6\u00dfe gegen die in diesen Zugangsbedingungen f\u00fcr den Dienst beschriebenen Regeln.<\/p>\n\n\n\n<p><strong>Verschieden<\/strong><\/p>\n\n\n\n<p>Diese Zugangsbedingungen wurden im Lichte der in der Schweiz geltenden Gesetze formuliert. Das zust\u00e4ndige Gericht f\u00fcr die Anwendung dieser Regeln ist das Gericht von Genf.<\/p>\n\n\n\n<p>Diese Zugangsbedingungen m\u00fcssen in \u00dcbereinstimmung mit den auf der Website bestvision.group festgelegten allgemeinen Regeln angewendet und ausgelegt werden.<\/p>\n\n\n\n<p>F\u00fcr jegliche Mitteilungen zu diesen Zugangsbedingungen kann sich der Nutzer per E-Mail an Best Vision Group an info@bestvision.ch wenden.<\/p>\n\n\n\n<p>Der Nutzer erkl\u00e4rt, dass er sich verpflichtet, den Herausgeber \u00fcber etwaige Verst\u00f6\u00dfe im Zusammenhang mit diesen Zugangsbedingungen zu informieren, sobald er davon Kenntnis erlangt. Insbesondere im Falle von rechtlichen Schritten im Zusammenhang mit der Verletzung des Urheberrechts in Bezug auf die auf der Website oder den damit verbundenen Diensten ver\u00f6ffentlichten Materialien wird der Benutzer gebeten, alle in seinem Besitz befindlichen Informationen schriftlich an info@bestvision zu melden. ch oder durch Senden eines eingeschriebenen A\/R-Briefes adressiert an Best Vision Group.<\/p>\n\n\n\n<p><strong>Schutz personenbezogener Daten.<\/strong><\/p>\n\n\n\n<p>Die vom Nutzer bereitgestellten personenbezogenen Daten werden gem\u00e4\u00df den Bestimmungen des Gesetzesdekrets 196\/2003 \u201eKodex zum Schutz personenbezogener Daten\u201c und seiner \u00c4nderungen und sp\u00e4teren Erg\u00e4nzungen gesch\u00fctzt. Der Herausgeber legt die Verwaltungsmethoden zum Schutz der Privatsph\u00e4re der Leser, die die Website konsultieren, in der Datenschutzerkl\u00e4rung (auf der Website angegeben) offen.<\/p>\n\n\n\n<p>Alle an die Website gesendeten pers\u00f6nlichen Daten werden gem\u00e4\u00df den Datenschutzgesetzen behandelt. Alle nicht personenbezogenen Daten, die dem Herausgeber, dem Site-Administrator und dem Blog-Eigent\u00fcmer mitgeteilt werden (einschlie\u00dflich Ideen, Zeichnungen, Projekte usw.), geben diesem das Recht, diese zu nutzen, zu reproduzieren, anzuzeigen, auszuf\u00fchren, zu \u00e4ndern, zu ver\u00f6ffentlichen und zu verbreiten nicht personenbezogene Daten. Die \u00dcbermittlung dieser Informationen f\u00fchrt automatisch dazu, dass diese kostenlos und mit allen weitergehenden Rechten und Befugnissen an Best Vision Group \u00fcbertragen werden.<\/p>\n\n\n\n<p>Die Seite bietet informative und interaktive Inhalte. Beim Surfen auf der Website k\u00f6nnen Sie auf folgende Weise Informationen \u00fcber den Benutzer oder allgemeiner \u00fcber den Besucher erhalten:<\/p>\n\n\n\n<p><strong>Navigationsdaten<\/strong><\/p>\n\n\n\n<p>Die Website sammelt technische Informationen \u00fcber die von Besuchern verwendete Hardware und Software, indem sie autonome Tools zur Analyse von Verbindungsdateien verwendet. Diese Informationen beziehen sich auf:<\/p>\n\n\n\n<ul class=\"wp-block-list\">\n<li>IP Adresse<\/li>\n\n\n\n<li>Browsertyp<\/li>\n\n\n\n<li>Internetanbieter<\/li>\n\n\n\n<li>Betriebssystem<\/li>\n\n\n\n<li>Domainname und Website-Adressen, von denen aus Sie zugegriffen bzw. ausgegeben haben (Referenz-\/Ausgabeseiten)<\/li>\n\n\n\n<li>Informationen zu den Seiten, die von Lesern innerhalb der Website besucht wurden<\/li>\n\n\n\n<li>Zugriffszeit<\/li>\n\n\n\n<li>Bleiben Sie auf einer Seite<\/li>\n\n\n\n<li>Interne Routenanalyse (Clickstream)<\/li>\n\n\n\n<li>Video Aufl\u00f6sung<\/li>\n\n\n\n<li>Verbindungstyp<\/li>\n\n\n\n<li>Land, von dem aus der Benutzer eine Verbindung herstellt<\/li>\n\n\n\n<li>Vorhandensein installierter Java-Plugins<\/li>\n<\/ul>\n\n\n\n<p>Bei diesen Informationen handelt es sich nicht um personenbezogene Daten des Benutzers, sondern nur um technische\/IT-Daten, die gesammelt und in aggregierter und anonymer Weise verwendet werden, mit dem alleinigen Zweck, die Qualit\u00e4t des Dienstes zu verbessern und die Nutzung der Website zu erleichtern. Diese Daten werden unmittelbar nach der Verarbeitung gel\u00f6scht.<\/p>\n\n\n\n<p><strong>Vom Benutzer bereitgestellte Daten<\/strong><\/p>\n\n\n\n<p>Dies sind die F\u00e4lle, in denen der Benutzer selbst seine pers\u00f6nlichen Daten auf der Website eingibt, nachdem er Informationen zum Zugriff auf bestimmte Dienste gelesen oder Anfragen per E-Mail gesendet hat. Dies bedeutet, dass der Eigent\u00fcmer der Website die Adresse des Absenders und\/oder andere personenbezogene Daten erwirbt, die ausschlie\u00dflich zur Beantwortung der gestellten Anfragen oder zur Bereitstellung der angeforderten Dienstleistung verarbeitet werden. In jedem Fall werden vor der Aktivierung eines bestimmten Dienstes angemessene Informationen bereitgestellt und gegebenenfalls eine entsprechende Einwilligung zur Verarbeitung personenbezogener Daten eingeholt. Diese Einwilligung kann jederzeit nachtr\u00e4glich widerrufen werden, wodurch die M\u00f6glichkeit zur Nutzung des betreffenden Dienstes erlischt. Die erhobenen Daten werden f\u00fcr den Zeitraum gespeichert, der unbedingt erforderlich ist, um den Zweck zu erreichen, f\u00fcr den die Verarbeitung erfolgt, d. h. die Aktivierung\/Verwaltung des angeforderten Dienstes.<\/p>\n\n\n\n<p><strong>Cookies<\/strong><\/p>\n\n\n\n<p>Cookies sind Informationen, die beim Surfen auf einer Website auf dem Computer gespeichert werden k\u00f6nnen, um Nutzungsdaten zu verarbeiten und zu identifizieren. Die Cookie-Datei ist normalerweise sehr klein und tr\u00e4gt nicht zur S\u00e4ttigung des physischen Speicherplatzes der Festplatte bei. Das Cookie wird zu Registrierungszwecken auf die Festplatte des Benutzers \u00fcbertragen, um sich zu \u201emerken\u201c, welche Bereiche einer Website besucht wurden. Diese Option spart Zeit, da der Benutzer schneller zu den Hauptteilen einer zuvor besuchten Website gelangen kann. Es gibt verschiedene Arten von Cookies:<\/p>\n\n\n\n<ul class=\"wp-block-list\">\n<li>Permanent, das hei\u00dft, sie bleiben auf der Festplatte, auch wenn der Browser geschlossen wird<\/li>\n\n\n\n<li>Tempor\u00e4re oder Sitzungsdaten, die nur f\u00fcr die Dauer der Navigation gespeichert und beim Schlie\u00dfen des Browsers vom Computer entfernt werden<\/li>\n\n\n\n<li>Von Dritten, generiert von einer anderen Website als der, die Sie gerade besuchen.<\/li>\n<\/ul>\n\n\n\n<p>Die vom Websitebesitzer verwendeten Cookies sind eine Kombination dieser drei Arten: Einige werden nur zum \u00d6ffnen und Aufrechterhalten einer Sitzung verwendet (tempor\u00e4re Cookies). In diesem Fall werden sie durch das Schlie\u00dfen der Sitzung oder des Browsers sowohl f\u00fcr uns als auch f\u00fcr Dritte unbrauchbar, auch wenn sie physisch auf dem genutzten PC verbleiben (permanente Cookies).<br>Zu rein statistischen Zwecken werden auch Cookies von Drittanbietern zur Messung aggregierter Informationen eingesetzt. Um eine Website anzubieten, die den Erwartungen und Interessen des Benutzers entspricht, wird eine st\u00e4ndige Analyse der in den Cookies gesammelten Daten durchgef\u00fchrt; Diese Daten zeigen lediglich und anonym an, wie die Website genutzt wird, d. h. welche Bereiche und Abschnitte f\u00fcr Browser als am interessantesten und n\u00fctzlichsten angesehen werden.<br>Der Benutzer hat das Recht, seinen Browser so zu konfigurieren, dass er alle oder nur einige Cookies akzeptiert oder sie ablehnt.<br>Wir weisen jedoch darauf hin, dass die Tatsache, dass Cookies nicht akzeptiert werden, dazu f\u00fchren kann, dass die Bereitstellung des Dienstes beim Zugriff auf bestimmte Bereiche der Website nicht m\u00f6glich ist. Es ist auch zu beachten, dass der Benutzer am Ende jeder Browsersitzung in jedem Fall sowohl den Navigationscache als auch die von seiner Festplatte gesammelten Cookies l\u00f6schen kann.<\/p>\n\n\n\n<p>Die Verarbeitung erfolgt mithilfe automatisierter Tools (z. B. mithilfe elektronischer Verfahren und Mittel) und\/oder manuell (z. B. auf Papier) f\u00fcr den Zeitraum, der unbedingt erforderlich ist, um die Zwecke zu erreichen, f\u00fcr die die Daten erhoben wurden, und in jedem Fall in \u00dcbereinstimmung mit der geltenden Gesetzgebung.<\/p>\n\n\n\n<p>Deaktivieren Sie Cookies im Browser<br>Dies sind die Anweisungen zum Konfigurieren von Cookies in den wichtigsten Browsern:<\/p>\n\n\n\n<p>Chrome: Einstellungen-&gt;Erweiterte Optionen anzeigen-&gt;Datenschutz-&gt;Inhaltseinstellungen<br>Weitere Informationen finden Sie im Google-Support oder in der Hilfe des Browsers.<br>Firefox: Extras-&gt;Optionen-&gt;Datenschutz-&gt;Verlauf-&gt;Benutzerdefinierte Einstellungen.<br>Weitere Informationen finden Sie im Mozilla-Support oder in der Hilfe des Browsers.<br>Internet Explorer: Extras-&gt;Internetoptionen-&gt;Datenschutz-&gt;Einstellungen.<br>Weitere Informationen finden Sie im Microsoft-Support oder in der Hilfe des Browsers.<br>Safari: Einstellungen -&gt; Sicherheit.<br>F\u00fcr weitere Informationen konsultieren Sie bitte den Apple-Support oder die Hilfe des Browsers.<\/p>\n","protected":false},"excerpt":{"rendered":"<p>Allgemeine Regeln und Definitionen Durch die Nutzung der mit der Website Best Vision Group verbundenen Dienste (im Folgenden \u201edie Dienste\u201c oder \u201eder Dienst\u201c genannt) muss der Nutzer die nachstehend aufgef\u00fchrten Bedingungen und Nutzungsbedingungen einhalten.Diese Bedingungen gelten f\u00fcr Best Vision Group, Titelinhaber der Best Vision Group und Administrator der Inhalte der Website und der damit verbundenen [&hellip;]<\/p>\n","protected":false},"author":2,"featured_media":0,"parent":20913,"menu_order":0,"comment_status":"closed","ping_status":"closed","template":"","meta":{"footnotes":""},"class_list":["post-21076","page","type-page","status-publish","hentry"],"_links":{"self":[{"href":"https:\/\/bestvision.immo\/de\/wp-json\/wp\/v2\/pages\/21076","targetHints":{"allow":["GET"]}}],"collection":[{"href":"https:\/\/bestvision.immo\/de\/wp-json\/wp\/v2\/pages"}],"about":[{"href":"https:\/\/bestvision.immo\/de\/wp-json\/wp\/v2\/types\/page"}],"author":[{"embeddable":true,"href":"https:\/\/bestvision.immo\/de\/wp-json\/wp\/v2\/users\/2"}],"replies":[{"embeddable":true,"href":"https:\/\/bestvision.immo\/de\/wp-json\/wp\/v2\/comments?post=21076"}],"version-history":[{"count":2,"href":"https:\/\/bestvision.immo\/de\/wp-json\/wp\/v2\/pages\/21076\/revisions"}],"predecessor-version":[{"id":21102,"href":"https:\/\/bestvision.immo\/de\/wp-json\/wp\/v2\/pages\/21076\/revisions\/21102"}],"up":[{"embeddable":true,"href":"https:\/\/bestvision.immo\/de\/wp-json\/wp\/v2\/pages\/20913"}],"wp:attachment":[{"href":"https:\/\/bestvision.immo\/de\/wp-json\/wp\/v2\/media?parent=21076"}],"curies":[{"name":"wp","href":"https:\/\/api.w.org\/{rel}","templated":true}]}}