{"id":21064,"date":"2022-06-20T14:33:24","date_gmt":"2022-06-20T12:33:24","guid":{"rendered":"https:\/\/bestvision.immo\/datenschutzbestimmungen\/"},"modified":"2023-10-11T22:26:01","modified_gmt":"2023-10-11T20:26:01","slug":"datenschutzbestimmungen","status":"publish","type":"page","link":"https:\/\/bestvision.immo\/de\/ueber\/datenschutzbestimmungen\/","title":{"rendered":"Datenschutzrichtlinien"},"content":{"rendered":"\n<p><strong>DATENPOLITIK<\/strong><\/p>\n\n\n\n<p>Gegenstand: Informationen gem\u00e4\u00df Art. 13 der Verordnung (EU) 679\/2016 und der Gesetzgebung jedes EU-Mitgliedstaats.<br>Gem\u00e4\u00df Art. 13 der EU-Verordnung Nr. 2016\/679 (im Folgenden \u201eDSGVO 2016\/679\u201c) und der Gesetzgebung der einzelnen EU-Mitgliedstaaten (im Folgenden \u201eDatenschutzgesetz\u201c), in denen Bestimmungen zum Schutz von Personen und anderen Personen bei der Verarbeitung personenbezogener Daten festgelegt sind Wir m\u00f6chten Sie dar\u00fcber informieren, dass die von Ihnen bereitgestellten personenbezogenen Daten in \u00dcbereinstimmung mit dem oben genannten Gesetz und den Vertraulichkeitsverpflichtungen verarbeitet werden, zu deren Einhaltung alle zur BEST VISION GROUP geh\u00f6renden Unternehmen verpflichtet sind.<\/p>\n\n\n\n<p><strong>Welche Daten verarbeiten wir?<\/strong><\/p>\n\n\n\n<ul class=\"wp-block-list\">\n<li>Die beim Ausf\u00fcllen des Registrierungsformulars eingegebenen Daten (Vor- und Nachname, Adresse und E-Mail-Adresse, Telefon- und Mobiltelefonnummer) sowie die Daten zu Ihrem beruflichen Werdegang bzw. die von Ihnen in Ihrem Lebenslauf gemachten Angaben sowie zu Ihrem Gesundheitszustand;<\/li>\n\n\n\n<li>Daten bez\u00fcglich der Navigation auf unserer Website, z. Verkehrsbezogene Daten, Standort, Website-Besuche, Weblog, IP-Adresse, das Betriebssystem und der verwendete Browser, Cookies;<\/li>\n\n\n\n<li>Daten, die Sie uns per E-Mail, Umfrage sowie \u00fcber unsere Kontaktmodule oder \u00fcber LinkedIn \u00fcbermitteln.<\/li>\n<\/ul>\n\n\n\n<p><strong>Warum brauchen wir Ihre Daten?<\/strong><\/p>\n\n\n\n<p>Wir nutzen Ihre Daten zur Nachbereitung Ihres eventuellen Vorstellungsgespr\u00e4chs f\u00fcr eine freie Stelle im Unternehmen und zur Abwicklung des Besch\u00e4ftigungsverh\u00e4ltnisses sowie zu kommerziellen Zwecken.<br>Ihre Daten werden insbesondere verarbeitet f\u00fcr:<\/p>\n\n\n\n<ol class=\"wp-block-list\">\n<li>Die Aktivit\u00e4ten im Zusammenhang mit der Vermittlung zwischen Arbeitsangebot und -nachfrage<\/li>\n\n\n\n<li>Die Aktivit\u00e4ten mit kommerziellen Zwecken, der Versand von Informationen und Newslettern.<\/li>\n\n\n\n<li>Die Weitergabe Ihrer Daten an unsere Kunden in der Schweiz und im Drittland, die auf der Suche nach Personal sind, sowie an diejenigen \u00f6ffentlichen und privaten Stellen, von denen der Inhaber mit einer der unter Punkt 1) genannten T\u00e4tigkeiten beauftragt wurde. Dar\u00fcber hinaus werden Ihre Daten an Organisationen und Privatpersonen in der Schweiz und im Drittland \u00fcbermittelt, die den Eigent\u00fcmer bei der Erbringung von Dienstleistungen wie Netzwerkdiensten, Software, Werbung usw. unterst\u00fctzen.<\/li>\n\n\n\n<li>Die Weitergabe Ihrer Daten an Polizeibeh\u00f6rden im Falle eines festgestellten Missbrauchs.<\/li>\n<\/ol>\n\n\n\n<p>Rechtsgrundlage dieser T\u00e4tigkeit ist die Erf\u00fcllung der mit der Leistung verbundenen vorvertraglichen und vertraglichen Anforderungen sowie das Vorliegen konkreter rechtlicher Verpflichtungen.<\/p>\n\n\n\n<p><strong>Wie verarbeiten wir Ihre personenbezogenen Daten?<\/strong><\/p>\n\n\n\n<p>Die Verarbeitung Ihrer personenbezogenen Daten erfolgt entweder digital oder auf Papier durch einige intern daf\u00fcr autorisierte und geschulte Personen. Die Verarbeitung dieser Daten umfasst keine automatisierte Entscheidungsfindung, sondern umfasst die Profilierung der Aktivit\u00e4ten im Zusammenhang mit der Navigation auf der Website mithilfe technischer Tools wie Cookies.<\/p>\n\n\n\n<p><strong>Wie lange werden Ihre Daten gespeichert?<\/strong><\/p>\n\n\n\n<p>Ihre personenbezogenen Daten werden so lange gespeichert, wie dies zur Erf\u00fcllung der mit der Vertragsabwicklung verbundenen Aufgaben sowie der sich daraus ergebenden rechtlichen Verpflichtungen erforderlich ist. Die auf der Website des Eigent\u00fcmers gespeicherten Daten werden nach 60 Monaten Inaktivit\u00e4t gel\u00f6scht. 6 Monate vor dem Ablaufdatum erhalten Sie eine E-Mail-Benachrichtigung.<br>Die Daten derjenigen, die keine Produkte\/Dienstleistungen kaufen oder nutzen, werden unverz\u00fcglich gel\u00f6scht oder anonymisiert verarbeitet, auch wenn sie zuvor Kontakt mit Unternehmensvertretern hatten, sofern ihre Aufbewahrung nicht anderweitig gerechtfertigt ist, es sei denn, sie wurden ordnungsgem\u00e4\u00df erworben Zustimmung der interessierten Parteien zu einer sp\u00e4teren kommerziellen Werbe- oder Marktforschungsaktivit\u00e4t.<br>Die maximale Aufbewahrungsdauer der Daten betr\u00e4gt 10 Jahre.<\/p>\n\n\n\n<p><strong>Was passiert, wenn Sie uns Ihre Daten nicht zur Verf\u00fcgung stellen?<\/strong><\/p>\n\n\n\n<p>Die Bereitstellung der Daten ist f\u00fcr alle gesetzlichen und vertraglichen Verpflichtungen zwingend erforderlich. Daher kann jede Verweigerung der vollst\u00e4ndigen oder teilweisen Bereitstellung der Daten dazu f\u00fchren, dass die vom Eigent\u00fcmer angeforderten Dienstleistungen nicht erbracht werden k\u00f6nnen. Das Unternehmen verarbeitet die optionalen Daten der Nutzer auf der Grundlage ihrer Einwilligung, die durch die ausdr\u00fcckliche Zustimmung zu dieser Datenschutzrichtlinie und in Bezug auf die unten beschriebenen Methoden und Zwecke erfolgt.<\/p>\n\n\n\n<p><strong>Welche Rechte haben Sie?<\/strong><\/p>\n\n\n\n<p>Gem\u00e4\u00df der europ\u00e4ischen Verordnung 679\/2016 (DSGVO) und der nationalen Gesetzgebung kann der Interessent gem\u00e4\u00df den Verfahren und innerhalb der Grenzen der geltenden Gesetzgebung die folgenden Rechte aus\u00fcben:<\/p>\n\n\n\n<ul class=\"wp-block-list\">\n<li>Fordern Sie eine Best\u00e4tigung der Verarbeitung Ihrer personenbezogenen Daten an;<\/li>\n\n\n\n<li>Kennen Sie den Ursprung und den Zweck der Behandlung;<\/li>\n\n\n\n<li>Die M\u00f6glichkeit, Ihre Daten zu aktualisieren und zu berichtigen, um deren Richtigkeit zu gew\u00e4hrleisten;<\/li>\n\n\n\n<li>Die M\u00f6glichkeit, Ihre personenbezogenen Daten im zul\u00e4ssigen Umfang zu l\u00f6schen und deren Verarbeitung einzuschr\u00e4nken;<\/li>\n\n\n\n<li>Fordern Sie die Aktualisierung, Berichtigung, Erg\u00e4nzung, L\u00f6schung, Umwandlung in anonyme Form oder Sperrung der Daten, die unter Versto\u00df gegen das Gesetz verarbeitet wurden, einschlie\u00dflich der Daten, die f\u00fcr die Verfolgung der Zwecke, f\u00fcr die sie erhoben wurden, nicht mehr erforderlich sind;<\/li>\n\n\n\n<li>Das Recht, eine Beschwerde bei der Aufsichtsbeh\u00f6rde einzureichen.<\/li>\n<\/ul>\n\n\n\n<p>Der Eigent\u00fcmer der Verarbeitung Ihrer personenbezogenen Daten ist Best Vision Group.<\/p>\n\n\n\n<p><strong>Wichtige rechtliche Informationen und Nutzungsbedingungen.<\/strong><\/p>\n\n\n\n<p>Personen, die auf diese Website zugreifen, werden gebeten, sowohl den Inhalt dieser Seite als auch den Haftungsausschluss zu lesen. Sie erkl\u00e4ren sich mit den nachstehenden Nutzungsbedingungen, Einschr\u00e4nkungen und rechtlichen Beschr\u00e4nkungen einverstanden. Wer das Vorstehende nicht akzeptiert, sollte weder auf die Website von Best Vision Ltd. (Best Vision) (im Folgenden \u201eBestVision-Website\u201c genannt) noch auf eine der Seiten und deren Links zugreifen.<\/p>\n\n\n\n<p><strong>Nutzung der Best Vision-Website<\/strong><\/p>\n\n\n\n<p>Die Website von Best Vision unterliegt dem Urheberrecht. Das Herunterladen oder Drucken von der Website ist m\u00f6glich, sofern das Urheberrecht nicht entfernt wird. Ohne die schriftliche Zustimmung von Best Vision ist die Reproduktion (ganz oder teilweise), die \u00dcbertragung, die \u00c4nderung, die Erstellung von Links oder die Nutzung der Best Vision-Website f\u00fcr \u00f6ffentliche, private oder kommerzielle Zwecke verboten.<br>Von Zeit zu Zeit kann Best Vision sowohl den Inhalt dieser Seite als auch die Bedingungen des Haftungsausschlusses \u00e4ndern. Bitte \u00fcberpr\u00fcfen Sie sie daher von Zeit zu Zeit. Wenn Sie nach der Ver\u00f6ffentlichung von \u00c4nderungen an einer oder beiden Seiten weiterhin auf diese Website zugreifen oder einen Link zu dieser Website einrichten, akzeptieren Sie diese in der ge\u00e4nderten Fassung. Wenn Sie zu irgendeinem Zeitpunkt weder den Inhalt dieser Seite noch den Haftungsausschluss oder beides akzeptieren m\u00f6chten, m\u00fcssen Sie den Zugriff auf diese Website oder die Verlinkung zu dieser Website einstellen.<br>Sollte durch die Nutzung dieser Website ein Rechtsverh\u00e4ltnis zwischen den Zugriffen auf diese Website und Best Vision entstehen, unterliegt diese dem schweizerischen Recht.<\/p>\n\n\n\n<p><strong>Cookie-Richtlinie auf BestVision\u00ae-Websites<\/strong><\/p>\n\n\n\n<p>Best Vision verwendet HTTP-Cookies, um die Nutzung seiner Internetseiten zu vereinfachen. Mit dieser Datenschutzerkl\u00e4rung m\u00f6chten wir Sie \u00fcber die Verwendung von Cookies auf unseren Internetseiten informieren.<\/p>\n\n\n\n<p><strong>Was sind Cookies?<\/strong><\/p>\n\n\n\n<p>Cookies sind kleine Datenmengen, die von einer Website gesendet und im Webbrowser eines Benutzers gespeichert werden, w\u00e4hrend der Benutzer diese Website besucht. Sie erm\u00f6glichen die Sammlung zahlreicher Informationen mit dem Ziel, die \u00fcber unsere Internetseiten zug\u00e4nglichen Dienste zu verbessern.<\/p>\n\n\n\n<p>Mit diesen Informationen ist es m\u00f6glich, den Verkehr auf unseren Internetseiten (Anzahl der Besuche, IP-Adressen usw.) zu analysieren.<\/p>\n\n\n\n<p>Diese Informationen werden gesammelt, wenn Sie unsere Website besuchen, und erm\u00f6glichen es uns zu erkennen, welche Teile unserer Seiten f\u00fcr unsere Besucher der Website am interessantesten sind. Dadurch k\u00f6nnen wir ihre Bed\u00fcrfnisse besser kennen und den Inhalt unserer Website verbessern, indem wir die am besten geeigneten Informationen bereitstellen.<\/p>\n\n\n\n<p><strong>So verwalten Sie die Cookies.<\/strong><\/p>\n\n\n\n<p>Die Vorgehensweise bei der Parametrierung von Cookies h\u00e4ngt von dem von Ihnen verwendeten Internetbrowser ab.<br>Sie k\u00f6nnen selbst entscheiden, ob unsere Website Cookies auf Ihrem Computer verwenden darf. Sie haben jederzeit die M\u00f6glichkeit, Ihre Browseroptionen so einzustellen, dass kein Cookie akzeptiert und gespeichert wird. Sie haben au\u00dferdem die M\u00f6glichkeit, sich jedes Mal einen Warnhinweis anzeigen zu lassen, bevor ein Cookie akzeptiert wird.<\/p>\n\n\n\n<p><strong>Kann ich die Verwendung von Cookies ablehnen?<\/strong><\/p>\n\n\n\n<p>Sie k\u00f6nnen die Verwendung von Cookies auf unseren Internetseiten bei Ihrem Besuch ablehnen.<\/p>\n\n\n\n<p>Allerdings kann die Nutzung bestimmter Funktionen unserer Website eingeschr\u00e4nkt oder deaktiviert werden, wenn Sie die Verwendung von Cookies unserer Internetseite ablehnen.<\/p>\n","protected":false},"excerpt":{"rendered":"<p>DATENPOLITIK Gegenstand: Informationen gem\u00e4\u00df Art. 13 der Verordnung (EU) 679\/2016 und der Gesetzgebung jedes EU-Mitgliedstaats.Gem\u00e4\u00df Art. 13 der EU-Verordnung Nr. 2016\/679 (im Folgenden \u201eDSGVO 2016\/679\u201c) und der Gesetzgebung der einzelnen EU-Mitgliedstaaten (im Folgenden \u201eDatenschutzgesetz\u201c), in denen Bestimmungen zum Schutz von Personen und anderen Personen bei der Verarbeitung personenbezogener Daten festgelegt sind Wir m\u00f6chten Sie dar\u00fcber [&hellip;]<\/p>\n","protected":false},"author":1,"featured_media":0,"parent":20913,"menu_order":0,"comment_status":"closed","ping_status":"closed","template":"","meta":{"footnotes":""},"class_list":["post-21064","page","type-page","status-publish","hentry"],"_links":{"self":[{"href":"https:\/\/bestvision.immo\/de\/wp-json\/wp\/v2\/pages\/21064","targetHints":{"allow":["GET"]}}],"collection":[{"href":"https:\/\/bestvision.immo\/de\/wp-json\/wp\/v2\/pages"}],"about":[{"href":"https:\/\/bestvision.immo\/de\/wp-json\/wp\/v2\/types\/page"}],"author":[{"embeddable":true,"href":"https:\/\/bestvision.immo\/de\/wp-json\/wp\/v2\/users\/1"}],"replies":[{"embeddable":true,"href":"https:\/\/bestvision.immo\/de\/wp-json\/wp\/v2\/comments?post=21064"}],"version-history":[{"count":3,"href":"https:\/\/bestvision.immo\/de\/wp-json\/wp\/v2\/pages\/21064\/revisions"}],"predecessor-version":[{"id":21103,"href":"https:\/\/bestvision.immo\/de\/wp-json\/wp\/v2\/pages\/21064\/revisions\/21103"}],"up":[{"embeddable":true,"href":"https:\/\/bestvision.immo\/de\/wp-json\/wp\/v2\/pages\/20913"}],"wp:attachment":[{"href":"https:\/\/bestvision.immo\/de\/wp-json\/wp\/v2\/media?parent=21064"}],"curies":[{"name":"wp","href":"https:\/\/api.w.org\/{rel}","templated":true}]}}