{"id":20997,"date":"2020-03-02T19:51:22","date_gmt":"2020-03-02T18:51:22","guid":{"rendered":"https:\/\/bestvision.immo\/dienstleistungen\/"},"modified":"2023-11-01T23:08:31","modified_gmt":"2023-11-01T22:08:31","slug":"dienstleistungen","status":"publish","type":"page","link":"https:\/\/bestvision.immo\/de\/dienstleistungen\/","title":{"rendered":"Dienstleistungen"},"content":{"rendered":"\t\t<div data-elementor-type=\"wp-page\" data-elementor-id=\"20997\" class=\"elementor elementor-20997 elementor-17124\">\n\t\t\t\t\t\t<section class=\"elementor-section elementor-top-section elementor-element elementor-element-74364d6 elementor-section-height-min-height animated-slow elementor-section-boxed elementor-section-height-default elementor-section-items-middle elementor-invisible\" data-id=\"74364d6\" data-element_type=\"section\" data-e-type=\"section\" data-settings=\"{&quot;animation&quot;:&quot;fadeIn&quot;}\">\n\t\t\t\t\t\t\t<div class=\"elementor-background-overlay\"><\/div>\n\t\t\t\t\t\t\t<div class=\"elementor-container elementor-column-gap-default\">\n\t\t\t\t\t<div class=\"elementor-column elementor-col-100 elementor-top-column elementor-element elementor-element-c2a5e11\" data-id=\"c2a5e11\" data-element_type=\"column\" data-e-type=\"column\">\n\t\t\t<div class=\"elementor-widget-wrap elementor-element-populated\">\n\t\t\t\t\t\t<div class=\"elementor-element elementor-element-f59eba8 elementor-widget elementor-widget-heading\" data-id=\"f59eba8\" data-element_type=\"widget\" data-e-type=\"widget\" data-widget_type=\"heading.default\">\n\t\t\t\t<div class=\"elementor-widget-container\">\n\t\t\t\t\t<h1 class=\"elementor-heading-title elementor-size-default\">Dienstleistungen<\/h1>\t\t\t\t<\/div>\n\t\t\t\t<\/div>\n\t\t\t\t\t<\/div>\n\t\t<\/div>\n\t\t\t\t\t<\/div>\n\t\t<\/section>\n\t\t\t\t<section class=\"elementor-section elementor-top-section elementor-element elementor-element-00b7dd9 elementor-section-boxed elementor-section-height-default elementor-section-height-default\" data-id=\"00b7dd9\" data-element_type=\"section\" data-e-type=\"section\" data-settings=\"{&quot;background_background&quot;:&quot;classic&quot;}\">\n\t\t\t\t\t\t<div class=\"elementor-container elementor-column-gap-default\">\n\t\t\t\t\t<div class=\"elementor-column elementor-col-100 elementor-top-column elementor-element elementor-element-ea0c987 elementor-invisible\" data-id=\"ea0c987\" data-element_type=\"column\" data-e-type=\"column\" data-settings=\"{&quot;animation&quot;:&quot;fadeIn&quot;,&quot;animation_delay&quot;:200}\">\n\t\t\t<div class=\"elementor-widget-wrap elementor-element-populated\">\n\t\t\t\t\t\t<div class=\"elementor-element elementor-element-fa99de0 elementor-widget elementor-widget-heading\" data-id=\"fa99de0\" data-element_type=\"widget\" data-e-type=\"widget\" data-widget_type=\"heading.default\">\n\t\t\t\t<div class=\"elementor-widget-container\">\n\t\t\t\t\t<h3 class=\"elementor-heading-title elementor-size-default\">Willkommen bei Best Vision Immobiliare S.A.!<\/h3>\t\t\t\t<\/div>\n\t\t\t\t<\/div>\n\t\t\t\t<div class=\"elementor-element elementor-element-d0059d2 elementor-invisible elementor-widget elementor-widget-text-editor\" data-id=\"d0059d2\" data-element_type=\"widget\" data-e-type=\"widget\" data-settings=\"{&quot;_animation&quot;:&quot;fadeIn&quot;,&quot;_animation_delay&quot;:400}\" data-widget_type=\"text-editor.default\">\n\t\t\t\t<div class=\"elementor-widget-container\">\n\t\t\t\t\t\t\t\t\t<p>Sind Sie auf der Suche nach einer spannenden und rentablen Investitionsm\u00f6glichkeit in Immobilien? Hier sind Sie richtig. Bei <b>Best Vision Immobiliare<\/b> widmen wir uns der sorgf\u00e4ltigen Auswahl der besten Angebote f\u00fcr H\u00e4user, Wohnungen, Grundst\u00fccke und B\u00fcros und garantieren Ihnen Optionen, die perfekt auf Ihre Bed\u00fcrfnisse und W\u00fcnsche abgestimmt sind.<\/p>\n<p>In unserem Portfolio-Bereich finden Sie eine breite Palette sorgf\u00e4ltig ausgew\u00e4hlter Immobilien. Jede Option stellt eine einzigartige Investitionsm\u00f6glichkeit und einen Schritt in Richtung Ihrer Immobilienzukunft dar. M\u00f6chten Sie mehr wissen? Klicken Sie auf die Objekte, die Sie interessieren, und fordern Sie zus\u00e4tzliche Informationen an. Wir sind hier, um Ihre Immobilientr\u00e4ume in eine solide und aufregende Realit\u00e4t zu verwandeln. Entdecken Sie Ihre n\u00e4chste Investition mit <b>Best Vision Immobiliare S.A.!<\/b><\/p>\n\t\t\t\t\t\t\t\t<\/div>\n\t\t\t\t<\/div>\n\t\t\t\t<div class=\"elementor-element elementor-element-8d870f9 elementor-invisible elementor-widget elementor-widget-heading\" data-id=\"8d870f9\" data-element_type=\"widget\" data-e-type=\"widget\" data-settings=\"{&quot;_animation&quot;:&quot;fadeIn&quot;,&quot;_animation_delay&quot;:600}\" data-widget_type=\"heading.default\">\n\t\t\t\t<div class=\"elementor-widget-container\">\n\t\t\t\t\t<h3 class=\"elementor-heading-title elementor-size-default\">Was bieten wir?<\/h3>\t\t\t\t<\/div>\n\t\t\t\t<\/div>\n\t\t\t\t<div class=\"elementor-element elementor-element-1cb3a09 elementor-invisible elementor-widget elementor-widget-text-editor\" data-id=\"1cb3a09\" data-element_type=\"widget\" data-e-type=\"widget\" data-settings=\"{&quot;_animation&quot;:&quot;fadeIn&quot;,&quot;_animation_delay&quot;:800}\" data-widget_type=\"text-editor.default\">\n\t\t\t\t<div class=\"elementor-widget-container\">\n\t\t\t\t\t\t\t\t\t<p>Bei <b>Best Vision Immobiliare S.A.<\/b> bieten wir mehr als nur Immobilien; wir bieten Lebensm\u00f6glichkeiten und finanzielles Wachstum. Unsere Aufgabe ist klar: die besten Angebote auf dem Immobilienmarkt sorgf\u00e4ltig auszuw\u00e4hlen, wirkungsvoll zu pr\u00e4sentieren und zu verhandeln, die speziell auf die individuellen Bed\u00fcrfnisse unserer Kunden zugeschnitten sind.<\/p>\n<p>Wir sind darauf spezialisiert, hochwertige Immobilien zu finden, die anpassungsf\u00e4hig und flexibel sind und perfekt zu den individuellen Anforderungen jedes Kunden passen. Ganz gleich, ob Sie ein gem\u00fctliches Zuhause, inspirierende B\u00fcror\u00e4ume oder eine strategische Investition suchen, unsere Angebote werden sorgf\u00e4ltig ausgew\u00e4hlt, um sicherzustellen, dass sie Ihren Zielen und W\u00fcnschen entsprechen.<\/p>\n<p>Was wir anbieten, sind Investitionsm\u00f6glichkeiten mit au\u00dfergew\u00f6hnlichem Potenzial. Wir suchen nicht nur nach Immobilien, die einen starken Cashflow generieren, sondern auch nach solchen, die das Potenzial haben, ihren Wert im Laufe der Zeit erheblich zu steigern. Bei <b>Best Vision Immobiliare S.A.<\/b> finden Sie nicht nur einen Ort zum Leben oder Arbeiten, sondern auch eine solide Investition mit interessanten Wachstumsaussichten. Ihre immobilienwirtschaftliche Zukunft beginnt hier!<\/p>\n\t\t\t\t\t\t\t\t<\/div>\n\t\t\t\t<\/div>\n\t\t\t\t\t<\/div>\n\t\t<\/div>\n\t\t\t\t\t<\/div>\n\t\t<\/section>\n\t\t\t\t<section class=\"elementor-section elementor-top-section elementor-element elementor-element-e3ac589 elementor-section-boxed elementor-section-height-default elementor-section-height-default\" data-id=\"e3ac589\" data-element_type=\"section\" data-e-type=\"section\">\n\t\t\t\t\t\t<div class=\"elementor-container elementor-column-gap-default\">\n\t\t\t\t\t<div class=\"elementor-column elementor-col-50 elementor-top-column elementor-element elementor-element-2abb93a\" data-id=\"2abb93a\" data-element_type=\"column\" data-e-type=\"column\">\n\t\t\t<div class=\"elementor-widget-wrap elementor-element-populated\">\n\t\t\t\t\t\t<div class=\"elementor-element elementor-element-dfa87f3 elementor-invisible elementor-widget elementor-widget-heading\" data-id=\"dfa87f3\" data-element_type=\"widget\" data-e-type=\"widget\" data-settings=\"{&quot;_animation&quot;:&quot;fadeIn&quot;}\" data-widget_type=\"heading.default\">\n\t\t\t\t<div class=\"elementor-widget-container\">\n\t\t\t\t\t<h3 class=\"elementor-heading-title elementor-size-default\">Warum also Best Vision w\u00e4hlen?<\/h3>\t\t\t\t<\/div>\n\t\t\t\t<\/div>\n\t\t\t\t<div class=\"elementor-element elementor-element-e1c43c7 elementor-icon-list--layout-traditional elementor-list-item-link-full_width elementor-invisible elementor-widget elementor-widget-icon-list\" data-id=\"e1c43c7\" data-element_type=\"widget\" data-e-type=\"widget\" data-settings=\"{&quot;_animation&quot;:&quot;fadeIn&quot;,&quot;_animation_delay&quot;:200}\" data-widget_type=\"icon-list.default\">\n\t\t\t\t<div class=\"elementor-widget-container\">\n\t\t\t\t\t\t\t<ul class=\"elementor-icon-list-items\">\n\t\t\t\t\t\t\t<li class=\"elementor-icon-list-item\">\n\t\t\t\t\t\t\t\t\t\t\t<span class=\"elementor-icon-list-icon\">\n\t\t\t\t\t\t\t<i aria-hidden=\"true\" class=\"far fa-check-circle\"><\/i>\t\t\t\t\t\t<\/span>\n\t\t\t\t\t\t\t\t\t\t<span class=\"elementor-icon-list-text\">Hohe Qualit\u00e4t<\/span>\n\t\t\t\t\t\t\t\t\t<\/li>\n\t\t\t\t\t\t\t\t<li class=\"elementor-icon-list-item\">\n\t\t\t\t\t\t\t\t\t\t\t<span class=\"elementor-icon-list-icon\">\n\t\t\t\t\t\t\t<i aria-hidden=\"true\" class=\"far fa-check-circle\"><\/i>\t\t\t\t\t\t<\/span>\n\t\t\t\t\t\t\t\t\t\t<span class=\"elementor-icon-list-text\">Luxusresidenzen zum Kauf<\/span>\n\t\t\t\t\t\t\t\t\t<\/li>\n\t\t\t\t\t\t\t\t<li class=\"elementor-icon-list-item\">\n\t\t\t\t\t\t\t\t\t\t\t<span class=\"elementor-icon-list-icon\">\n\t\t\t\t\t\t\t<i aria-hidden=\"true\" class=\"far fa-check-circle\"><\/i>\t\t\t\t\t\t<\/span>\n\t\t\t\t\t\t\t\t\t\t<span class=\"elementor-icon-list-text\">Ann\u00e4herung und professionelle Dienstleistungen<\/span>\n\t\t\t\t\t\t\t\t\t<\/li>\n\t\t\t\t\t\t\t\t<li class=\"elementor-icon-list-item\">\n\t\t\t\t\t\t\t\t\t\t\t<span class=\"elementor-icon-list-icon\">\n\t\t\t\t\t\t\t<i aria-hidden=\"true\" class=\"far fa-check-circle\"><\/i>\t\t\t\t\t\t<\/span>\n\t\t\t\t\t\t\t\t\t\t<span class=\"elementor-icon-list-text\">Preisgestaltung und Investitionen<\/span>\n\t\t\t\t\t\t\t\t\t<\/li>\n\t\t\t\t\t\t\t\t<li class=\"elementor-icon-list-item\">\n\t\t\t\t\t\t\t\t\t\t\t<span class=\"elementor-icon-list-icon\">\n\t\t\t\t\t\t\t<i aria-hidden=\"true\" class=\"far fa-check-circle\"><\/i>\t\t\t\t\t\t<\/span>\n\t\t\t\t\t\t\t\t\t\t<span class=\"elementor-icon-list-text\">Ma\u00dfgeschneiderte L\u00f6sungen<\/span>\n\t\t\t\t\t\t\t\t\t<\/li>\n\t\t\t\t\t\t\t\t<li class=\"elementor-icon-list-item\">\n\t\t\t\t\t\t\t\t\t\t\t<span class=\"elementor-icon-list-icon\">\n\t\t\t\t\t\t\t<i aria-hidden=\"true\" class=\"far fa-check-circle\"><\/i>\t\t\t\t\t\t<\/span>\n\t\t\t\t\t\t\t\t\t\t<span class=\"elementor-icon-list-text\">Internationale Pr\u00e4senz<\/span>\n\t\t\t\t\t\t\t\t\t<\/li>\n\t\t\t\t\t\t\t\t<li class=\"elementor-icon-list-item\">\n\t\t\t\t\t\t\t\t\t\t\t<span class=\"elementor-icon-list-icon\">\n\t\t\t\t\t\t\t<i aria-hidden=\"true\" class=\"far fa-check-circle\"><\/i>\t\t\t\t\t\t<\/span>\n\t\t\t\t\t\t\t\t\t\t<span class=\"elementor-icon-list-text\">Finanzielle Einrichtungen<\/span>\n\t\t\t\t\t\t\t\t\t<\/li>\n\t\t\t\t\t\t<\/ul>\n\t\t\t\t\t\t<\/div>\n\t\t\t\t<\/div>\n\t\t\t\t\t<\/div>\n\t\t<\/div>\n\t\t\t\t<div class=\"elementor-column elementor-col-50 elementor-top-column elementor-element elementor-element-dd2de2c\" data-id=\"dd2de2c\" data-element_type=\"column\" data-e-type=\"column\">\n\t\t\t<div class=\"elementor-widget-wrap elementor-element-populated\">\n\t\t\t\t\t\t<div class=\"elementor-element elementor-element-6a9d5a4 elementor-invisible elementor-widget elementor-widget-image\" data-id=\"6a9d5a4\" data-element_type=\"widget\" data-e-type=\"widget\" data-settings=\"{&quot;_animation&quot;:&quot;fadeIn&quot;,&quot;_animation_delay&quot;:400}\" data-widget_type=\"image.default\">\n\t\t\t\t<div class=\"elementor-widget-container\">\n\t\t\t\t\t\t\t\t\t\t\t\t\t\t\t<img fetchpriority=\"high\" decoding=\"async\" width=\"1000\" height=\"667\" src=\"https:\/\/bestvision.immo\/wp-content\/uploads\/2023\/10\/landlord-unlocks-house-key-new-home-real-estate-agents-sales-agents-jpg.webp\" class=\"attachment-large size-large wp-image-20862\" alt=\"\" srcset=\"https:\/\/bestvision.immo\/wp-content\/uploads\/2023\/10\/landlord-unlocks-house-key-new-home-real-estate-agents-sales-agents-jpg.webp 1000w, https:\/\/bestvision.immo\/wp-content\/uploads\/2023\/10\/landlord-unlocks-house-key-new-home-real-estate-agents-sales-agents-300x200.webp 300w, https:\/\/bestvision.immo\/wp-content\/uploads\/2023\/10\/landlord-unlocks-house-key-new-home-real-estate-agents-sales-agents-768x512.webp 768w, https:\/\/bestvision.immo\/wp-content\/uploads\/2023\/10\/landlord-unlocks-house-key-new-home-real-estate-agents-sales-agents-900x600.webp 900w, https:\/\/bestvision.immo\/wp-content\/uploads\/2023\/10\/landlord-unlocks-house-key-new-home-real-estate-agents-sales-agents-496x331.webp 496w\" sizes=\"(max-width: 1000px) 100vw, 1000px\" \/>\t\t\t\t\t\t\t\t\t\t\t\t\t\t\t<\/div>\n\t\t\t\t<\/div>\n\t\t\t\t\t<\/div>\n\t\t<\/div>\n\t\t\t\t\t<\/div>\n\t\t<\/section>\n\t\t\t\t<\/div>\n\t\t","protected":false},"excerpt":{"rendered":"<p>Dienstleistungen Willkommen bei Best Vision Immobiliare S.A.! Sind Sie auf der Suche nach einer spannenden und rentablen Investitionsm\u00f6glichkeit in Immobilien? Hier sind Sie richtig. Bei Best Vision Immobiliare widmen wir uns der sorgf\u00e4ltigen Auswahl der besten Angebote f\u00fcr H\u00e4user, Wohnungen, Grundst\u00fccke und B\u00fcros und garantieren Ihnen Optionen, die perfekt auf Ihre Bed\u00fcrfnisse und W\u00fcnsche abgestimmt [&hellip;]<\/p>\n","protected":false},"author":1,"featured_media":0,"parent":0,"menu_order":0,"comment_status":"closed","ping_status":"closed","template":"template\/template-homepage.php","meta":{"footnotes":""},"class_list":["post-20997","page","type-page","status-publish","hentry"],"_links":{"self":[{"href":"https:\/\/bestvision.immo\/de\/wp-json\/wp\/v2\/pages\/20997","targetHints":{"allow":["GET"]}}],"collection":[{"href":"https:\/\/bestvision.immo\/de\/wp-json\/wp\/v2\/pages"}],"about":[{"href":"https:\/\/bestvision.immo\/de\/wp-json\/wp\/v2\/types\/page"}],"author":[{"embeddable":true,"href":"https:\/\/bestvision.immo\/de\/wp-json\/wp\/v2\/users\/1"}],"replies":[{"embeddable":true,"href":"https:\/\/bestvision.immo\/de\/wp-json\/wp\/v2\/comments?post=20997"}],"version-history":[{"count":6,"href":"https:\/\/bestvision.immo\/de\/wp-json\/wp\/v2\/pages\/20997\/revisions"}],"predecessor-version":[{"id":22022,"href":"https:\/\/bestvision.immo\/de\/wp-json\/wp\/v2\/pages\/20997\/revisions\/22022"}],"wp:attachment":[{"href":"https:\/\/bestvision.immo\/de\/wp-json\/wp\/v2\/media?parent=20997"}],"curies":[{"name":"wp","href":"https:\/\/api.w.org\/{rel}","templated":true}]}}