{"id":20913,"date":"2020-02-24T22:15:15","date_gmt":"2020-02-24T21:15:15","guid":{"rendered":"https:\/\/bestvision.immo\/ueber\/"},"modified":"2023-11-01T23:04:43","modified_gmt":"2023-11-01T22:04:43","slug":"ueber","status":"publish","type":"page","link":"https:\/\/bestvision.immo\/de\/ueber\/","title":{"rendered":"\u00dcber"},"content":{"rendered":"\t\t<div data-elementor-type=\"wp-page\" data-elementor-id=\"20913\" class=\"elementor elementor-20913 elementor-16650\">\n\t\t\t\t\t\t<section class=\"elementor-section elementor-top-section elementor-element elementor-element-5b81e21 elementor-section-height-min-height animated-slow elementor-section-boxed elementor-section-height-default elementor-section-items-middle elementor-invisible\" data-id=\"5b81e21\" data-element_type=\"section\" data-e-type=\"section\" data-settings=\"{&quot;animation&quot;:&quot;fadeIn&quot;}\">\n\t\t\t\t\t\t\t<div class=\"elementor-background-overlay\"><\/div>\n\t\t\t\t\t\t\t<div class=\"elementor-container elementor-column-gap-default\">\n\t\t\t\t\t<div class=\"elementor-column elementor-col-100 elementor-top-column elementor-element elementor-element-ad367f8\" data-id=\"ad367f8\" data-element_type=\"column\" data-e-type=\"column\">\n\t\t\t<div class=\"elementor-widget-wrap elementor-element-populated\">\n\t\t\t\t\t\t<div class=\"elementor-element elementor-element-0e7939f elementor-widget elementor-widget-heading\" data-id=\"0e7939f\" data-element_type=\"widget\" data-e-type=\"widget\" data-widget_type=\"heading.default\">\n\t\t\t\t<div class=\"elementor-widget-container\">\n\t\t\t\t\t<h1 class=\"elementor-heading-title elementor-size-default\">\u00dcber<\/h1>\t\t\t\t<\/div>\n\t\t\t\t<\/div>\n\t\t\t\t\t<\/div>\n\t\t<\/div>\n\t\t\t\t\t<\/div>\n\t\t<\/section>\n\t\t\t\t<section class=\"elementor-section elementor-top-section elementor-element elementor-element-09038dc elementor-section-height-min-height elementor-section-boxed elementor-section-height-default elementor-section-items-middle\" data-id=\"09038dc\" data-element_type=\"section\" data-e-type=\"section\" data-settings=\"{&quot;background_background&quot;:&quot;classic&quot;}\">\n\t\t\t\t\t\t<div class=\"elementor-container elementor-column-gap-default\">\n\t\t\t\t\t<div class=\"elementor-column elementor-col-50 elementor-top-column elementor-element elementor-element-c8278ac\" data-id=\"c8278ac\" data-element_type=\"column\" data-e-type=\"column\">\n\t\t\t<div class=\"elementor-widget-wrap elementor-element-populated\">\n\t\t\t\t\t\t<div class=\"elementor-element elementor-element-3271868 elementor-widget elementor-widget-spacer\" data-id=\"3271868\" data-element_type=\"widget\" data-e-type=\"widget\" data-widget_type=\"spacer.default\">\n\t\t\t\t<div class=\"elementor-widget-container\">\n\t\t\t\t\t\t\t<div class=\"elementor-spacer\">\n\t\t\t<div class=\"elementor-spacer-inner\"><\/div>\n\t\t<\/div>\n\t\t\t\t\t\t<\/div>\n\t\t\t\t<\/div>\n\t\t\t\t<div class=\"elementor-element elementor-element-b1162f9 elementor-widget elementor-widget-heading\" data-id=\"b1162f9\" data-element_type=\"widget\" data-e-type=\"widget\" data-widget_type=\"heading.default\">\n\t\t\t\t<div class=\"elementor-widget-container\">\n\t\t\t\t\t<h1 class=\"elementor-heading-title elementor-size-default\">Best Vision Immobiliare S.A.<\/h1>\t\t\t\t<\/div>\n\t\t\t\t<\/div>\n\t\t\t\t<div class=\"elementor-element elementor-element-69fe9b8 elementor-invisible elementor-widget elementor-widget-text-editor\" data-id=\"69fe9b8\" data-element_type=\"widget\" data-e-type=\"widget\" data-settings=\"{&quot;_animation&quot;:&quot;fadeIn&quot;,&quot;_animation_delay&quot;:200}\" data-widget_type=\"text-editor.default\">\n\t\t\t\t<div class=\"elementor-widget-container\">\n\t\t\t\t\t\t\t\t\t<p>Willkommen bei der <strong>Best Vision Group<\/strong>, einem f\u00fchrenden Unternehmen in der Unternehmenslandschaft, wo Exzellenz auf Vielfalt trifft. Wir sind viel mehr als eine Immobiliengesellschaft; wir sind ein dynamisches Konglomerat, das Finanzsektoren, Beratung und spezialisierte ICT-Dienstleistungen f\u00fcr den Finanz- und Immobilienmarkt abdeckt.<\/p>\n<p>In unserer Gruppe ist Synergie der Schl\u00fcssel. Durch strategische Zusammenarbeit und den Austausch von technischem Wissen gew\u00e4hrleisten wir au\u00dfergew\u00f6hnliche integrierte Dienstleistungen. Die Holding gibt die Leitlinien vor, so dass unsere Einheiten ihre operative Freiheit behalten, w\u00e4hrend wir zusammenarbeiten, um Ihnen synergetische L\u00f6sungen und bemerkenswerte Projekte anzubieten.<\/p>\n<p>Unser Ziel? Wir garantieren Ihnen nicht nur die besten Immobiliengesch\u00e4fte, sondern auch eine problemlose Erfahrung. Wir senken die Kosten, beschleunigen die Reaktion auf Marktver\u00e4nderungen und erzielen bemerkenswerte Gr\u00f6\u00dfenvorteile. Bei der <b>Best Vision Group<\/b> vereinen sich die Bereiche Verwaltung, Finanzwesen, Marketing und Immobilienverwaltung zu einem einzigartigen Service f\u00fcr Sie, unseren gesch\u00e4tzten Kunden. Entdecken Sie mit uns einen neuen Standard in der Immobilienwelt.<\/p>\n\t\t\t\t\t\t\t\t<\/div>\n\t\t\t\t<\/div>\n\t\t\t\t<div class=\"elementor-element elementor-element-89a95a6 elementor-widget elementor-widget-spacer\" data-id=\"89a95a6\" data-element_type=\"widget\" data-e-type=\"widget\" data-widget_type=\"spacer.default\">\n\t\t\t\t<div class=\"elementor-widget-container\">\n\t\t\t\t\t\t\t<div class=\"elementor-spacer\">\n\t\t\t<div class=\"elementor-spacer-inner\"><\/div>\n\t\t<\/div>\n\t\t\t\t\t\t<\/div>\n\t\t\t\t<\/div>\n\t\t\t\t\t<\/div>\n\t\t<\/div>\n\t\t\t\t<div class=\"elementor-column elementor-col-50 elementor-top-column elementor-element elementor-element-2b24619\" data-id=\"2b24619\" data-element_type=\"column\" data-e-type=\"column\">\n\t\t\t<div class=\"elementor-widget-wrap elementor-element-populated\">\n\t\t\t\t\t\t<div class=\"elementor-element elementor-element-6de7b26 elementor-invisible elementor-widget elementor-widget-image\" data-id=\"6de7b26\" data-element_type=\"widget\" data-e-type=\"widget\" data-settings=\"{&quot;_animation&quot;:&quot;fadeIn&quot;,&quot;_animation_delay&quot;:400}\" data-widget_type=\"image.default\">\n\t\t\t\t<div class=\"elementor-widget-container\">\n\t\t\t\t\t\t\t\t\t\t\t\t\t\t\t<img fetchpriority=\"high\" decoding=\"async\" width=\"1000\" height=\"667\" src=\"https:\/\/bestvision.immo\/wp-content\/uploads\/2023\/10\/broker-giving-keys-jpg.webp\" class=\"attachment-large size-large wp-image-20856\" alt=\"\" srcset=\"https:\/\/bestvision.immo\/wp-content\/uploads\/2023\/10\/broker-giving-keys-jpg.webp 1000w, https:\/\/bestvision.immo\/wp-content\/uploads\/2023\/10\/broker-giving-keys-300x200.webp 300w, https:\/\/bestvision.immo\/wp-content\/uploads\/2023\/10\/broker-giving-keys-768x512.webp 768w, https:\/\/bestvision.immo\/wp-content\/uploads\/2023\/10\/broker-giving-keys-900x600.webp 900w, https:\/\/bestvision.immo\/wp-content\/uploads\/2023\/10\/broker-giving-keys-496x331.webp 496w\" sizes=\"(max-width: 1000px) 100vw, 1000px\" \/>\t\t\t\t\t\t\t\t\t\t\t\t\t\t\t<\/div>\n\t\t\t\t<\/div>\n\t\t\t\t\t<\/div>\n\t\t<\/div>\n\t\t\t\t\t<\/div>\n\t\t<\/section>\n\t\t\t\t<section class=\"elementor-section elementor-top-section elementor-element elementor-element-3c27d0b elementor-section-boxed elementor-section-height-default elementor-section-height-default\" data-id=\"3c27d0b\" data-element_type=\"section\" data-e-type=\"section\" data-settings=\"{&quot;background_background&quot;:&quot;classic&quot;}\">\n\t\t\t\t\t\t<div class=\"elementor-container elementor-column-gap-default\">\n\t\t\t\t\t<div class=\"elementor-column elementor-col-100 elementor-top-column elementor-element elementor-element-e1b5b81\" data-id=\"e1b5b81\" data-element_type=\"column\" data-e-type=\"column\">\n\t\t\t<div class=\"elementor-widget-wrap elementor-element-populated\">\n\t\t\t\t\t\t<div class=\"elementor-element elementor-element-382fc6a elementor-widget elementor-widget-heading\" data-id=\"382fc6a\" data-element_type=\"widget\" data-e-type=\"widget\" data-widget_type=\"heading.default\">\n\t\t\t\t<div class=\"elementor-widget-container\">\n\t\t\t\t\t<h1 class=\"elementor-heading-title elementor-size-default\">Unser Partner<\/h1>\t\t\t\t<\/div>\n\t\t\t\t<\/div>\n\t\t\t\t<div class=\"elementor-element elementor-element-a25cc6c elementor-widget elementor-widget-image\" data-id=\"a25cc6c\" data-element_type=\"widget\" data-e-type=\"widget\" data-widget_type=\"image.default\">\n\t\t\t\t<div class=\"elementor-widget-container\">\n\t\t\t\t\t\t\t\t\t\t\t\t\t\t\t\t<a href=\"https:\/\/www.bhhspalazzoestate.com\/it\/\" target=\"_blank\">\n\t\t\t\t\t\t\t<img decoding=\"async\" width=\"1024\" height=\"813\" src=\"https:\/\/bestvision.immo\/wp-content\/uploads\/2023\/10\/REAL-ESTATE-PARTNER.jpg\" class=\"attachment-large size-large wp-image-21870\" alt=\"\" srcset=\"https:\/\/bestvision.immo\/wp-content\/uploads\/2023\/10\/REAL-ESTATE-PARTNER.jpg 1024w, https:\/\/bestvision.immo\/wp-content\/uploads\/2023\/10\/REAL-ESTATE-PARTNER-300x238.webp 300w, https:\/\/bestvision.immo\/wp-content\/uploads\/2023\/10\/REAL-ESTATE-PARTNER-768x610.webp 768w, https:\/\/bestvision.immo\/wp-content\/uploads\/2023\/10\/REAL-ESTATE-PARTNER-756x600.webp 756w, https:\/\/bestvision.immo\/wp-content\/uploads\/2023\/10\/REAL-ESTATE-PARTNER-496x394.webp 496w\" sizes=\"(max-width: 1024px) 100vw, 1024px\" \/>\t\t\t\t\t\t\t\t<\/a>\n\t\t\t\t\t\t\t\t\t\t\t\t\t\t\t<\/div>\n\t\t\t\t<\/div>\n\t\t\t\t\t<\/div>\n\t\t<\/div>\n\t\t\t\t\t<\/div>\n\t\t<\/section>\n\t\t\t\t<\/div>\n\t\t","protected":false},"excerpt":{"rendered":"<p>\u00dcber Best Vision Immobiliare S.A. Willkommen bei der Best Vision Group, einem f\u00fchrenden Unternehmen in der Unternehmenslandschaft, wo Exzellenz auf Vielfalt trifft. Wir sind viel mehr als eine Immobiliengesellschaft; wir sind ein dynamisches Konglomerat, das Finanzsektoren, Beratung und spezialisierte ICT-Dienstleistungen f\u00fcr den Finanz- und Immobilienmarkt abdeckt. In unserer Gruppe ist Synergie der Schl\u00fcssel. Durch strategische [&hellip;]<\/p>\n","protected":false},"author":1,"featured_media":0,"parent":0,"menu_order":0,"comment_status":"closed","ping_status":"closed","template":"template\/template-homepage.php","meta":{"footnotes":""},"class_list":["post-20913","page","type-page","status-publish","hentry"],"_links":{"self":[{"href":"https:\/\/bestvision.immo\/de\/wp-json\/wp\/v2\/pages\/20913","targetHints":{"allow":["GET"]}}],"collection":[{"href":"https:\/\/bestvision.immo\/de\/wp-json\/wp\/v2\/pages"}],"about":[{"href":"https:\/\/bestvision.immo\/de\/wp-json\/wp\/v2\/types\/page"}],"author":[{"embeddable":true,"href":"https:\/\/bestvision.immo\/de\/wp-json\/wp\/v2\/users\/1"}],"replies":[{"embeddable":true,"href":"https:\/\/bestvision.immo\/de\/wp-json\/wp\/v2\/comments?post=20913"}],"version-history":[{"count":9,"href":"https:\/\/bestvision.immo\/de\/wp-json\/wp\/v2\/pages\/20913\/revisions"}],"predecessor-version":[{"id":22014,"href":"https:\/\/bestvision.immo\/de\/wp-json\/wp\/v2\/pages\/20913\/revisions\/22014"}],"wp:attachment":[{"href":"https:\/\/bestvision.immo\/de\/wp-json\/wp\/v2\/media?parent=20913"}],"curies":[{"name":"wp","href":"https:\/\/api.w.org\/{rel}","templated":true}]}}